{"id":734785,"date":"2025-08-27T22:34:40","date_gmt":"2025-08-27T19:34:40","guid":{"rendered":"https:\/\/roveyayinevi.com.tr\/index.php\/urun\/karanlikta-anlatilacak-korkunc-oykuler-korkunc-oykuler-1\/"},"modified":"2026-04-16T02:42:50","modified_gmt":"2026-04-15T23:42:50","slug":"karanlikta-anlatilacak-korkunc-oykuler-korkunc-oykuler-1","status":"publish","type":"product","link":"https:\/\/roveyayinevi.com.tr\/index.php\/urun\/karanlikta-anlatilacak-korkunc-oykuler-korkunc-oykuler-1\/","title":{"rendered":"Karanl\u0131kta Anlat\u0131lacak Korkun\u00e7 \u00d6yk\u00fcler &#8211; Korkun\u00e7 \u00d6yk\u00fcler 1"},"content":{"rendered":"<p>\u201cBunlar \u015fahane atmosfere sahip, can al\u0131c\u0131 \u00f6yk\u00fcler!\u201d \u2013Guillermo del Toro   Korkun\u00e7 \u00d6yk\u00fcler serisinde halkbilimci Alvin Schwartz y\u00fczy\u0131llard\u0131r insanlar\u0131 her daim korkutan, dilden dile dola\u015fan ve farkl\u0131 yerlerde farkl\u0131 versiyonlar\u0131 bulunan t\u00fcyler \u00fcrpertici \u00f6yk\u00fcler ile \u015fehir efsanelerini kendine has tekinsiz \u00fcslubuyla yeniden anlat\u0131yor.    \u00dc\u00e7 cildin ilkinde, katilinden intikam alan bir hayalet, her gece bacas\u0131ndan a\u015fa\u011f\u0131 kesik bir kafa d\u00fc\u015fen lanetli bir ev, bir katilin dadand\u0131\u011f\u0131 bebek bak\u0131c\u0131s\u0131 ve ormanda geceleyen ki\u015fileri ka\u00e7\u0131ran k\u00f6t\u00fcc\u00fcl bir ruh ve daha fazla korkun\u00e7 \u00f6yk\u00fc anlat\u0131l\u0131yor.   Cesaretiniz varsa! <\/p>\n","protected":false},"excerpt":{"rendered":"<p>\u201cBunlar \u015fahane atmosfere sahip, can al\u0131c\u0131 \u00f6yk\u00fcler!\u201d \u2013Guillermo del Toro Korkun\u00e7 \u00d6yk\u00fcler serisinde halkbilimci Alvin Schwartz y\u00fczy\u0131llard\u0131r insanlar\u0131 her daim korkutan, dilden dile dola\u015fan ve farkl\u0131<span class=\"excerpt-hellip\"> [\u2026]<\/span><\/p>\n","protected":false},"featured_media":0,"template":"","meta":{"_monsterinsights_skip_tracking":false,"_monsterinsights_sitenote_active":false,"_monsterinsights_sitenote_note":"","_monsterinsights_sitenote_category":0},"product_brand":[],"product_cat":[12291,17033],"product_tag":[],"class_list":{"0":"post-734785","1":"product","2":"type-product","3":"status-publish","5":"product_cat-edebiyat","6":"product_cat-korku-gerilim","7":"pa_cilt-ciltsiz","8":"pa_tur-kitap","9":"pa_yayinevi-ithaki-yayinlari","10":"pa_yazar-alvin-schwartz","12":"first","13":"instock","14":"sale","15":"shipping-taxable","16":"purchasable","17":"product-type-simple"},"_links":{"self":[{"href":"https:\/\/roveyayinevi.com.tr\/index.php\/wp-json\/wp\/v2\/product\/734785","targetHints":{"allow":["GET"]}}],"collection":[{"href":"https:\/\/roveyayinevi.com.tr\/index.php\/wp-json\/wp\/v2\/product"}],"about":[{"href":"https:\/\/roveyayinevi.com.tr\/index.php\/wp-json\/wp\/v2\/types\/product"}],"wp:attachment":[{"href":"https:\/\/roveyayinevi.com.tr\/index.php\/wp-json\/wp\/v2\/media?parent=734785"}],"wp:term":[{"taxonomy":"product_brand","embeddable":true,"href":"https:\/\/roveyayinevi.com.tr\/index.php\/wp-json\/wp\/v2\/product_brand?post=734785"},{"taxonomy":"product_cat","embeddable":true,"href":"https:\/\/roveyayinevi.com.tr\/index.php\/wp-json\/wp\/v2\/product_cat?post=734785"},{"taxonomy":"product_tag","embeddable":true,"href":"https:\/\/roveyayinevi.com.tr\/index.php\/wp-json\/wp\/v2\/product_tag?post=734785"}],"curies":[{"name":"wp","href":"https:\/\/api.w.org\/{rel}","templated":true}]}}