{"id":734784,"date":"2025-08-27T22:34:38","date_gmt":"2025-08-27T19:34:38","guid":{"rendered":"https:\/\/roveyayinevi.com.tr\/index.php\/urun\/son-duello\/"},"modified":"2026-04-16T02:42:50","modified_gmt":"2026-04-15T23:42:50","slug":"son-duello","status":"publish","type":"product","link":"https:\/\/roveyayinevi.com.tr\/index.php\/urun\/son-duello\/","title":{"rendered":"Son D\u00fcello"},"content":{"rendered":"<p>Adam Driver, Jodie Comer, Matt Damon ve Ben Affleck&#8217;li kadrosuyla Ridley Scott&#8217;\u0131n ayn\u0131 adla uyarlad\u0131\u011f\u0131 eser: Son D\u00fcello   \u201cT\u00fcm d\u00fcellolara son veren d\u00fcello\u201dnun nefes kesen hik\u00e2yesi!   \u0130ngiltere ile Fransa aras\u0131ndaki y\u0131k\u0131c\u0131 ve uzun Y\u00fcz Y\u0131l Sava\u015flar\u0131 d\u00f6neminde, 1386 y\u0131l\u0131nda Paris\u2019te b\u00fcy\u00fck bir d\u00fcello ger\u00e7ekle\u015fti. Bir tarafta tecav\u00fcze u\u011frad\u0131\u011f\u0131n\u0131 iddia eden bir leydi ve bu iddian\u0131n hakl\u0131l\u0131\u011f\u0131 i\u00e7in d\u00f6v\u00fc\u015fecek olan e\u015fi \u015e\u00f6valye Jean de Carrouges, di\u011fer tarafta ise masum oldu\u011funda direten \u015f\u00fcpheli Jacques Le Gris. Kral\u0131n da aralar\u0131nda bulundu\u011fu kalabal\u0131k bir seyirci kitlesi \u00f6n\u00fcnde z\u0131rhlar\u0131, silahlar\u0131 ve iddialar\u0131yla kar\u015f\u0131 kar\u015f\u0131ya gelen d\u00f6v\u00fc\u015f\u00e7\u00fcler ise adalet sisteminde b\u00fcy\u00fck de\u011fi\u015fikli\u011fe yol a\u00e7acak bir olay\u0131n i\u00e7inde olduklar\u0131ndan habersizdiler.   Son derece karma\u015f\u0131k bir sosyal d\u00fczende adaleti, parlamento ve kral onay\u0131yla giri\u015fecekleri \u00f6l\u00fcm\u00fcne bir d\u00fcello yoluyla arayan bu \u00fc\u00e7 karakterin hik\u00e2yesi ger\u00e7ek bir su\u00e7 anlat\u0131s\u0131 olman\u0131n yan\u0131nda orta\u00e7a\u011f Fransa\u2019s\u0131nda derebeylik sistemi \u00fczerine de \u00f6zg\u00fcn bir bak\u0131\u015f i\u00e7eriyor.    Orta\u00e7a\u011f edebiyat\u0131 \u00fczerinde uzman Profes\u00f6r Eric Jager elyazmalar\u0131 ve sahadaki titiz ara\u015ft\u0131rmalar\u0131na dayanan eseriyle bu son d\u00fcelloyu, d\u00f6v\u00fc\u015f\u00e7\u00fcleri ve onlar\u0131 bu noktaya getiren olaylar zincirini eksiksiz bir de\u011ferlendirme ve kurguyla okura sunuyor.    \u201cBu gerilimli, kanl\u0131 hik\u00e2ye okuru tuza\u011fa d\u00fc\u015f\u00fcr\u00fcyor\u2026 Vah\u015fet ve y\u00fcksek seviyede siyasi manevralar, pop\u00fcler tarihin bu muhte\u015fem par\u00e7as\u0131na enerji kat\u0131yor.\u201d \u2013Kirkus Reviews <\/p>\n","protected":false},"excerpt":{"rendered":"<p>Adam Driver, Jodie Comer, Matt Damon ve Ben Affleck&#8217;li kadrosuyla Ridley Scott&#8217;\u0131n ayn\u0131 adla uyarlad\u0131\u011f\u0131 eser: Son D\u00fcello \u201cT\u00fcm d\u00fcellolara son veren d\u00fcello\u201dnun nefes kesen hik\u00e2yesi!<span class=\"excerpt-hellip\"> [\u2026]<\/span><\/p>\n","protected":false},"featured_media":0,"template":"","meta":{"_monsterinsights_skip_tracking":false,"_monsterinsights_sitenote_active":false,"_monsterinsights_sitenote_note":"","_monsterinsights_sitenote_category":0},"product_brand":[],"product_cat":[12291,12745],"product_tag":[],"class_list":{"0":"post-734784","1":"product","2":"type-product","3":"status-publish","5":"product_cat-edebiyat","6":"product_cat-tarihi-roman","7":"pa_cilt-ciltsiz","8":"pa_tur-kitap","9":"pa_yayinevi-ithaki-yayinlari","10":"pa_yazar-eric-jager","12":"first","13":"instock","14":"sale","15":"shipping-taxable","16":"purchasable","17":"product-type-simple"},"_links":{"self":[{"href":"https:\/\/roveyayinevi.com.tr\/index.php\/wp-json\/wp\/v2\/product\/734784","targetHints":{"allow":["GET"]}}],"collection":[{"href":"https:\/\/roveyayinevi.com.tr\/index.php\/wp-json\/wp\/v2\/product"}],"about":[{"href":"https:\/\/roveyayinevi.com.tr\/index.php\/wp-json\/wp\/v2\/types\/product"}],"wp:attachment":[{"href":"https:\/\/roveyayinevi.com.tr\/index.php\/wp-json\/wp\/v2\/media?parent=734784"}],"wp:term":[{"taxonomy":"product_brand","embeddable":true,"href":"https:\/\/roveyayinevi.com.tr\/index.php\/wp-json\/wp\/v2\/product_brand?post=734784"},{"taxonomy":"product_cat","embeddable":true,"href":"https:\/\/roveyayinevi.com.tr\/index.php\/wp-json\/wp\/v2\/product_cat?post=734784"},{"taxonomy":"product_tag","embeddable":true,"href":"https:\/\/roveyayinevi.com.tr\/index.php\/wp-json\/wp\/v2\/product_tag?post=734784"}],"curies":[{"name":"wp","href":"https:\/\/api.w.org\/{rel}","templated":true}]}}