{"id":734783,"date":"2025-08-27T22:34:37","date_gmt":"2025-08-27T19:34:37","guid":{"rendered":"https:\/\/roveyayinevi.com.tr\/index.php\/urun\/uzak-yarin\/"},"modified":"2026-04-16T02:42:50","modified_gmt":"2026-04-15T23:42:50","slug":"uzak-yarin","status":"publish","type":"product","link":"https:\/\/roveyayinevi.com.tr\/index.php\/urun\/uzak-yarin\/","title":{"rendered":"Uzak Yar\u0131n"},"content":{"rendered":"<p>Hugo En \u0130yi Roman \u00d6d\u00fcl\u00fc Aday\u0131   \u201cBrackett\u2019\u0131n a\u00e7\u0131k ara en iyi roman\u0131\u2026 harika bir bilimkurgu eseri.\u201d \u2013The New York Times   \u201cUzak Yar\u0131n muhte\u015fem bir kitap. T\u00fcr\u00fcn geli\u015fimi i\u00e7in inan\u0131lmaz bir s\u0131\u00e7rama.\u201d \u2013Nicola Griffith   \u201cBABAM BANA \u00d6YLE B\u0130R YER\u0130N OLMADI\u011eINI S\u00d6YLEM\u0130\u015eT\u0130. BARTORSTOWN\u2019UN SADECE B\u0130R F\u0130K\u0130R OLDU\u011eUNU S\u00d6YLEM\u0130\u015eT\u0130.\u201d   Ray Bradbury\u2019nin ak\u0131l hocas\u0131, Star Wars B\u00f6l\u00fcm V gibi klasikle\u015fen bir\u00e7ok filmin senaristi, 1940\u2019lar Amerika\u2019s\u0131nda kad\u0131nlara reva g\u00f6r\u00fclen hayat\u0131n \u00e7ok \u00f6tesine ge\u00e7erek hem Hollywood\u2019da hem de bilimkurgu d\u00fcnyas\u0131nda ad\u0131n\u0131 kan\u0131tlamaya \u00e7al\u0131\u015fan Leigh Brackett, d\u00f6neminin en cesur kalemlerinden. Uzak Yar\u0131n ise tasvir etti\u011fi Amerikan pastoral k\u0131yametiyle d\u00f6neminin ruh h\u00e2lini ve n\u00fckleer korkusunu sayfalar\u0131nda dolu dolu hissettiren bir kitap.   T\u00fcm d\u00fcnyay\u0131 mahveden ve \u015fehirleri yerle bir eden Y\u0131k\u0131m\u2019\u0131n ard\u0131ndan insanlar iki nesildir toparlanmaya \u00e7al\u0131\u015fmakta, sava\u015ftan ald\u0131klar\u0131 derslerle dindar bir hayat s\u00fcrmektedirler. Teknoloji, \u00f6zellikle de insan\u0131n kendi zanaat\u0131yla \u00fcretemeyece\u011fi teknoloji hem dinen hem de kanunen yasaklanm\u0131\u015f, merak Tanr\u0131\u2019ya \u015firk ko\u015fmakla e\u015fanlaml\u0131 h\u00e2le gelmi\u015ftir.   Len ve kuzeni Esau Colter b\u00fcy\u00fckannelerinden gizli gizli dinledikleri \u015fehir hik\u00e2yeleriyle b\u00fcy\u00fcm\u00fc\u015ft\u00fcr. Bir g\u00fcn g\u00f6zlerinin \u00f6n\u00fcnde yasakl\u0131 kasaba Bartorstown\u2019dan oldu\u011fu gerek\u00e7esiyle bir adam recmedildi\u011finde, merak\u0131n, \u00f6zg\u00fcr d\u00fc\u015f\u00fcncenin ve \u00f6zg\u00fcrl\u00fc\u011f\u00fcn g\u00fcnah say\u0131lan \u00e7ekicili\u011fine kendilerini kapt\u0131r\u0131rlar. \u00d6nlerindeki uzun yol zorluklarla dolu olsa da hem yeti\u015fkinli\u011fe hem de ger\u00e7e\u011fe ula\u015fmak bu yoldan ge\u00e7mektedir.   Uzak Yar\u0131n, insani ikilemlerde s\u0131n\u0131rlar\u0131n nerede \u00e7izilmemesi gerekti\u011finin b\u00fcy\u00fck bir hat\u0131rlat\u0131c\u0131s\u0131.   Pat Cadigan\u2019\u0131n sunumuyla <\/p>\n","protected":false},"excerpt":{"rendered":"<p>Hugo En \u0130yi Roman \u00d6d\u00fcl\u00fc Aday\u0131 \u201cBrackett\u2019\u0131n a\u00e7\u0131k ara en iyi roman\u0131\u2026 harika bir bilimkurgu eseri.\u201d \u2013The New York Times \u201cUzak Yar\u0131n muhte\u015fem bir kitap. T\u00fcr\u00fcn<span class=\"excerpt-hellip\"> [\u2026]<\/span><\/p>\n","protected":false},"featured_media":0,"template":"","meta":{"_monsterinsights_skip_tracking":false,"_monsterinsights_sitenote_active":false,"_monsterinsights_sitenote_note":"","_monsterinsights_sitenote_category":0},"product_brand":[],"product_cat":[12540,12291],"product_tag":[],"class_list":{"0":"post-734783","1":"product","2":"type-product","3":"status-publish","5":"product_cat-bilim-kurgu","6":"product_cat-edebiyat","7":"pa_cilt-ciltsiz","8":"pa_tur-kitap","9":"pa_yayinevi-ithaki-yayinlari","10":"pa_yazar-leigh-brackett","12":"first","13":"instock","14":"sale","15":"shipping-taxable","16":"purchasable","17":"product-type-simple"},"_links":{"self":[{"href":"https:\/\/roveyayinevi.com.tr\/index.php\/wp-json\/wp\/v2\/product\/734783","targetHints":{"allow":["GET"]}}],"collection":[{"href":"https:\/\/roveyayinevi.com.tr\/index.php\/wp-json\/wp\/v2\/product"}],"about":[{"href":"https:\/\/roveyayinevi.com.tr\/index.php\/wp-json\/wp\/v2\/types\/product"}],"wp:attachment":[{"href":"https:\/\/roveyayinevi.com.tr\/index.php\/wp-json\/wp\/v2\/media?parent=734783"}],"wp:term":[{"taxonomy":"product_brand","embeddable":true,"href":"https:\/\/roveyayinevi.com.tr\/index.php\/wp-json\/wp\/v2\/product_brand?post=734783"},{"taxonomy":"product_cat","embeddable":true,"href":"https:\/\/roveyayinevi.com.tr\/index.php\/wp-json\/wp\/v2\/product_cat?post=734783"},{"taxonomy":"product_tag","embeddable":true,"href":"https:\/\/roveyayinevi.com.tr\/index.php\/wp-json\/wp\/v2\/product_tag?post=734783"}],"curies":[{"name":"wp","href":"https:\/\/api.w.org\/{rel}","templated":true}]}}