{"id":734782,"date":"2025-08-27T22:34:36","date_gmt":"2025-08-27T19:34:36","guid":{"rendered":"https:\/\/roveyayinevi.com.tr\/index.php\/urun\/topraktan-donenler\/"},"modified":"2026-04-16T02:42:50","modified_gmt":"2026-04-15T23:42:50","slug":"topraktan-donenler","status":"publish","type":"product","link":"https:\/\/roveyayinevi.com.tr\/index.php\/urun\/topraktan-donenler\/","title":{"rendered":"Topraktan D\u00f6nenler"},"content":{"rendered":"<p>Ray Bradbury Bram Stoker En \u0130yi Roman \u00d6d\u00fcl\u00fc Aday\u0131   D\u00fcnya Fantazi En \u0130yi Roman \u00d6d\u00fcl\u00fc Aday\u0131   \u201cRay Bradbury olmasayd\u0131 Stephen King de olmazd\u0131.\u201d \u2013Stephen King   Fahrenheit 451, Mars Y\u0131ll\u0131klar\u0131 ve U\u011fursuz Bir \u015eey Geliyor Bu Yana gibi kitaplar\u0131yla spek\u00fclatif kurgunun her alan\u0131nda \u00f6l\u00fcms\u00fcz klasiklere imza atan Ray Bradbury\u2019nin 2001\u2019de yay\u0131mlanan eseri Topraktan D\u00f6nenler, k\u0131sa \u00f6yk\u00fclerin bir araya getirilmesiyle in\u015fa edilmi\u015f bir korku roman\u0131. Bradbury, Sonbahar \u00dclkesi\u2019yle de akraba metinlere ev sahipli\u011fi yapan bu kitab\u0131nda, ruhumuzu donduran \u00f6yk\u00fcleri kendine has s\u0131cakl\u0131\u011f\u0131yla kaleme almaya devam ediyor.   \u00d6nce \u201cEv\u201d vard\u0131, ard\u0131ndan asil kedi Anuba geldi. Onu, ba\u015fka zihinlere, ba\u015fka bedenlere yolculuk yapabilen Cecy izledi. Sonra bir \u00f6r\u00fcmcek ve bir fare. Ve elbette, o evdeki Aile \u00fcyelerine hi\u00e7 benzemeyen, \u00f6l\u00fcm soluyan hortlak ahalisinin ortas\u0131na ya\u015fam dolu bir aziz gibi d\u00fc\u015fen Timothy&#8230; Ard\u0131ndan anla\u015f\u0131ld\u0131 ki d\u00fcnya de\u011fi\u015fiyordu, \u00f6l\u00fcm ve korkularla kurulan ili\u015fkiler sars\u0131l\u0131yordu. \u00d6l\u00fcms\u00fcz varl\u0131klar\u0131n bu hayattaki yeri neresi olmal\u0131yd\u0131?   Topraktan geldi insan, peki topra\u011fa d\u00f6nd\u00fc m\u00fc? <\/p>\n","protected":false},"excerpt":{"rendered":"<p>Ray Bradbury Bram Stoker En \u0130yi Roman \u00d6d\u00fcl\u00fc Aday\u0131 D\u00fcnya Fantazi En \u0130yi Roman \u00d6d\u00fcl\u00fc Aday\u0131 \u201cRay Bradbury olmasayd\u0131 Stephen King de olmazd\u0131.\u201d \u2013Stephen King Fahrenheit<span class=\"excerpt-hellip\"> [\u2026]<\/span><\/p>\n","protected":false},"featured_media":0,"template":"","meta":{"_monsterinsights_skip_tracking":false,"_monsterinsights_sitenote_active":false,"_monsterinsights_sitenote_note":"","_monsterinsights_sitenote_category":0},"product_brand":[],"product_cat":[12291,17033],"product_tag":[],"class_list":{"0":"post-734782","1":"product","2":"type-product","3":"status-publish","5":"product_cat-edebiyat","6":"product_cat-korku-gerilim","7":"pa_cilt-ciltsiz","8":"pa_tur-kitap","9":"pa_yayinevi-ithaki-yayinlari","10":"pa_yazar-ray-bradbury","12":"first","13":"instock","14":"sale","15":"shipping-taxable","16":"purchasable","17":"product-type-simple"},"_links":{"self":[{"href":"https:\/\/roveyayinevi.com.tr\/index.php\/wp-json\/wp\/v2\/product\/734782","targetHints":{"allow":["GET"]}}],"collection":[{"href":"https:\/\/roveyayinevi.com.tr\/index.php\/wp-json\/wp\/v2\/product"}],"about":[{"href":"https:\/\/roveyayinevi.com.tr\/index.php\/wp-json\/wp\/v2\/types\/product"}],"wp:attachment":[{"href":"https:\/\/roveyayinevi.com.tr\/index.php\/wp-json\/wp\/v2\/media?parent=734782"}],"wp:term":[{"taxonomy":"product_brand","embeddable":true,"href":"https:\/\/roveyayinevi.com.tr\/index.php\/wp-json\/wp\/v2\/product_brand?post=734782"},{"taxonomy":"product_cat","embeddable":true,"href":"https:\/\/roveyayinevi.com.tr\/index.php\/wp-json\/wp\/v2\/product_cat?post=734782"},{"taxonomy":"product_tag","embeddable":true,"href":"https:\/\/roveyayinevi.com.tr\/index.php\/wp-json\/wp\/v2\/product_tag?post=734782"}],"curies":[{"name":"wp","href":"https:\/\/api.w.org\/{rel}","templated":true}]}}