{"id":734778,"date":"2025-08-27T22:34:31","date_gmt":"2025-08-27T19:34:31","guid":{"rendered":"https:\/\/roveyayinevi.com.tr\/index.php\/urun\/yaramaz-uzayli\/"},"modified":"2026-04-16T02:42:49","modified_gmt":"2026-04-15T23:42:49","slug":"yaramaz-uzayli","status":"publish","type":"product","link":"https:\/\/roveyayinevi.com.tr\/index.php\/urun\/yaramaz-uzayli\/","title":{"rendered":"Yaramaz Uzayl\u0131"},"content":{"rendered":"<p>Uzay\u0131n derinliklerinde, Bordabolos ad\u0131ndaki bir gezegende ya\u015fayan haylaz Pobi, gezegenin son teknoloji uzay arac\u0131na binip D\u00fcnya\u2019ya do\u011fru bir yolculu\u011fa \u00e7\u0131kar. Melis ve ailesinin \u00f6zenle haz\u0131rlad\u0131\u011f\u0131 yemek masas\u0131ndaki cac\u0131\u011fa cup diye d\u00fc\u015fmesiyle de macera ba\u015flar! Parmak kadar boyuyla istedi\u011fi her nesnenin yerine ge\u00e7ip onlar\u0131 hareket ettirebilen Pobi, du\u015f ba\u015fl\u0131\u011f\u0131ndan bisiklet tekerine kadar, \u00f6n\u00fcne gelen pek \u00e7ok nesneyi kontrol etmeye ba\u015flay\u0131nca i\u015fler kar\u0131\u015f\u0131r. Minik uzayl\u0131n\u0131n yaratt\u0131\u011f\u0131 karma\u015faya son vermek Uzay Polisi Zuziba, Melis ve ailesine d\u00fc\u015fecektir. Ama bunu ba\u015farmak hi\u00e7 de kolay olmayacakt\u0131r&#8230; \u00c7ok\u00e7a sevilen Bay Kaduf\u2019un Acayip Makinesi kitab\u0131n\u0131n yazar\u0131 Halil Fincan\u2019dan e\u011flence ve heyecan dolu bir kitap daha&#8230; Yaramaz uzayl\u0131 Pobi\u2019yle mutlaka tan\u0131\u015fmal\u0131s\u0131n\u0131z!<\/p>\n","protected":false},"excerpt":{"rendered":"<p>Uzay\u0131n derinliklerinde, Bordabolos ad\u0131ndaki bir gezegende ya\u015fayan haylaz Pobi, gezegenin son teknoloji uzay arac\u0131na binip D\u00fcnya\u2019ya do\u011fru bir yolculu\u011fa \u00e7\u0131kar. Melis ve ailesinin \u00f6zenle haz\u0131rlad\u0131\u011f\u0131 yemek<span class=\"excerpt-hellip\"> [\u2026]<\/span><\/p>\n","protected":false},"featured_media":0,"template":"","meta":{"_monsterinsights_skip_tracking":false,"_monsterinsights_sitenote_active":false,"_monsterinsights_sitenote_note":"","_monsterinsights_sitenote_category":0},"product_brand":[],"product_cat":[12275,12274],"product_tag":[],"class_list":{"0":"post-734778","1":"product","2":"type-product","3":"status-publish","5":"product_cat-6-12-yas-kitaplari","6":"product_cat-cocuk-ve-genclik-kitaplari","7":"pa_cilt-ciltsiz","8":"pa_tur-kitap","9":"pa_yayinevi-ithaki-yayinlari","10":"pa_yazar-halil-fincan","12":"first","13":"instock","14":"sale","15":"shipping-taxable","16":"purchasable","17":"product-type-simple"},"_links":{"self":[{"href":"https:\/\/roveyayinevi.com.tr\/index.php\/wp-json\/wp\/v2\/product\/734778","targetHints":{"allow":["GET"]}}],"collection":[{"href":"https:\/\/roveyayinevi.com.tr\/index.php\/wp-json\/wp\/v2\/product"}],"about":[{"href":"https:\/\/roveyayinevi.com.tr\/index.php\/wp-json\/wp\/v2\/types\/product"}],"wp:attachment":[{"href":"https:\/\/roveyayinevi.com.tr\/index.php\/wp-json\/wp\/v2\/media?parent=734778"}],"wp:term":[{"taxonomy":"product_brand","embeddable":true,"href":"https:\/\/roveyayinevi.com.tr\/index.php\/wp-json\/wp\/v2\/product_brand?post=734778"},{"taxonomy":"product_cat","embeddable":true,"href":"https:\/\/roveyayinevi.com.tr\/index.php\/wp-json\/wp\/v2\/product_cat?post=734778"},{"taxonomy":"product_tag","embeddable":true,"href":"https:\/\/roveyayinevi.com.tr\/index.php\/wp-json\/wp\/v2\/product_tag?post=734778"}],"curies":[{"name":"wp","href":"https:\/\/api.w.org\/{rel}","templated":true}]}}