{"id":734776,"date":"2025-08-27T22:34:30","date_gmt":"2025-08-27T19:34:30","guid":{"rendered":"https:\/\/roveyayinevi.com.tr\/index.php\/urun\/uluslararasi-iktisatta-guncel-sorunlara-yeni-yaklasimlar\/"},"modified":"2026-04-16T02:42:49","modified_gmt":"2026-04-15T23:42:49","slug":"uluslararasi-iktisatta-guncel-sorunlara-yeni-yaklasimlar","status":"publish","type":"product","link":"https:\/\/roveyayinevi.com.tr\/index.php\/urun\/uluslararasi-iktisatta-guncel-sorunlara-yeni-yaklasimlar\/","title":{"rendered":"Uluslararas\u0131 \u0130ktisatta G\u00fcncel Sorunlara Yeni Yakla\u015f\u0131mlar"},"content":{"rendered":"<p>1.      Avrupa birli\u011fi \u00fclkelerinde yenilenebilir enerji t\u00fcketimi, finansal geli\u015fme, ticari a\u00e7iklik ve do\u011frudan yabanci sermaye giri\u015fi arasindaki nedensellik ili\u015fkisi 2.      K\u00fcresel inovasyon endeksi ba\u011flaminda t\u00fcrkiye\u2019nin b\u00fcy\u00fcme ve di\u015f ticaret performansi 3.      Di\u015f ticaret politikasi araci olarak men\u015fe kurallari ve \u00f6nemi 4.      \u0130klim de\u011fi\u015fikli\u011fi ve uluslararasi ticaret \u00fczerine bir zaman serisi analizi 5.      \u0130ktisadi dalgalanmalarin uluslararasi yayilimi 6.      Covid-19 salgini ve reg\u00fclasyon s\u00fcre\u00e7lerinin uluslararasi ticarete etkileri: brics \u00f6rne\u011fi 7.      Covid-19 pandemi d\u00f6neminde dijitalle\u015fme uygulamalari ve uluslararasi ticaret: kolay ihracat platformu \u00f6rne\u011fi 8.      Enerji sekt\u00f6r\u00fcnde rekabet g\u00fcc\u00fc analizi: ab \u00fclkeleri ve t\u00fcrkiye \u00f6rne\u011fi 9.      T\u00fcrkiye\u2019de cari denge, kredi geni\u015flemesi ve ekonomik b\u00fcy\u00fcme ili\u015fkisi 10.  Brics \u00fclkeleri imalat sanayisinde dikey uzmanla\u015fma: girdi-\u00e7ikti analizi 11.  Asimetrik garch modeller ile oynaklik analizi: altin piyasasinda bir uygulama 12.  Veri g\u00fcd\u00fcml\u00fc ekonomi: genel baki\u015f 13.  K\u00fcresel ekonomideki eksen kaymasinin b\u00fcy\u00fck spor turnuvalarindaki sponsor firmalar \u00fczerinden analizi 14.  D\u00f6viz kurunun do\u011frudan yabanci yatirim giri\u015fleri \u00fczerindeki etkisi: geli\u015fmekte olan \u00fclkeler i\u00e7in ampirik bir analiz 15.  G7 \u00fclkelerinin ihracat yo\u011funla\u015fma analizleri 16.  T\u00fcrkiye\u2019nin medikal \u00fcr\u00fcn ihracatinin co\u011frafi yo\u011funla\u015fma analizi 17.  Asya kaplanlarinin a\u00e7iklanmi\u015f kar\u015fila\u015ftirmali \u00fcst\u00fcnl\u00fckleri ve rekabet g\u00fcc\u00fc: 2000-2019 d\u00f6nemi i\u00e7in bir durum \u00e7ali\u015fmasi Hizin krizinden yava\u015flamaya: hizli moda<\/p>\n","protected":false},"excerpt":{"rendered":"<p>1. Avrupa birli\u011fi \u00fclkelerinde yenilenebilir enerji t\u00fcketimi, finansal geli\u015fme, ticari a\u00e7iklik ve do\u011frudan yabanci sermaye giri\u015fi arasindaki nedensellik ili\u015fkisi 2. K\u00fcresel inovasyon endeksi ba\u011flaminda t\u00fcrkiye\u2019nin b\u00fcy\u00fcme<span class=\"excerpt-hellip\"> [\u2026]<\/span><\/p>\n","protected":false},"featured_media":0,"template":"","meta":{"_monsterinsights_skip_tracking":false,"_monsterinsights_sitenote_active":false,"_monsterinsights_sitenote_note":"","_monsterinsights_sitenote_category":0},"product_brand":[],"product_cat":[14841,13043],"product_tag":[],"class_list":{"0":"post-734776","1":"product","2":"type-product","3":"status-publish","5":"product_cat-arastirma-inceleme-kuram","6":"product_cat-ekonomi","7":"pa_cilt-ciltsiz","8":"pa_tur-kitap","9":"pa_yayinevi-gazi-kitabevi","10":"pa_yazar-birol-erkan-cebrail-telek","12":"first","13":"instock","14":"sale","15":"shipping-taxable","16":"purchasable","17":"product-type-simple"},"_links":{"self":[{"href":"https:\/\/roveyayinevi.com.tr\/index.php\/wp-json\/wp\/v2\/product\/734776","targetHints":{"allow":["GET"]}}],"collection":[{"href":"https:\/\/roveyayinevi.com.tr\/index.php\/wp-json\/wp\/v2\/product"}],"about":[{"href":"https:\/\/roveyayinevi.com.tr\/index.php\/wp-json\/wp\/v2\/types\/product"}],"wp:attachment":[{"href":"https:\/\/roveyayinevi.com.tr\/index.php\/wp-json\/wp\/v2\/media?parent=734776"}],"wp:term":[{"taxonomy":"product_brand","embeddable":true,"href":"https:\/\/roveyayinevi.com.tr\/index.php\/wp-json\/wp\/v2\/product_brand?post=734776"},{"taxonomy":"product_cat","embeddable":true,"href":"https:\/\/roveyayinevi.com.tr\/index.php\/wp-json\/wp\/v2\/product_cat?post=734776"},{"taxonomy":"product_tag","embeddable":true,"href":"https:\/\/roveyayinevi.com.tr\/index.php\/wp-json\/wp\/v2\/product_tag?post=734776"}],"curies":[{"name":"wp","href":"https:\/\/api.w.org\/{rel}","templated":true}]}}