{"id":734775,"date":"2025-08-27T22:34:29","date_gmt":"2025-08-27T19:34:29","guid":{"rendered":"https:\/\/roveyayinevi.com.tr\/index.php\/urun\/duygusal-zekanin-is-performansi-uzerindeki-etkisi\/"},"modified":"2026-04-16T02:42:49","modified_gmt":"2026-04-15T23:42:49","slug":"duygusal-zekanin-is-performansi-uzerindeki-etkisi","status":"publish","type":"product","link":"https:\/\/roveyayinevi.com.tr\/index.php\/urun\/duygusal-zekanin-is-performansi-uzerindeki-etkisi\/","title":{"rendered":"Duygusal Zekan\u0131n \u0130\u015f Performans\u0131 \u00dczerindeki Etkisi"},"content":{"rendered":"<p>1.      Birinci B\u00f6l\u00fcm 1.1.   Duygusal Zek\u00e2 Kavram\u0131 ve Tarihsel Geli\u015fimi 2.      \u0130kinci B\u00f6l\u00fcm 2.1.   Duygusal Zek\u00e2 Modelleri ve Boyutlar\u0131 2.2.   Duygusal Zek\u00e2n\u0131n Unsurlar\u0131 2.3.   Duygusal Zek\u00e2n\u0131n \u00d6rg\u00fctsel A\u00e7\u0131dan \u00d6nemi 3.      \u00dc\u00e7\u00fcnc\u00fc B\u00f6l\u00fcm 3.1.   Duygusal Zek\u00e2 ve \u0130\u015f Performans\u0131 <\/p>\n","protected":false},"excerpt":{"rendered":"<p>1. Birinci B\u00f6l\u00fcm 1.1. Duygusal Zek\u00e2 Kavram\u0131 ve Tarihsel Geli\u015fimi 2. \u0130kinci B\u00f6l\u00fcm 2.1. Duygusal Zek\u00e2 Modelleri ve Boyutlar\u0131 2.2. Duygusal Zek\u00e2n\u0131n Unsurlar\u0131 2.3. Duygusal Zek\u00e2n\u0131n<span class=\"excerpt-hellip\"> [\u2026]<\/span><\/p>\n","protected":false},"featured_media":0,"template":"","meta":{"_monsterinsights_skip_tracking":false,"_monsterinsights_sitenote_active":false,"_monsterinsights_sitenote_note":"","_monsterinsights_sitenote_category":0},"product_brand":[],"product_cat":[13043,19008],"product_tag":[],"class_list":{"0":"post-734775","1":"product","2":"type-product","3":"status-publish","5":"product_cat-ekonomi","6":"product_cat-yonetim","7":"pa_cilt-ciltsiz","8":"pa_tur-kitap","9":"pa_yayinevi-gazi-kitabevi","10":"pa_yazar-yesim-avunduk","12":"first","13":"instock","14":"sale","15":"shipping-taxable","16":"purchasable","17":"product-type-simple"},"_links":{"self":[{"href":"https:\/\/roveyayinevi.com.tr\/index.php\/wp-json\/wp\/v2\/product\/734775","targetHints":{"allow":["GET"]}}],"collection":[{"href":"https:\/\/roveyayinevi.com.tr\/index.php\/wp-json\/wp\/v2\/product"}],"about":[{"href":"https:\/\/roveyayinevi.com.tr\/index.php\/wp-json\/wp\/v2\/types\/product"}],"wp:attachment":[{"href":"https:\/\/roveyayinevi.com.tr\/index.php\/wp-json\/wp\/v2\/media?parent=734775"}],"wp:term":[{"taxonomy":"product_brand","embeddable":true,"href":"https:\/\/roveyayinevi.com.tr\/index.php\/wp-json\/wp\/v2\/product_brand?post=734775"},{"taxonomy":"product_cat","embeddable":true,"href":"https:\/\/roveyayinevi.com.tr\/index.php\/wp-json\/wp\/v2\/product_cat?post=734775"},{"taxonomy":"product_tag","embeddable":true,"href":"https:\/\/roveyayinevi.com.tr\/index.php\/wp-json\/wp\/v2\/product_tag?post=734775"}],"curies":[{"name":"wp","href":"https:\/\/api.w.org\/{rel}","templated":true}]}}