{"id":734774,"date":"2025-08-27T22:34:28","date_gmt":"2025-08-27T19:34:28","guid":{"rendered":"https:\/\/roveyayinevi.com.tr\/index.php\/urun\/caglar-boyu-goc\/"},"modified":"2026-04-16T02:42:49","modified_gmt":"2026-04-15T23:42:49","slug":"caglar-boyu-goc","status":"publish","type":"product","link":"https:\/\/roveyayinevi.com.tr\/index.php\/urun\/caglar-boyu-goc\/","title":{"rendered":"\u00c7a\u011flar Boyu G\u00f6\u00e7"},"content":{"rendered":"<p>1.      CO\u011eRAFYA KADER DE\u011e\u0130LD\u0130R: G\u00d6\u00c7 OLGUSU 2.      B\u0130R G\u00d6\u00c7 EDEB\u0130YATI OLARAK KLAS\u0130K T\u00dcRK \u015e\u0130\u0130R\u0130 3.      HORASAN\u2019DAN TARSUS\u2019A T\u00dcRK G\u00d6\u00c7LERI (VIII.-X. Y\u00dcZYILLAR) 4.      G\u00d6\u00c7EREVL\u0130 NOGAYLARDA G\u00dcNDEL\u0130K HAYAT 5.      1828-1829 OSMANLI-RUS HARB\u0130\u2019NDE OSMANLI TEBAASININ RUSYA\u2019YA G\u00d6\u00c7\u00dcR\u00dcLMES\u0130NE Y\u00d6NEL\u0130K PROPAGANDALAR 6.      KIRIM TATARLARININ MARUZ KALDI\u011eI G\u00d6\u00c7 VE S\u00dcRG\u00dcNLER 7.      OSMANLI DEVLET\u0130\u2019NDE G\u00d6\u00c7, \u0130SK\u00c2N VE ASAY\u0130\u015e (1861-1909) 8.      \u00c7E\u00c7ENLER\u0130N OSMANLI TOPRAKLARINA G\u00d6\u00c7\u00dc: S\u00dcRG\u00dcN VE \u0130SK\u00c2N 9.      B\u0130R\u0130NC\u0130 D\u00dcNYA SAVA\u015eI\u2019NDA B\u0130TL\u0130S M\u00dcLTEC\u0130LER\u0130 10.  AVUSTURYA AR\u015e\u0130V BELGELER\u0130NDE ERMEN\u0130 TEHC\u0130R\u0130 11.  B\u0130R G\u00d6\u00c7\u00dcN H\u0130K\u00c2YES\u0130: STRUMA (1942) 12.  AVRUPA B\u0130RL\u0130\u011e\u0130 G\u00d6\u00c7 POL\u0130T\u0130KALARI: YEN\u0130L\u0130K\u00c7\u0130, B\u00dcT\u00dcNLE\u015e\u0130K VE \u0130\u015eB\u0130RL\u0130K\u00c7\u0130 B\u0130R YAKLA\u015eIM 13.  G\u00d6\u00c7 HAREKETLER\u0130 S\u00dcREC\u0130NDE DE\u011e\u0130\u015eEN VE GEL\u0130\u015eEN \u0130LET\u0130\u015e\u0130M EYLEMLER\u0130 14.  G\u00d6\u00c7\u00dcN G\u00dcVENL\u0130KLE\u015eT\u0130R\u0130LMES\u0130 VE FRONTEX OPERASYONLARI 15.  T\u00dcRK\u0130YE\u2019DE G\u00d6\u00c7\u00dcN Y\u00d6NET\u0130M\u0130 VE \u00d6RG\u00dcTLENMES\u0130 16.  G\u00d6\u00c7 POL\u0130T\u0130KALARI A\u00c7ISINDAN SUR\u0130YEL\u0130 SI\u011eINMACILARIN ENTEGRASYONU \u00dcZER\u0130NE B\u0130R \u0130NCELEME 17.  ALMANYA\u2019NIN VE T\u00dcRK\u0130YE\u2019N\u0130N \u201cM\u0130SAF\u0130RLER\u0130\u201d 18.  CUMHUR\u0130YET\u2019TEN G\u00dcN\u00dcM\u00dcZE K\u0130L\u0130S\u2019TE G\u00d6\u00c7 VE D\u0130NAM\u0130KLER\u0130 19.  B\u0130R SINIR KENT\u0130NDE K\u0130TLESEL G\u00d6\u00c7\u00dcN TOPLUMSAL ETK\u0130LER\u0130: HATAY DENEY\u0130M\u0130 20.  KADINLARIN SUR\u0130YE\u2019DE YA\u015eADIKLARI ANTAKYA\u2019DA DENEY\u0130MLED\u0130KLER\u0130: G\u00d6\u00c7, KAMUSAL ALAN, SA\u011eLIK VE TOPLUMSAL C\u0130NS\u0130YET 21.  SUR\u0130YEL\u0130 BAYIR-BUCAK T\u00dcRKMENLER\u0130N\u0130N YAYLADA\u011eI\u2019NDA MEK\u00c2NSAL DA\u011eILI\u015eLARI VE K\u00dcLT\u00dcREL ANAL\u0130Z\u0130 22.  SUR\u0130YEL\u0130 FEN B\u0130LG\u0130S\u0130 \u00d6\u011eRETMEN ADAYLARININ B\u0130YOLOJ\u0130 DERS\u0130N\u0130 \u00d6\u011eRENMEDE KAR\u015eILA\u015eTIKLARI SORUNLAR: HATAY MUSTAFA KEMAL \u00dcN\u0130VERS\u0130TES\u0130 \u00d6RNE\u011e\u0130 SUR\u0130YEL\u0130 SI\u011eINMACILARIN ENTEGRASYONU \u00dcZER\u0130NE B\u0130R \u0130NCELEME: ANTAKYA MESLEK Y\u00dcKSEKOKULU<\/p>\n","protected":false},"excerpt":{"rendered":"<p>1. CO\u011eRAFYA KADER DE\u011e\u0130LD\u0130R: G\u00d6\u00c7 OLGUSU 2. B\u0130R G\u00d6\u00c7 EDEB\u0130YATI OLARAK KLAS\u0130K T\u00dcRK \u015e\u0130\u0130R\u0130 3. HORASAN\u2019DAN TARSUS\u2019A T\u00dcRK G\u00d6\u00c7LERI (VIII.-X. Y\u00dcZYILLAR) 4. G\u00d6\u00c7EREVL\u0130 NOGAYLARDA G\u00dcNDEL\u0130K HAYAT<span class=\"excerpt-hellip\"> [\u2026]<\/span><\/p>\n","protected":false},"featured_media":0,"template":"","meta":{"_monsterinsights_skip_tracking":false,"_monsterinsights_sitenote_active":false,"_monsterinsights_sitenote_note":"","_monsterinsights_sitenote_category":0},"product_brand":[],"product_cat":[74169,88527],"product_tag":[],"class_list":{"0":"post-734774","1":"product","2":"type-product","3":"status-publish","5":"product_cat-cografya","6":"product_cat-dunya-cografyasi","7":"pa_cilt-ciltsiz","8":"pa_tur-kitap","9":"pa_yayinevi-gazi-kitabevi","10":"pa_yazar-isa-kalayci-gokhan-kalmis","12":"first","13":"instock","14":"sale","15":"shipping-taxable","16":"purchasable","17":"product-type-simple"},"_links":{"self":[{"href":"https:\/\/roveyayinevi.com.tr\/index.php\/wp-json\/wp\/v2\/product\/734774","targetHints":{"allow":["GET"]}}],"collection":[{"href":"https:\/\/roveyayinevi.com.tr\/index.php\/wp-json\/wp\/v2\/product"}],"about":[{"href":"https:\/\/roveyayinevi.com.tr\/index.php\/wp-json\/wp\/v2\/types\/product"}],"wp:attachment":[{"href":"https:\/\/roveyayinevi.com.tr\/index.php\/wp-json\/wp\/v2\/media?parent=734774"}],"wp:term":[{"taxonomy":"product_brand","embeddable":true,"href":"https:\/\/roveyayinevi.com.tr\/index.php\/wp-json\/wp\/v2\/product_brand?post=734774"},{"taxonomy":"product_cat","embeddable":true,"href":"https:\/\/roveyayinevi.com.tr\/index.php\/wp-json\/wp\/v2\/product_cat?post=734774"},{"taxonomy":"product_tag","embeddable":true,"href":"https:\/\/roveyayinevi.com.tr\/index.php\/wp-json\/wp\/v2\/product_tag?post=734774"}],"curies":[{"name":"wp","href":"https:\/\/api.w.org\/{rel}","templated":true}]}}