{"id":734773,"date":"2025-08-27T22:34:27","date_gmt":"2025-08-27T19:34:27","guid":{"rendered":"https:\/\/roveyayinevi.com.tr\/index.php\/urun\/oykulerin-izinde-smyrnadan-izmire-2\/"},"modified":"2026-04-16T02:42:49","modified_gmt":"2026-04-15T23:42:49","slug":"oykulerin-izinde-smyrnadan-izmire-2","status":"publish","type":"product","link":"https:\/\/roveyayinevi.com.tr\/index.php\/urun\/oykulerin-izinde-smyrnadan-izmire-2\/","title":{"rendered":"\u00d6yk\u00fclerin \u0130zinde Smyrna&#8217;dan \u0130zmir&#8217;e"},"content":{"rendered":"<p>\u201cAfacanlar Mahallesi\u201d \u00e7ocuklar\u0131 bir araya gelerek g\u00fcn\u00fcm\u00fcze kadar ula\u015fan kal\u0131nt\u0131lar\u0131yla \u0130zmir\u2019in ilk yerle\u015fim yeri Ye\u015filova\u2019dan Bayrakl\u0131 Tepekule\u2019ye, Kadifekale\u2019den kent merkezine Homeros\u2019un \u201cg\u00f6k kubbe alt\u0131ndaki en g\u00fczel \u015fehir\u201d olarak tasvir etti\u011fi Smyrna\u2019y\u0131 deneyimli rehber Sara Pardo e\u015fli\u011finde tan\u0131yorlar. Resimleriyle bir \u00e7izgi roman havas\u0131n\u0131 ta\u015f\u0131yan ve yer yer foto\u011fraflar\u0131n da yer ald\u0131\u011f\u0131 \u00d6yk\u00fclerin \u0130zinde Smyrna\u2019dan \u0130zmir\u2019e, kent tarihini e\u011flenceli bir \u015fekilde ele al\u0131yor.Binlerce y\u0131l \u00f6ncesinden, g\u00fczel k\u0131y\u0131lar\u0131na ve bereketli topraklar\u0131na farkl\u0131 farkl\u0131 kavimlerin gelerek yerle\u015fti\u011fi, her kavimin kendi k\u00fclt\u00fcr\u00fcnden izler b\u0131rakt\u0131\u011f\u0131, din, dil, \u0131rk fark\u0131 g\u00f6zetmeksizin \u00e7a\u011flardan bu yana insanlar\u0131n bir arada ya\u015fad\u0131\u011f\u0131 \u0130zmir\u2019in binlerce y\u0131ll\u0131k hik\u00e2yesi\u2026<\/p>\n","protected":false},"excerpt":{"rendered":"<p>\u201cAfacanlar Mahallesi\u201d \u00e7ocuklar\u0131 bir araya gelerek g\u00fcn\u00fcm\u00fcze kadar ula\u015fan kal\u0131nt\u0131lar\u0131yla \u0130zmir\u2019in ilk yerle\u015fim yeri Ye\u015filova\u2019dan Bayrakl\u0131 Tepekule\u2019ye, Kadifekale\u2019den kent merkezine Homeros\u2019un \u201cg\u00f6k kubbe alt\u0131ndaki en g\u00fczel<span class=\"excerpt-hellip\"> [\u2026]<\/span><\/p>\n","protected":false},"featured_media":0,"template":"","meta":{"_monsterinsights_skip_tracking":false,"_monsterinsights_sitenote_active":false,"_monsterinsights_sitenote_note":"","_monsterinsights_sitenote_category":0},"product_brand":[],"product_cat":[12275,12274],"product_tag":[],"class_list":{"0":"post-734773","1":"product","2":"type-product","3":"status-publish","5":"product_cat-6-12-yas-kitaplari","6":"product_cat-cocuk-ve-genclik-kitaplari","7":"pa_cilt-ciltsiz","8":"pa_tur-kitap","9":"pa_yayinevi-desen-yayinlari","10":"pa_yazar-sara-pardo","12":"first","13":"instock","14":"sale","15":"shipping-taxable","16":"purchasable","17":"product-type-simple"},"_links":{"self":[{"href":"https:\/\/roveyayinevi.com.tr\/index.php\/wp-json\/wp\/v2\/product\/734773","targetHints":{"allow":["GET"]}}],"collection":[{"href":"https:\/\/roveyayinevi.com.tr\/index.php\/wp-json\/wp\/v2\/product"}],"about":[{"href":"https:\/\/roveyayinevi.com.tr\/index.php\/wp-json\/wp\/v2\/types\/product"}],"wp:attachment":[{"href":"https:\/\/roveyayinevi.com.tr\/index.php\/wp-json\/wp\/v2\/media?parent=734773"}],"wp:term":[{"taxonomy":"product_brand","embeddable":true,"href":"https:\/\/roveyayinevi.com.tr\/index.php\/wp-json\/wp\/v2\/product_brand?post=734773"},{"taxonomy":"product_cat","embeddable":true,"href":"https:\/\/roveyayinevi.com.tr\/index.php\/wp-json\/wp\/v2\/product_cat?post=734773"},{"taxonomy":"product_tag","embeddable":true,"href":"https:\/\/roveyayinevi.com.tr\/index.php\/wp-json\/wp\/v2\/product_tag?post=734773"}],"curies":[{"name":"wp","href":"https:\/\/api.w.org\/{rel}","templated":true}]}}