{"id":734772,"date":"2025-08-27T22:34:26","date_gmt":"2025-08-27T19:34:26","guid":{"rendered":"https:\/\/roveyayinevi.com.tr\/index.php\/urun\/casuslar-tugayi\/"},"modified":"2026-04-16T02:42:49","modified_gmt":"2026-04-15T23:42:49","slug":"casuslar-tugayi","status":"publish","type":"product","link":"https:\/\/roveyayinevi.com.tr\/index.php\/urun\/casuslar-tugayi\/","title":{"rendered":"Casuslar Tugay\u0131"},"content":{"rendered":"<p>\u0130kinci D\u00fcnya Sava\u015f\u0131n\u0131n hemen arifesinde Avrupal\u0131 fizik\u00e7iler uranyum \u00e7ekirde\u011finin par\u00e7alanmas\u0131n\u0131n m\u00fcmk\u00fcn oldu\u011funu ke\u015ffederler. Fakat bu \u00e7ok tehlikeli bilgiyi s\u0131r olarak saklamay\u0131 beceremezler. S\u0131rr\u0131 \u00f6\u011frenen Amerikal\u0131lar, \u0130kinci D\u00fcnya Sava\u015f\u0131 patlak verince, Nazileri durdurmak i\u00e7in bir atom bombas\u0131 yapmaya koyulurlar. Ancak M\u00fcttefik istihbarat\u00e7\u0131lar Almanlar\u0131n reakt\u00f6r mimarisi ve uranyum zenginle\u015ftirme konusunda epey yol katettikleri kan\u0131s\u0131ndad\u0131r.  Hitler\u2019in bir-iki kilo uranyumla sava\u015f\u0131n seyrini de\u011fi\u015ftirme g\u00fcc\u00fcne kavu\u015faca\u011f\u0131 d\u00fc\u015f\u00fcncesi Amerikal\u0131lar\u0131 tela\u015fland\u0131r\u0131r. Hemen bilim adamlar\u0131, komandolar ve ajanlardan olu\u015fan \u00f6zel bir birlik kurup Nazi atom bombas\u0131 program\u0131n\u0131 durdurmak \u00fczere bir dizi operasyon ba\u015flat\u0131rlar. Bu elit birlik Nazilerin kontrol\u00fc alt\u0131ndaki b\u00f6lgelere s\u0131zacak, casusluk, sabotaj yapacak ve mecbur kal\u0131rsa cinayet i\u015fleyecektir.  Casuslar Tugay\u0131 sadece ABD ve Alman atom bombas\u0131 programlar\u0131n\u0131n yar\u0131\u015f\u0131n\u0131 esprili bir dille anlatmakla kalm\u0131yor, ayn\u0131 zamanda radyoaktivitenin ke\u015ffi ile ba\u015flay\u0131p Hiro\u015fima ve Nagazaki\u2019ye atom bombas\u0131 at\u0131lmas\u0131yla sonu\u00e7lanan bilimsel geli\u015fmeleri, bilim insanlar\u0131n\u0131n merak ile ahlak daireleri aras\u0131nda bocalay\u0131\u015flar\u0131n\u0131 \u00e7arp\u0131c\u0131 bi\u00e7imde ele al\u0131yor. Hem bilim hem de tarih okuruna  keyifli saatler vaat eden bir kitap.  <\/p>\n","protected":false},"excerpt":{"rendered":"<p>\u0130kinci D\u00fcnya Sava\u015f\u0131n\u0131n hemen arifesinde Avrupal\u0131 fizik\u00e7iler uranyum \u00e7ekirde\u011finin par\u00e7alanmas\u0131n\u0131n m\u00fcmk\u00fcn oldu\u011funu ke\u015ffederler. Fakat bu \u00e7ok tehlikeli bilgiyi s\u0131r olarak saklamay\u0131 beceremezler. S\u0131rr\u0131 \u00f6\u011frenen Amerikal\u0131lar, \u0130kinci<span class=\"excerpt-hellip\"> [\u2026]<\/span><\/p>\n","protected":false},"featured_media":0,"template":"","meta":{"_monsterinsights_skip_tracking":false,"_monsterinsights_sitenote_active":false,"_monsterinsights_sitenote_note":"","_monsterinsights_sitenote_category":0},"product_brand":[],"product_cat":[12370,12304],"product_tag":[],"class_list":{"0":"post-734772","1":"product","2":"type-product","3":"status-publish","5":"product_cat-arastirma-inceleme","6":"product_cat-tarih","7":"pa_cilt-ciltsiz","8":"pa_tur-kitap","9":"pa_yayinevi-say-yayinlari","10":"pa_yazar-sam-kean","12":"first","13":"instock","14":"sale","15":"shipping-taxable","16":"purchasable","17":"product-type-simple"},"_links":{"self":[{"href":"https:\/\/roveyayinevi.com.tr\/index.php\/wp-json\/wp\/v2\/product\/734772","targetHints":{"allow":["GET"]}}],"collection":[{"href":"https:\/\/roveyayinevi.com.tr\/index.php\/wp-json\/wp\/v2\/product"}],"about":[{"href":"https:\/\/roveyayinevi.com.tr\/index.php\/wp-json\/wp\/v2\/types\/product"}],"wp:attachment":[{"href":"https:\/\/roveyayinevi.com.tr\/index.php\/wp-json\/wp\/v2\/media?parent=734772"}],"wp:term":[{"taxonomy":"product_brand","embeddable":true,"href":"https:\/\/roveyayinevi.com.tr\/index.php\/wp-json\/wp\/v2\/product_brand?post=734772"},{"taxonomy":"product_cat","embeddable":true,"href":"https:\/\/roveyayinevi.com.tr\/index.php\/wp-json\/wp\/v2\/product_cat?post=734772"},{"taxonomy":"product_tag","embeddable":true,"href":"https:\/\/roveyayinevi.com.tr\/index.php\/wp-json\/wp\/v2\/product_tag?post=734772"}],"curies":[{"name":"wp","href":"https:\/\/api.w.org\/{rel}","templated":true}]}}