{"id":734771,"date":"2025-08-27T22:34:25","date_gmt":"2025-08-27T19:34:25","guid":{"rendered":"https:\/\/roveyayinevi.com.tr\/index.php\/urun\/kisa-japonya-tarihi\/"},"modified":"2026-04-16T02:42:49","modified_gmt":"2026-04-15T23:42:49","slug":"kisa-japonya-tarihi","status":"publish","type":"product","link":"https:\/\/roveyayinevi.com.tr\/index.php\/urun\/kisa-japonya-tarihi\/","title":{"rendered":"K\u0131sa Japonya Tarihi"},"content":{"rendered":"<p>Sogun nedir? Samuray kimdir? Japon i\u015f eti\u011finin arkas\u0131nda ne yat\u0131yor? Antik \u00e7ay seremonisinden ekonomik refah\u0131n y\u00fckselmesine ve ard\u0131ndan gerilemesine kadar Japon tarihini anlatan bu benzersiz \u00e7al\u0131\u015fma yakla\u015f\u0131k 10.000 y\u0131ll\u0131k toplum, k\u00fclt\u00fcr ve siyaseti konu ediniyor. Ekonomik ve politik bilgileri sanat ve din ile harmanlayan ve \u00f6zellikle de son 200 y\u0131l\u0131n \u00f6nemli olaylar\u0131na odaklanan Mikiso Hane, tarihleri s\u0131kl\u0131kla ihmal edilen kad\u0131nlar\u0131n ve k\u00f6yl\u00fclerin de\u011fi\u015fen ko\u015fullar\u0131na \u00f6zel ilgi duyuyor. Japonya ve halk\u0131 hakk\u0131nda \u00e7ok y\u00f6nl\u00fc ve ayd\u0131nlat\u0131c\u0131 olan bu bilgilendirici anlat\u0131m sadece tarih\u00e7iler ve \u00f6\u011frenciler de\u011fil bu farkl\u0131 ve esrarengiz \u00fclkeye ilgi duyan herkes taraf\u0131ndan b\u00fcy\u00fck be\u011feni toplayacak. <\/p>\n","protected":false},"excerpt":{"rendered":"<p>Sogun nedir? Samuray kimdir? Japon i\u015f eti\u011finin arkas\u0131nda ne yat\u0131yor? Antik \u00e7ay seremonisinden ekonomik refah\u0131n y\u00fckselmesine ve ard\u0131ndan gerilemesine kadar Japon tarihini anlatan bu benzersiz \u00e7al\u0131\u015fma<span class=\"excerpt-hellip\"> [\u2026]<\/span><\/p>\n","protected":false},"featured_media":0,"template":"","meta":{"_monsterinsights_skip_tracking":false,"_monsterinsights_sitenote_active":false,"_monsterinsights_sitenote_note":"","_monsterinsights_sitenote_category":0},"product_brand":[],"product_cat":[12370,12304],"product_tag":[],"class_list":{"0":"post-734771","1":"product","2":"type-product","3":"status-publish","5":"product_cat-arastirma-inceleme","6":"product_cat-tarih","7":"pa_cilt-ciltsiz","8":"pa_tur-kitap","9":"pa_yayinevi-say-yayinlari","10":"pa_yazar-mikiso-hane","12":"first","13":"instock","14":"sale","15":"shipping-taxable","16":"purchasable","17":"product-type-simple"},"_links":{"self":[{"href":"https:\/\/roveyayinevi.com.tr\/index.php\/wp-json\/wp\/v2\/product\/734771","targetHints":{"allow":["GET"]}}],"collection":[{"href":"https:\/\/roveyayinevi.com.tr\/index.php\/wp-json\/wp\/v2\/product"}],"about":[{"href":"https:\/\/roveyayinevi.com.tr\/index.php\/wp-json\/wp\/v2\/types\/product"}],"wp:attachment":[{"href":"https:\/\/roveyayinevi.com.tr\/index.php\/wp-json\/wp\/v2\/media?parent=734771"}],"wp:term":[{"taxonomy":"product_brand","embeddable":true,"href":"https:\/\/roveyayinevi.com.tr\/index.php\/wp-json\/wp\/v2\/product_brand?post=734771"},{"taxonomy":"product_cat","embeddable":true,"href":"https:\/\/roveyayinevi.com.tr\/index.php\/wp-json\/wp\/v2\/product_cat?post=734771"},{"taxonomy":"product_tag","embeddable":true,"href":"https:\/\/roveyayinevi.com.tr\/index.php\/wp-json\/wp\/v2\/product_tag?post=734771"}],"curies":[{"name":"wp","href":"https:\/\/api.w.org\/{rel}","templated":true}]}}