{"id":734770,"date":"2025-08-27T22:34:25","date_gmt":"2025-08-27T19:34:25","guid":{"rendered":"https:\/\/roveyayinevi.com.tr\/index.php\/urun\/hayalperest-takvim-2022\/"},"modified":"2026-04-16T02:42:49","modified_gmt":"2026-04-15T23:42:49","slug":"hayalperest-takvim-2022","status":"publish","type":"product","link":"https:\/\/roveyayinevi.com.tr\/index.php\/urun\/hayalperest-takvim-2022\/","title":{"rendered":"Hayalperest Takvim 2022"},"content":{"rendered":"<p>Hayalperest Takvim 2022 (\u00c7\u0131kartma Hediyeli)G\u00fcnlerini renklendirecek 200 e\u011flenceli \u00e7\u0131kartmas\u0131, her aya farkl\u0131 bir yarat\u0131c\u0131 etkinli\u011fiyle Hayalperest Takvim 2022 \u00e7\u0131kt\u0131! Bu takvimde neler mi var? Diyelim ki \u00fclkenin okul kral\u0131\/krali\u00e7esi sensin, okullarla ilgili her \u015feyi sen belirliyorsun. \u0130stedi\u011fin derslerden olu\u015fan bir ders program\u0131 haz\u0131rlasan neler olurdu program\u0131nda? Uzaydaki gezegenlerde bir mahalle olu\u015fturabilseydin, hangi gezegene ne koyard\u0131n? D\u00fcnya haritas\u0131nda hi\u00e7 s\u0131n\u0131r olmasa, nas\u0131l bir d\u00fcnyan olsun isterdin? Bir arboretum yapsan hangi a\u011fa\u00e7lar\u0131 dikerdin? Annenle baban i\u00e7in bir karne haz\u0131rlasan, hangi \u00f6zelliklerine nas\u0131l notlar verirdin?Hayalperest Takvim, s\u0131n\u0131r tan\u0131mayan hayalperestler i\u00e7in haz\u0131rland\u0131. Hayvanlar\u0131, b\u00f6cekleri, uzay\u0131, a\u011fa\u00e7lar\u0131, yiyecekleri, renkleri, masallar\u0131 her ay i\u00e7in ne\u015feli bir etkinli\u011fe d\u00f6n\u00fc\u015ft\u00fcren bu rengarenk takvim, 2022\u2019de de raflarda yerini alarak her yeni g\u00fcnle birlikte hayal g\u00fcc\u00fcn\u00fc geli\u015ftirmek isteyenlerin duvar\u0131n\u0131n en e\u011flenceli k\u00f6\u015fesi olacak.<\/p>\n","protected":false},"excerpt":{"rendered":"<p>Hayalperest Takvim 2022 (\u00c7\u0131kartma Hediyeli)G\u00fcnlerini renklendirecek 200 e\u011flenceli \u00e7\u0131kartmas\u0131, her aya farkl\u0131 bir yarat\u0131c\u0131 etkinli\u011fiyle Hayalperest Takvim 2022 \u00e7\u0131kt\u0131! Bu takvimde neler mi var? Diyelim ki<span class=\"excerpt-hellip\"> [\u2026]<\/span><\/p>\n","protected":false},"featured_media":0,"template":"","meta":{"_monsterinsights_skip_tracking":false,"_monsterinsights_sitenote_active":false,"_monsterinsights_sitenote_note":"","_monsterinsights_sitenote_category":0},"product_brand":[],"product_cat":[28265,15563],"product_tag":[],"class_list":{"0":"post-734770","1":"product","2":"type-product","3":"status-publish","5":"product_cat-diger-hobi","6":"product_cat-hobi","7":"pa_cilt-ciltsiz","8":"pa_tur-kitap","9":"pa_yayinevi-taze-kitap","10":"pa_yazar-zeynep-sevde","12":"first","13":"instock","14":"sale","15":"shipping-taxable","16":"purchasable","17":"product-type-simple"},"_links":{"self":[{"href":"https:\/\/roveyayinevi.com.tr\/index.php\/wp-json\/wp\/v2\/product\/734770","targetHints":{"allow":["GET"]}}],"collection":[{"href":"https:\/\/roveyayinevi.com.tr\/index.php\/wp-json\/wp\/v2\/product"}],"about":[{"href":"https:\/\/roveyayinevi.com.tr\/index.php\/wp-json\/wp\/v2\/types\/product"}],"wp:attachment":[{"href":"https:\/\/roveyayinevi.com.tr\/index.php\/wp-json\/wp\/v2\/media?parent=734770"}],"wp:term":[{"taxonomy":"product_brand","embeddable":true,"href":"https:\/\/roveyayinevi.com.tr\/index.php\/wp-json\/wp\/v2\/product_brand?post=734770"},{"taxonomy":"product_cat","embeddable":true,"href":"https:\/\/roveyayinevi.com.tr\/index.php\/wp-json\/wp\/v2\/product_cat?post=734770"},{"taxonomy":"product_tag","embeddable":true,"href":"https:\/\/roveyayinevi.com.tr\/index.php\/wp-json\/wp\/v2\/product_tag?post=734770"}],"curies":[{"name":"wp","href":"https:\/\/api.w.org\/{rel}","templated":true}]}}