{"id":734767,"date":"2025-08-27T22:34:21","date_gmt":"2025-08-27T19:34:21","guid":{"rendered":"https:\/\/roveyayinevi.com.tr\/index.php\/urun\/ekmegimi-kazanirken-ciltli\/"},"modified":"2026-04-16T02:42:49","modified_gmt":"2026-04-15T23:42:49","slug":"ekmegimi-kazanirken-ciltli","status":"publish","type":"product","link":"https:\/\/roveyayinevi.com.tr\/index.php\/urun\/ekmegimi-kazanirken-ciltli\/","title":{"rendered":"Ekme\u011fimi Kazan\u0131rken (Ciltli)"},"content":{"rendered":"<p>Gorki\u2019nin Rus tarihinin 19. y\u00fczy\u0131l sonundan 20. y\u00fczy\u0131l ba\u015flar\u0131na uzanan \u00e7ok \u00f6nemli bir d\u00f6nemine \u0131\u015f\u0131k tutan otobiyografik \u00fc\u00e7lemesi, asl\u0131nda kendini ve i\u00e7inde ya\u015fad\u0131\u011f\u0131 d\u00fcnyay\u0131 anlama ve anlamland\u0131rma \u00e7abas\u0131n\u0131n hik\u00e2yesidir. Bu \u00e7aba, Ekme\u011fimi Kazan\u0131rken\u2019de art\u0131k hayata at\u0131lan yeniyetmelik \u00e7a\u011f\u0131ndaki Gorki\u2019yi 19. y\u00fczy\u0131l Rusya\u2019s\u0131n\u0131n kat\u0131 ger\u00e7ekli\u011fiyle y\u00fcz y\u00fcze getirir. \u00dc\u00e7lemenin ilk kitab\u0131 \u00c7ocuklu\u011fum\u2019un sonunda dedesi taraf\u0131ndan \u201cVar git insanlar\u0131n aras\u0131na kar\u0131\u015f\u2026\u201d s\u00f6zleriyle d\u00fcnyaya sal\u0131nd\u0131ktan sonra, ayak\u00e7\u0131l\u0131ktan bula\u015f\u0131k\u00e7\u0131l\u0131\u011fa, ku\u015f yakalamaktan bir ikonografi at\u00f6lyesinde \u00e7\u0131rakl\u0131\u011fa kadar bir\u00e7ok farkl\u0131 i\u015fte \u00e7al\u0131\u015f\u0131r. Biz de garip ve h\u00fcz\u00fcnl\u00fc hayat yolculu\u011funun farkl\u0131 duraklar\u0131nda bu halk \u00e7ocu\u011funa e\u015flik eder, daha sonra yap\u0131tlar\u0131na esin verecek ola\u011fan\u00fcst\u00fc canl\u0131 \u00e7ok say\u0131da karakterle tan\u0131\u015f\u0131r\u0131z. Kitaplar arac\u0131l\u0131\u011f\u0131yla ger\u00e7eklikten ka\u00e7\u0131p s\u0131\u011f\u0131nd\u0131\u011f\u0131, ama g\u00f6rev \u00e7a\u011f\u0131rd\u0131\u011f\u0131nda terk etmeye haz\u0131r oldu\u011fu d\u00fc\u015f d\u00fcnyas\u0131nda onunla birlikte geziniriz. <\/p>\n","protected":false},"excerpt":{"rendered":"<p>Gorki\u2019nin Rus tarihinin 19. y\u00fczy\u0131l sonundan 20. y\u00fczy\u0131l ba\u015flar\u0131na uzanan \u00e7ok \u00f6nemli bir d\u00f6nemine \u0131\u015f\u0131k tutan otobiyografik \u00fc\u00e7lemesi, asl\u0131nda kendini ve i\u00e7inde ya\u015fad\u0131\u011f\u0131 d\u00fcnyay\u0131 anlama ve<span class=\"excerpt-hellip\"> [\u2026]<\/span><\/p>\n","protected":false},"featured_media":0,"template":"","meta":{"_monsterinsights_skip_tracking":false,"_monsterinsights_sitenote_active":false,"_monsterinsights_sitenote_note":"","_monsterinsights_sitenote_category":0},"product_brand":[],"product_cat":[12291,13872],"product_tag":[],"class_list":{"0":"post-734767","1":"product","2":"type-product","3":"status-publish","5":"product_cat-edebiyat","6":"product_cat-klasikler","7":"pa_cilt-ciltli","8":"pa_tur-kitap","9":"pa_yayinevi-is-bankasi-kultur-yayinlari","10":"pa_yazar-maksim-gorki","12":"first","13":"instock","14":"sale","15":"shipping-taxable","16":"purchasable","17":"product-type-simple"},"_links":{"self":[{"href":"https:\/\/roveyayinevi.com.tr\/index.php\/wp-json\/wp\/v2\/product\/734767","targetHints":{"allow":["GET"]}}],"collection":[{"href":"https:\/\/roveyayinevi.com.tr\/index.php\/wp-json\/wp\/v2\/product"}],"about":[{"href":"https:\/\/roveyayinevi.com.tr\/index.php\/wp-json\/wp\/v2\/types\/product"}],"wp:attachment":[{"href":"https:\/\/roveyayinevi.com.tr\/index.php\/wp-json\/wp\/v2\/media?parent=734767"}],"wp:term":[{"taxonomy":"product_brand","embeddable":true,"href":"https:\/\/roveyayinevi.com.tr\/index.php\/wp-json\/wp\/v2\/product_brand?post=734767"},{"taxonomy":"product_cat","embeddable":true,"href":"https:\/\/roveyayinevi.com.tr\/index.php\/wp-json\/wp\/v2\/product_cat?post=734767"},{"taxonomy":"product_tag","embeddable":true,"href":"https:\/\/roveyayinevi.com.tr\/index.php\/wp-json\/wp\/v2\/product_tag?post=734767"}],"curies":[{"name":"wp","href":"https:\/\/api.w.org\/{rel}","templated":true}]}}