{"id":734766,"date":"2025-08-27T22:34:20","date_gmt":"2025-08-27T19:34:20","guid":{"rendered":"https:\/\/roveyayinevi.com.tr\/index.php\/urun\/cocuklugum-ciltli\/"},"modified":"2026-04-16T02:42:49","modified_gmt":"2026-04-15T23:42:49","slug":"cocuklugum-ciltli","status":"publish","type":"product","link":"https:\/\/roveyayinevi.com.tr\/index.php\/urun\/cocuklugum-ciltli\/","title":{"rendered":"\u00c7ocuklu\u011fum (Ciltli)"},"content":{"rendered":"<p>Gorki\u2019nin \u00c7ocuklu\u011fum, Ekme\u011fimi Kazan\u0131rken ve Benim \u00dcniversitelerim\u2019den olu\u015fan \u00fc\u00e7lemesi, Rus dilinde yaz\u0131lm\u0131\u015f en g\u00fczel otobiyografilerden biridir. \u00c7ocuklu\u011fum\u2019da babas\u0131n\u0131 k\u00fc\u00e7\u00fck ya\u015fta yitirdikten sonra ta\u015f\u0131nd\u0131\u011f\u0131 dedesinin evinde ge\u00e7irdi\u011fi y\u0131llar\u0131 anlat\u0131r. Miras kavgalar\u0131, do\u011fumlar, \u00f6l\u00fcmler, k\u00fc\u00e7\u00fck Aleksey\u2019in tan\u0131k oldu\u011fu ve bizzat maruz kald\u0131\u011f\u0131 ak\u0131l almaz \u015fiddet, bu evde g\u00fcndelik hayat\u0131n ak\u0131\u015f\u0131 i\u00e7inde s\u0131radan olaylard\u0131r. \u201cHerkesin herkese d\u00fc\u015fman\u201d oldu\u011fu bu aile, 19. y\u00fczy\u0131l Rusya\u2019s\u0131nda h\u00fck\u00fcm s\u00fcren ac\u0131mas\u0131z ve hoyrat hayat\u0131n bir \u201ck\u00fc\u00e7\u00fck evreni\u201ddir asl\u0131nda. Neyse ki idealizmi ve tertemiz kalbiyle adeta bir halk filozofu olan ninesi hep Aleksey\u2019in yan\u0131ndad\u0131r. Bir de her biri hayat\u0131nda iz b\u0131rakan \u00e7ok say\u0131da capcanl\u0131 karakter vard\u0131r\u2026 Onlar sayesinde hayat zor oldu\u011fu kadar gizemli ve renklidir de. Hem Gorki\u2019nin \u201ckendi \u00fclkelerinde bir yabanc\u0131 gibi ya\u015fayan, ger\u00e7ekteyse o toplumun en iyileri olan\u201d insanlardan ilkiyle tan\u0131\u015fmas\u0131 da yine \u00e7ocuklu\u011funa rastlar\u2026 <\/p>\n","protected":false},"excerpt":{"rendered":"<p>Gorki\u2019nin \u00c7ocuklu\u011fum, Ekme\u011fimi Kazan\u0131rken ve Benim \u00dcniversitelerim\u2019den olu\u015fan \u00fc\u00e7lemesi, Rus dilinde yaz\u0131lm\u0131\u015f en g\u00fczel otobiyografilerden biridir. \u00c7ocuklu\u011fum\u2019da babas\u0131n\u0131 k\u00fc\u00e7\u00fck ya\u015fta yitirdikten sonra ta\u015f\u0131nd\u0131\u011f\u0131 dedesinin evinde ge\u00e7irdi\u011fi<span class=\"excerpt-hellip\"> [\u2026]<\/span><\/p>\n","protected":false},"featured_media":0,"template":"","meta":{"_monsterinsights_skip_tracking":false,"_monsterinsights_sitenote_active":false,"_monsterinsights_sitenote_note":"","_monsterinsights_sitenote_category":0},"product_brand":[],"product_cat":[12291,13872],"product_tag":[],"class_list":{"0":"post-734766","1":"product","2":"type-product","3":"status-publish","5":"product_cat-edebiyat","6":"product_cat-klasikler","7":"pa_cilt-ciltli","8":"pa_tur-kitap","9":"pa_yayinevi-is-bankasi-kultur-yayinlari","10":"pa_yazar-maksim-gorki","12":"first","13":"instock","14":"sale","15":"shipping-taxable","16":"purchasable","17":"product-type-simple"},"_links":{"self":[{"href":"https:\/\/roveyayinevi.com.tr\/index.php\/wp-json\/wp\/v2\/product\/734766","targetHints":{"allow":["GET"]}}],"collection":[{"href":"https:\/\/roveyayinevi.com.tr\/index.php\/wp-json\/wp\/v2\/product"}],"about":[{"href":"https:\/\/roveyayinevi.com.tr\/index.php\/wp-json\/wp\/v2\/types\/product"}],"wp:attachment":[{"href":"https:\/\/roveyayinevi.com.tr\/index.php\/wp-json\/wp\/v2\/media?parent=734766"}],"wp:term":[{"taxonomy":"product_brand","embeddable":true,"href":"https:\/\/roveyayinevi.com.tr\/index.php\/wp-json\/wp\/v2\/product_brand?post=734766"},{"taxonomy":"product_cat","embeddable":true,"href":"https:\/\/roveyayinevi.com.tr\/index.php\/wp-json\/wp\/v2\/product_cat?post=734766"},{"taxonomy":"product_tag","embeddable":true,"href":"https:\/\/roveyayinevi.com.tr\/index.php\/wp-json\/wp\/v2\/product_tag?post=734766"}],"curies":[{"name":"wp","href":"https:\/\/api.w.org\/{rel}","templated":true}]}}