{"id":734765,"date":"2025-08-27T22:34:19","date_gmt":"2025-08-27T19:34:19","guid":{"rendered":"https:\/\/roveyayinevi.com.tr\/index.php\/urun\/mahar\/"},"modified":"2026-04-16T02:42:49","modified_gmt":"2026-04-15T23:42:49","slug":"mahar","status":"publish","type":"product","link":"https:\/\/roveyayinevi.com.tr\/index.php\/urun\/mahar\/","title":{"rendered":"Mahar"},"content":{"rendered":"<p>D\u00fcnyan\u0131n En H\u0131zl\u0131 B\u00fcy\u00fcyen \u00c7ocuklar\u0131n\u0131n Hik\u00e2yesiYetimhanede b\u00fcy\u00fcmek zorunda kalan \u00e7ocuklar i\u00e7in anne ve baba kelimeleri, i\u00e7i bo\u015f birer kavramdan ibarettir sadece. Ne s\u0131cakl\u0131\u011f\u0131n\u0131 bilirler ne de onlar\u0131 zihinlerinde resmedebilirler.\u0130\u015fte, hen\u00fcz k\u00fc\u00e7\u00fcc\u00fck bir bebekken o so\u011fuk yetimhane koridorlar\u0131nda kaderine terk edilen bu \u00e7ocuklardan biri Mahar, di\u011feri de Ali\u2019ydi. Ayn\u0131 anne-babadan olmamalar\u0131na ra\u011fmen kader birli\u011fi yapm\u0131\u015f, daha sonra aralar\u0131na Merve\u2019yi de alarak karde\u015ften \u00f6te can dostlar\u0131 olmu\u015flard\u0131. Ta ki o kara g\u00fcn gelip \u00e7atana dek\u2026Ya\u015flar\u0131 b\u00fcy\u00fcy\u00fcp de ak\u0131llar\u0131 her \u015feye yetti\u011finde, art\u0131k yetimhane m\u00fcd\u00fcr\u00fcn\u00fcn zulm\u00fcne katlanamayacaklar\u0131n\u0131 anlayan \u00e7ocuklar, Merve\u2019nin t\u00fcm itirazlar\u0131na ra\u011fmen Mahar\u2019\u0131n yapt\u0131\u011f\u0131 plana uyarak kendilerini hi\u00e7 bilmedikleri bir d\u00fcnyan\u0131n kuca\u011f\u0131na at\u0131verirler. \u015eimdi, ger\u00e7ek hayat\u0131n ne oldu\u011funun ayr\u0131m\u0131na var\u0131p zorluklar\u0131yla y\u00fczle\u015fmek zorunda kalacaklard\u0131r. Ne gidecek kimseleri ne de yiyecek tek lokmalar\u0131 oldu\u011funu fark ettiklerinde ise her \u015fey i\u00e7in \u00e7ok ge\u00e7tir. Geri d\u00f6n\u00fclmez bir yolculu\u011fa \u00e7\u0131km\u0131\u015flard\u0131r ve art\u0131k eskisinden daha \u00e7ok kenetlenip tehlikelere g\u00f6\u011f\u00fcs germeleri gerekecektir. Peki, bu m\u00fccadeleyi b\u0131rak\u0131p giden ilk kim olacakt\u0131r? Sonunda hayallerine kavu\u015facaklar m\u0131, yoksa hayat\u0131n karma\u015fas\u0131 i\u00e7inde kaybolup gidecekler mi?<\/p>\n","protected":false},"excerpt":{"rendered":"<p>D\u00fcnyan\u0131n En H\u0131zl\u0131 B\u00fcy\u00fcyen \u00c7ocuklar\u0131n\u0131n Hik\u00e2yesiYetimhanede b\u00fcy\u00fcmek zorunda kalan \u00e7ocuklar i\u00e7in anne ve baba kelimeleri, i\u00e7i bo\u015f birer kavramdan ibarettir sadece. Ne s\u0131cakl\u0131\u011f\u0131n\u0131 bilirler ne de<span class=\"excerpt-hellip\"> [\u2026]<\/span><\/p>\n","protected":false},"featured_media":0,"template":"","meta":{"_monsterinsights_skip_tracking":false,"_monsterinsights_sitenote_active":false,"_monsterinsights_sitenote_note":"","_monsterinsights_sitenote_category":0},"product_brand":[],"product_cat":[12291,12711],"product_tag":[],"class_list":{"0":"post-734765","1":"product","2":"type-product","3":"status-publish","5":"product_cat-edebiyat","6":"product_cat-roman-oyku","7":"pa_cilt-ciltsiz","8":"pa_tur-kitap","9":"pa_yayinevi-epsilon-yayinlari","10":"pa_yazar-murat-eksi","12":"first","13":"instock","14":"sale","15":"shipping-taxable","16":"purchasable","17":"product-type-simple"},"_links":{"self":[{"href":"https:\/\/roveyayinevi.com.tr\/index.php\/wp-json\/wp\/v2\/product\/734765","targetHints":{"allow":["GET"]}}],"collection":[{"href":"https:\/\/roveyayinevi.com.tr\/index.php\/wp-json\/wp\/v2\/product"}],"about":[{"href":"https:\/\/roveyayinevi.com.tr\/index.php\/wp-json\/wp\/v2\/types\/product"}],"wp:attachment":[{"href":"https:\/\/roveyayinevi.com.tr\/index.php\/wp-json\/wp\/v2\/media?parent=734765"}],"wp:term":[{"taxonomy":"product_brand","embeddable":true,"href":"https:\/\/roveyayinevi.com.tr\/index.php\/wp-json\/wp\/v2\/product_brand?post=734765"},{"taxonomy":"product_cat","embeddable":true,"href":"https:\/\/roveyayinevi.com.tr\/index.php\/wp-json\/wp\/v2\/product_cat?post=734765"},{"taxonomy":"product_tag","embeddable":true,"href":"https:\/\/roveyayinevi.com.tr\/index.php\/wp-json\/wp\/v2\/product_tag?post=734765"}],"curies":[{"name":"wp","href":"https:\/\/api.w.org\/{rel}","templated":true}]}}