{"id":734764,"date":"2025-08-27T22:34:18","date_gmt":"2025-08-27T19:34:18","guid":{"rendered":"https:\/\/roveyayinevi.com.tr\/index.php\/urun\/besikten-mezara\/"},"modified":"2026-04-16T02:42:49","modified_gmt":"2026-04-15T23:42:49","slug":"besikten-mezara","status":"publish","type":"product","link":"https:\/\/roveyayinevi.com.tr\/index.php\/urun\/besikten-mezara\/","title":{"rendered":"Be\u015fikten Mezara"},"content":{"rendered":"<p>\u201cBe\u015fikten mezara Anamur ve Bozyaz\u0131\u2019da Do\u011fum, Evlenme ve \u00d6l\u00fcm Gelenekleri\u201d adl\u0131 bu \u00e7al\u0131\u015fma, \u00e7ok uzun bir tarihi ge\u00e7mi\u015fe sahip olan Anamur ve Bozyaz\u0131\u2019n\u0131n do\u011fum, evlenme ve \u00f6l\u00fcm gibi ge\u00e7i\u015f d\u00f6nemlerini, halk bilimi unsurlar\u0131n\u0131, inan\u0131\u015flar\u0131n\u0131 ve uygulamalar\u0131n\u0131 tespit etmek ve tan\u0131tmak amac\u0131yla haz\u0131rlanm\u0131\u015ft\u0131r.    G\u00fcn\u00fcm\u00fczde baz\u0131 kentlerde, o kentin tarihi ve k\u00fclt\u00fcrel de\u011ferleriyle ilgili \u00e7e\u015fitli eserlerin yay\u0131mlanarak bir \u201cKent Kitapl\u0131\u011f\u0131\u201d  olu\u015fturma \u00e7abalar\u0131n\u0131 g\u00f6r\u00fcyoruz. Halkbilimciler, bir \u015fehrin k\u00fclt\u00fcr dokusunu anlayabilmek i\u00e7in \u00f6nce halk k\u00fclt\u00fcr\u00fc ara\u015ft\u0131rmalar\u0131na bak\u0131lmas\u0131 gerekti\u011fini vurgularlar.   T\u00fcrk halk k\u00fclt\u00fcr\u00fc \u00fcr\u00fcnleri, ba\u015fta kitle ileti\u015fim ara\u00e7lar\u0131 olmak \u00fczere, teknolojinin getirdi\u011fi olumsuz etkilerle unutulma ve yok olma s\u00fcrecine girmi\u015ftir. S\u00fcre\u00e7ten en \u00e7ok etkilenen de somut olmayan k\u00fclt\u00fcrel miras \u00fcr\u00fcnlerimiz olmu\u015f, nesilden nesle aktar\u0131m zinciri bozulmu\u015f, adeta haf\u0131zalara hapsolmu\u015ftur.  Bunlar\u0131n haf\u0131zalardan silinmeden ve ya\u015fayanlarla birlikte mezara gitmeden, gelecek ku\u015faklara aktar\u0131lmas\u0131 i\u00e7in derlenip yaz\u0131l\u0131 ortama aktar\u0131lmas\u0131 gerekmektedir. Bu ba\u011flamda Anamur ve Bozyaz\u0131\u2019da unutulmaya y\u00fcz tutmu\u015f olan do\u011fum,  evlenme ve \u00f6l\u00fcm gibi ge\u00e7i\u015f d\u00f6nemlerine ait inan\u0131\u015f ve uygulamalar ile s\u00f6zl\u00fc k\u00fclt\u00fcr \u00fcr\u00fcnleri derlenmi\u015f, T\u00fcrk halk k\u00fclt\u00fcr\u00fcn\u00fcn hizmetini sunulmu\u015ftur. <\/p>\n","protected":false},"excerpt":{"rendered":"<p>\u201cBe\u015fikten mezara Anamur ve Bozyaz\u0131\u2019da Do\u011fum, Evlenme ve \u00d6l\u00fcm Gelenekleri\u201d adl\u0131 bu \u00e7al\u0131\u015fma, \u00e7ok uzun bir tarihi ge\u00e7mi\u015fe sahip olan Anamur ve Bozyaz\u0131\u2019n\u0131n do\u011fum, evlenme ve<span class=\"excerpt-hellip\"> [\u2026]<\/span><\/p>\n","protected":false},"featured_media":0,"template":"","meta":{"_monsterinsights_skip_tracking":false,"_monsterinsights_sitenote_active":false,"_monsterinsights_sitenote_note":"","_monsterinsights_sitenote_category":0},"product_brand":[],"product_cat":[20039,13488],"product_tag":[],"class_list":{"0":"post-734764","1":"product","2":"type-product","3":"status-publish","5":"product_cat-kultur-tarihi","6":"product_cat-toplum-ve-insan","7":"pa_cilt-ciltsiz","8":"pa_tur-kitap","9":"pa_yayinevi-gulnar-yayinlari","10":"pa_yazar-nevzat-caglar","12":"first","13":"instock","14":"sale","15":"shipping-taxable","16":"purchasable","17":"product-type-simple"},"_links":{"self":[{"href":"https:\/\/roveyayinevi.com.tr\/index.php\/wp-json\/wp\/v2\/product\/734764","targetHints":{"allow":["GET"]}}],"collection":[{"href":"https:\/\/roveyayinevi.com.tr\/index.php\/wp-json\/wp\/v2\/product"}],"about":[{"href":"https:\/\/roveyayinevi.com.tr\/index.php\/wp-json\/wp\/v2\/types\/product"}],"wp:attachment":[{"href":"https:\/\/roveyayinevi.com.tr\/index.php\/wp-json\/wp\/v2\/media?parent=734764"}],"wp:term":[{"taxonomy":"product_brand","embeddable":true,"href":"https:\/\/roveyayinevi.com.tr\/index.php\/wp-json\/wp\/v2\/product_brand?post=734764"},{"taxonomy":"product_cat","embeddable":true,"href":"https:\/\/roveyayinevi.com.tr\/index.php\/wp-json\/wp\/v2\/product_cat?post=734764"},{"taxonomy":"product_tag","embeddable":true,"href":"https:\/\/roveyayinevi.com.tr\/index.php\/wp-json\/wp\/v2\/product_tag?post=734764"}],"curies":[{"name":"wp","href":"https:\/\/api.w.org\/{rel}","templated":true}]}}