{"id":734762,"date":"2025-08-27T22:34:16","date_gmt":"2025-08-27T19:34:16","guid":{"rendered":"https:\/\/roveyayinevi.com.tr\/index.php\/urun\/define-avcilari-korkusuzlar-takimi-1\/"},"modified":"2026-04-16T02:42:49","modified_gmt":"2026-04-15T23:42:49","slug":"define-avcilari-korkusuzlar-takimi-1","status":"publish","type":"product","link":"https:\/\/roveyayinevi.com.tr\/index.php\/urun\/define-avcilari-korkusuzlar-takimi-1\/","title":{"rendered":"Define Avc\u0131lar\u0131 &#8211; Korkusuzlar Tak\u0131m\u0131 1"},"content":{"rendered":"<p>Korkusuzlar Tak\u0131m\u0131yla Ba\u015ftan Sona Heyecan Dolu Bir Ser\u00fcven!Gizemli bir an\u0131n\u0131n pe\u015fini kovalayan Korkusuzlar Tak\u0131m\u0131\u2019n\u0131n merak, heyecan ve korku dolu ser\u00fcvenlerine ortak olmaya haz\u0131r m\u0131s\u0131n?Sabri ve arkada\u015flar\u0131n\u0131n amac\u0131, alt\u0131 ku\u015fak \u00f6nce ya\u015fayan Hamdi \u00c7avu\u015f\u2019un bilinmeyen bir yere g\u00f6md\u00fc\u011f\u00fc defineyi bulmakt\u0131r. Fakat defineye ula\u015fmak i\u00e7in Hamdi \u00c7avu\u015f\u2019un gizledi\u011fi harita par\u00e7alar\u0131n\u0131 bulmak ve bu harita par\u00e7alar\u0131ndaki \u015fifreleri do\u011fru \u00e7\u00f6zmek zorundad\u0131rlar. Bu ama\u00e7la \u00e7e\u015fitli tehlikeleri g\u00f6ze alarak bilinmezlerle dolu bir yolculu\u011fa \u00e7\u0131karlar.Bakal\u0131m Korkusuzlar Tak\u0131m\u0131 haritadaki \u015fifreleri \u00e7\u00f6z\u00fcp defineyi bulabilecekler mi?K\u00f6ydeki eski evlerde ba\u015flayan ser\u00fcvenleri, nerede son bulacak?Definenin pe\u015finde olan k\u00f6t\u00fc adamlar ger\u00e7ekte kim?Korkusuzlar Tak\u0131m\u0131\u2019n\u0131n ba\u015ftan sona heyecan ve macera dolu yolculu\u011fu kitab\u0131n i\u00e7inde seni bekliyor<\/p>\n","protected":false},"excerpt":{"rendered":"<p>Korkusuzlar Tak\u0131m\u0131yla Ba\u015ftan Sona Heyecan Dolu Bir Ser\u00fcven!Gizemli bir an\u0131n\u0131n pe\u015fini kovalayan Korkusuzlar Tak\u0131m\u0131\u2019n\u0131n merak, heyecan ve korku dolu ser\u00fcvenlerine ortak olmaya haz\u0131r m\u0131s\u0131n?Sabri ve arkada\u015flar\u0131n\u0131n<span class=\"excerpt-hellip\"> [\u2026]<\/span><\/p>\n","protected":false},"featured_media":0,"template":"","meta":{"_monsterinsights_skip_tracking":false,"_monsterinsights_sitenote_active":false,"_monsterinsights_sitenote_note":"","_monsterinsights_sitenote_category":0},"product_brand":[],"product_cat":[12274,12284],"product_tag":[],"class_list":{"0":"post-734762","1":"product","2":"type-product","3":"status-publish","5":"product_cat-cocuk-ve-genclik-kitaplari","6":"product_cat-hikayeler","7":"pa_cilt-ciltsiz","8":"pa_tur-kitap","9":"pa_yayinevi-hayat-yayinlari","10":"pa_yazar-ismail-cubukcu","12":"first","13":"instock","14":"sale","15":"shipping-taxable","16":"purchasable","17":"product-type-simple"},"_links":{"self":[{"href":"https:\/\/roveyayinevi.com.tr\/index.php\/wp-json\/wp\/v2\/product\/734762","targetHints":{"allow":["GET"]}}],"collection":[{"href":"https:\/\/roveyayinevi.com.tr\/index.php\/wp-json\/wp\/v2\/product"}],"about":[{"href":"https:\/\/roveyayinevi.com.tr\/index.php\/wp-json\/wp\/v2\/types\/product"}],"wp:attachment":[{"href":"https:\/\/roveyayinevi.com.tr\/index.php\/wp-json\/wp\/v2\/media?parent=734762"}],"wp:term":[{"taxonomy":"product_brand","embeddable":true,"href":"https:\/\/roveyayinevi.com.tr\/index.php\/wp-json\/wp\/v2\/product_brand?post=734762"},{"taxonomy":"product_cat","embeddable":true,"href":"https:\/\/roveyayinevi.com.tr\/index.php\/wp-json\/wp\/v2\/product_cat?post=734762"},{"taxonomy":"product_tag","embeddable":true,"href":"https:\/\/roveyayinevi.com.tr\/index.php\/wp-json\/wp\/v2\/product_tag?post=734762"}],"curies":[{"name":"wp","href":"https:\/\/api.w.org\/{rel}","templated":true}]}}