{"id":734758,"date":"2025-08-27T22:34:12","date_gmt":"2025-08-27T19:34:12","guid":{"rendered":"https:\/\/roveyayinevi.com.tr\/index.php\/urun\/gercek-2\/"},"modified":"2026-04-16T02:42:48","modified_gmt":"2026-04-15T23:42:48","slug":"gercek-2","status":"publish","type":"product","link":"https:\/\/roveyayinevi.com.tr\/index.php\/urun\/gercek-2\/","title":{"rendered":"Ger\u00e7ek"},"content":{"rendered":"<p>Rafta oturan Pinokyo gibiyim. Acaba birileri benim de ger\u00e7ek bir kalbim oldu\u011funu ve k\u0131r\u0131labilece\u011fini anlayacak m\u0131?   On \u00fc\u00e7 ya\u015f\u0131ndaki Charity\u2019nin m\u00fcthi\u015f bir matematik yetene\u011fi ve m\u00fckemmele yak\u0131n bir haf\u0131zas\u0131 var ama konu\u015famad\u0131\u011f\u0131 ve v\u00fccudunu kontrol edemedi\u011fi i\u00e7in \u00e7o\u011fu insan onun bir \u015fey anlay\u0131p \u00f6\u011frenemedi\u011fini d\u00fc\u015f\u00fcn\u00fcyor. Beyni, otizmi y\u00fcz\u00fcnden di\u011fer insanlardan farkl\u0131 \u00e7al\u0131\u015fsa da o asl\u0131nda komik, azimli ve de nazik bir k\u0131z. Peki, neden insanlar ona hastal\u0131kl\u0131ym\u0131\u015f ya da yokmu\u015f gibi davran\u0131yor?   K\u00f6t\u00fc muamele g\u00f6rd\u00fc\u011f\u00fc bir \u00f6zel e\u011fitim merkezinden al\u0131n\u0131p normal bir devlet okuluna g\u00f6nderilen Charity\u2019yi burada da yepyeni zorluklar bekliyor ama o, \u00f6\u011fretmenlerinin ve yeni edindi\u011fi arkada\u015flar\u0131n\u0131n da yard\u0131m\u0131yla, kendisine ger\u00e7ek bir insan ve ger\u00e7ek bir \u00f6\u011frenci gibi davran\u0131lmas\u0131 i\u00e7in m\u00fccadele etmeye kararl\u0131. Yazar Peyton Goddard\u2019\u0131n ger\u00e7ek ya\u015fam \u00f6yk\u00fcs\u00fcnden esinlenilerek kaleme al\u0131nan Ger\u00e7ek, okurlara t\u00fcm insanlar\u0131n hayata kat\u0131lmaya de\u011fer oldu\u011funu hat\u0131rlat\u0131yor. <\/p>\n","protected":false},"excerpt":{"rendered":"<p>Rafta oturan Pinokyo gibiyim. Acaba birileri benim de ger\u00e7ek bir kalbim oldu\u011funu ve k\u0131r\u0131labilece\u011fini anlayacak m\u0131? On \u00fc\u00e7 ya\u015f\u0131ndaki Charity\u2019nin m\u00fcthi\u015f bir matematik yetene\u011fi ve m\u00fckemmele<span class=\"excerpt-hellip\"> [\u2026]<\/span><\/p>\n","protected":false},"featured_media":0,"template":"","meta":{"_monsterinsights_skip_tracking":false,"_monsterinsights_sitenote_active":false,"_monsterinsights_sitenote_note":"","_monsterinsights_sitenote_category":0},"product_brand":[],"product_cat":[12274,12284],"product_tag":[],"class_list":{"0":"post-734758","1":"product","2":"type-product","3":"status-publish","5":"product_cat-cocuk-ve-genclik-kitaplari","6":"product_cat-hikayeler","7":"pa_cilt-ciltsiz","8":"pa_tur-kitap","9":"pa_yayinevi-beyaz-balina-yayinlari","10":"pa_yazar-carol-cujec","12":"first","13":"instock","14":"sale","15":"shipping-taxable","16":"purchasable","17":"product-type-simple"},"_links":{"self":[{"href":"https:\/\/roveyayinevi.com.tr\/index.php\/wp-json\/wp\/v2\/product\/734758","targetHints":{"allow":["GET"]}}],"collection":[{"href":"https:\/\/roveyayinevi.com.tr\/index.php\/wp-json\/wp\/v2\/product"}],"about":[{"href":"https:\/\/roveyayinevi.com.tr\/index.php\/wp-json\/wp\/v2\/types\/product"}],"wp:attachment":[{"href":"https:\/\/roveyayinevi.com.tr\/index.php\/wp-json\/wp\/v2\/media?parent=734758"}],"wp:term":[{"taxonomy":"product_brand","embeddable":true,"href":"https:\/\/roveyayinevi.com.tr\/index.php\/wp-json\/wp\/v2\/product_brand?post=734758"},{"taxonomy":"product_cat","embeddable":true,"href":"https:\/\/roveyayinevi.com.tr\/index.php\/wp-json\/wp\/v2\/product_cat?post=734758"},{"taxonomy":"product_tag","embeddable":true,"href":"https:\/\/roveyayinevi.com.tr\/index.php\/wp-json\/wp\/v2\/product_tag?post=734758"}],"curies":[{"name":"wp","href":"https:\/\/api.w.org\/{rel}","templated":true}]}}