{"id":734757,"date":"2025-08-27T22:34:11","date_gmt":"2025-08-27T19:34:11","guid":{"rendered":"https:\/\/roveyayinevi.com.tr\/index.php\/urun\/reklamciligin-evrimi-kavramlar-surec-ve-yeni-yonelimler\/"},"modified":"2026-04-16T02:42:48","modified_gmt":"2026-04-15T23:42:48","slug":"reklamciligin-evrimi-kavramlar-surec-ve-yeni-yonelimler","status":"publish","type":"product","link":"https:\/\/roveyayinevi.com.tr\/index.php\/urun\/reklamciligin-evrimi-kavramlar-surec-ve-yeni-yonelimler\/","title":{"rendered":"Reklamc\u0131l\u0131\u011f\u0131n Evrimi Kavramlar, S\u00fcre\u00e7 ve Yeni Y\u00f6nelimler"},"content":{"rendered":"<p>1.      B\u00d6L\u00dcM 1: REKLAM KAVRAMI VE REKLAM ORTAMLARI 2.      B\u00d6L\u00dcM 2: REKLAM PLANLAMA VE YAYIN S\u00dcREC\u0130 3.      B\u00d6L\u00dcM 3: REKLAM AJANSI SE\u00c7\u0130M\u0130 4.      B\u00d6L\u00dcM 4: REKLAMDA YARATICILIK VE TASARIM 5.      B\u00d6L\u00dcM 5: D\u0130J\u0130TAL REKLAMCILIK 6.      B\u00d6L\u00dcM 6: K\u0130\u015e\u0130SELLE\u015eT\u0130R\u0130LM\u0130\u015e REKLAMCILIK 7.      B\u00d6L\u00dcM 7: GER\u0130LLA REKLAMCILIK 8.      B\u00d6L\u00dcM 8: B\u0130L\u0130N\u00c7ALTI REKLAMCILIK 9.      B\u00d6L\u00dcM 9: YE\u015e\u0130L REKLAMCILIK 10.  B\u00d6L\u00dcM 10: GLOKAL REKLAMCILIK 11.  B\u00d6L\u00dcM 11: V\u0130RAL REKLAMCILIK 12.  B\u00d6L\u00dcM 12: MOB\u0130L REKLAMCILIK 13.  B\u00d6L\u00dcM 13: ETN\u0130K REKLAMCILIK 14.  B\u00d6L\u00dcM 14: REKLAMCILIKTA ARTIRILMI\u015e GER\u00c7EKL\u0130K UYGULAMALARI 15.  B\u00d6L\u00dcM 15: REKLAMLARA Y\u00d6NEL\u0130K ALIMLAMADA (ALGI) KU\u015eAKLARARASI KAR\u015eILA\u015eTIRMA 16.  B\u00d6L\u00dcM 16: REKLAM ETK\u0130NL\u0130\u011e\u0130N\u0130N \u00d6L\u00c7\u00dcM\u00dc VE DE\u011eERLEND\u0130R\u0130LMES\u0130 17.  B\u00d6L\u00dcM 17: REKLAM METN\u0130 \u00c7\u00d6Z\u00dcMLEMELER\u0130 18.  B\u00d6L\u00dcM 18: REKLAM VE ET\u0130K 19.  B\u00d6L\u00dcM 19: REKLAMCILI\u011eIN COVID -19 PANDEM\u0130S\u0130 KARNES\u0130 <\/p>\n","protected":false},"excerpt":{"rendered":"<p>1. B\u00d6L\u00dcM 1: REKLAM KAVRAMI VE REKLAM ORTAMLARI 2. B\u00d6L\u00dcM 2: REKLAM PLANLAMA VE YAYIN S\u00dcREC\u0130 3. B\u00d6L\u00dcM 3: REKLAM AJANSI SE\u00c7\u0130M\u0130 4. B\u00d6L\u00dcM 4: REKLAMDA<span class=\"excerpt-hellip\"> [\u2026]<\/span><\/p>\n","protected":false},"featured_media":0,"template":"","meta":{"_monsterinsights_skip_tracking":false,"_monsterinsights_sitenote_active":false,"_monsterinsights_sitenote_note":"","_monsterinsights_sitenote_category":0},"product_brand":[],"product_cat":[13043,17492],"product_tag":[],"class_list":{"0":"post-734757","1":"product","2":"type-product","3":"status-publish","5":"product_cat-ekonomi","6":"product_cat-pazarlama-satis-reklam","7":"pa_cilt-ciltsiz","8":"pa_tur-kitap","9":"pa_yayinevi-gazi-kitabevi","10":"pa_yazar-gazi-kitabevi-kolektif","12":"first","13":"instock","14":"sale","15":"shipping-taxable","16":"purchasable","17":"product-type-simple"},"_links":{"self":[{"href":"https:\/\/roveyayinevi.com.tr\/index.php\/wp-json\/wp\/v2\/product\/734757","targetHints":{"allow":["GET"]}}],"collection":[{"href":"https:\/\/roveyayinevi.com.tr\/index.php\/wp-json\/wp\/v2\/product"}],"about":[{"href":"https:\/\/roveyayinevi.com.tr\/index.php\/wp-json\/wp\/v2\/types\/product"}],"wp:attachment":[{"href":"https:\/\/roveyayinevi.com.tr\/index.php\/wp-json\/wp\/v2\/media?parent=734757"}],"wp:term":[{"taxonomy":"product_brand","embeddable":true,"href":"https:\/\/roveyayinevi.com.tr\/index.php\/wp-json\/wp\/v2\/product_brand?post=734757"},{"taxonomy":"product_cat","embeddable":true,"href":"https:\/\/roveyayinevi.com.tr\/index.php\/wp-json\/wp\/v2\/product_cat?post=734757"},{"taxonomy":"product_tag","embeddable":true,"href":"https:\/\/roveyayinevi.com.tr\/index.php\/wp-json\/wp\/v2\/product_tag?post=734757"}],"curies":[{"name":"wp","href":"https:\/\/api.w.org\/{rel}","templated":true}]}}