{"id":734756,"date":"2025-08-27T22:34:10","date_gmt":"2025-08-27T19:34:10","guid":{"rendered":"https:\/\/roveyayinevi.com.tr\/index.php\/urun\/bolgesel-kalkinma-politikalarindaki-donusum-yerel-ekonomik-kalkinma\/"},"modified":"2026-04-16T02:42:48","modified_gmt":"2026-04-15T23:42:48","slug":"bolgesel-kalkinma-politikalarindaki-donusum-yerel-ekonomik-kalkinma","status":"publish","type":"product","link":"https:\/\/roveyayinevi.com.tr\/index.php\/urun\/bolgesel-kalkinma-politikalarindaki-donusum-yerel-ekonomik-kalkinma\/","title":{"rendered":"B\u00f6lgesel Kalk\u0131nma Politikalar\u0131ndaki D\u00f6n\u00fc\u015f\u00fcm &#8211; Yerel Ekonomik Kalk\u0131nma"},"content":{"rendered":"<p>1.      B\u00d6LGESEL KALKINMA POL\u0130T\u0130KALARINDAK\u0130 D\u00d6N\u00dc\u015e\u00dcM: YEREL EKONOM\u0130K KALKINMA 2.      T\u00dcRK\u0130YE\u2019DE B\u00d6LGESEL KALKINMA POL\u0130T\u0130KALARI 3.      T\u00dcRK\u0130YE\u2019DE \u0130BBS D\u00dcZEY-2\u2019YE G\u00d6RE ALT B\u00d6LGELER\u0130N B\u00d6LGESEL S\u00dcRD\u00dcR\u00dcLEB\u0130L\u0130R KALKINMA ENDEKSLER\u0130 <\/p>\n","protected":false},"excerpt":{"rendered":"<p>1. B\u00d6LGESEL KALKINMA POL\u0130T\u0130KALARINDAK\u0130 D\u00d6N\u00dc\u015e\u00dcM: YEREL EKONOM\u0130K KALKINMA 2. T\u00dcRK\u0130YE\u2019DE B\u00d6LGESEL KALKINMA POL\u0130T\u0130KALARI 3. T\u00dcRK\u0130YE\u2019DE \u0130BBS D\u00dcZEY-2\u2019YE G\u00d6RE ALT B\u00d6LGELER\u0130N B\u00d6LGESEL S\u00dcRD\u00dcR\u00dcLEB\u0130L\u0130R KALKINMA ENDEKSLER\u0130<\/p>\n","protected":false},"featured_media":0,"template":"","meta":{"_monsterinsights_skip_tracking":false,"_monsterinsights_sitenote_active":false,"_monsterinsights_sitenote_note":"","_monsterinsights_sitenote_category":0},"product_brand":[],"product_cat":[20333,13043],"product_tag":[],"class_list":{"0":"post-734756","1":"product","2":"type-product","3":"status-publish","5":"product_cat-diger-ekonomi","6":"product_cat-ekonomi","7":"pa_cilt-ciltsiz","8":"pa_tur-kitap","9":"pa_yayinevi-gazi-kitabevi","10":"pa_yazar-emine-demet-ekinci-hamamci","12":"first","13":"instock","14":"sale","15":"shipping-taxable","16":"purchasable","17":"product-type-simple"},"_links":{"self":[{"href":"https:\/\/roveyayinevi.com.tr\/index.php\/wp-json\/wp\/v2\/product\/734756","targetHints":{"allow":["GET"]}}],"collection":[{"href":"https:\/\/roveyayinevi.com.tr\/index.php\/wp-json\/wp\/v2\/product"}],"about":[{"href":"https:\/\/roveyayinevi.com.tr\/index.php\/wp-json\/wp\/v2\/types\/product"}],"wp:attachment":[{"href":"https:\/\/roveyayinevi.com.tr\/index.php\/wp-json\/wp\/v2\/media?parent=734756"}],"wp:term":[{"taxonomy":"product_brand","embeddable":true,"href":"https:\/\/roveyayinevi.com.tr\/index.php\/wp-json\/wp\/v2\/product_brand?post=734756"},{"taxonomy":"product_cat","embeddable":true,"href":"https:\/\/roveyayinevi.com.tr\/index.php\/wp-json\/wp\/v2\/product_cat?post=734756"},{"taxonomy":"product_tag","embeddable":true,"href":"https:\/\/roveyayinevi.com.tr\/index.php\/wp-json\/wp\/v2\/product_tag?post=734756"}],"curies":[{"name":"wp","href":"https:\/\/api.w.org\/{rel}","templated":true}]}}