{"id":734754,"date":"2025-08-27T22:34:09","date_gmt":"2025-08-27T19:34:09","guid":{"rendered":"https:\/\/roveyayinevi.com.tr\/index.php\/urun\/guncel-iktisadi-tartismalar\/"},"modified":"2026-04-16T02:42:48","modified_gmt":"2026-04-15T23:42:48","slug":"guncel-iktisadi-tartismalar","status":"publish","type":"product","link":"https:\/\/roveyayinevi.com.tr\/index.php\/urun\/guncel-iktisadi-tartismalar\/","title":{"rendered":"G\u00fcncel \u0130ktisadi Tart\u0131\u015fmalar"},"content":{"rendered":"<p>1.      1. K\u0131s\u0131m: D\u0131\u015f Bor\u00e7lar, Finansal \u0130stikrar ve Finansal D\u00fczenlemeler 1.1.   Y\u00dcKSELEN P\u0130YASA EKONOM\u0130LER\u0130NDE \u00d6ZEL SEKT\u00d6R DI\u015e BOR\u00c7LARININ F\u0130NANSAL \u0130ST\u0130KRARA ETK\u0130S\u0130 1.2.   T\u00dcRK\u0130YE\u2019N\u0130N DI\u015e BOR\u00c7 ORANININ HESAPLANMASI VE D\u0130\u011eER \u00dcLKELERLE KAR\u015eILA\u015eTIRILMASI 1.3.   F\u0130NANSAL \u0130NOVASYON, KR\u0130ZLER VE F\u0130NANSAL D\u00dcZENLEMELERE \u0130L\u0130\u015eK\u0130N B\u0130R DE\u011eERLEND\u0130RME 1.4.   MERKEZ\u0130YETS\u0130Z F\u0130NANS \u00c7ER\u00c7EVES\u0130NDE KR\u0130PTO VARLIKLAR VE D\u00dcNYA BORSALARI ETK\u0130LE\u015e\u0130M\u0130 2.      2. K\u0131s\u0131m: D\u0131\u015f Ticaret, \u0130stihdam ve Fiyatlar 2.1.   TR42 (MARKA) B\u00d6LGES\u0130NDE YATIRIM TE\u015eV\u0130KLER\u0130 VE \u0130HRACAT ARASINDAK\u0130 \u0130L\u0130\u015eK\u0130N\u0130N PANEL FMOLS Y\u00d6NTEM\u0130 \u0130LE ANAL\u0130Z\u0130 2.2.   YEM F\u0130YATLARININ KIRMIZI ET F\u0130YATLARI \u00dcZER\u0130NE AS\u0130METR\u0130K ETK\u0130S\u0130 2.3.   REEL \u00dcCRET VE DI\u015e T\u0130CARET\u0130N \u0130ST\u0130HDAM \u00dcZER\u0130NE ETK\u0130LER\u0130: SEKT\u00d6REL D\u00dcZEYDE T\u00dcRK\u0130YE \u00dcZER\u0130NE PANEL ARDL ANAL\u0130Z\u0130 3.      3. K\u0131s\u0131m: Teknoloji, Enerji ve Ula\u015ft\u0131rma 3.1.   \u00d6NC\u00dc TEKNOLOJ\u0130LER VE T\u00dcRK\u0130YE EKONOM\u0130S 3.2.   YEN\u0130LENEB\u0130L\u0130R ENERJ\u0130N\u0130N T\u00dcRK\u0130YE\u2019N\u0130N ER\u0130\u015e\u0130LEB\u0130L\u0130R VE TEM\u0130Z ENERJ\u0130 AMACINA KATKILARI \u00dcZER\u0130NE B\u0130R DE\u011eERLEND\u0130RME 3.3.   T\u00dcRK\u0130YE EKONOM\u0130S\u0130NDE YAPISAL DE\u011e\u0130\u015e\u0130M, ENERJ\u0130 T\u00dcKET\u0130M\u0130, KENTLE\u015eME VE \u00c7EVRE K\u0130RL\u0130L\u0130\u011e\u0130NE \u0130L\u0130\u015eK\u0130N AMP\u0130R\u0130K BULGULAR 3.4.   T\u00dcRK\u0130YE\u2019DE ULA\u015eTIRMA SEKT\u00d6R\u00dcN\u00dcN GEL\u0130\u015e\u0130M\u0130 VE EKONOM\u0130DEK\u0130 \u00d6NEM\u0130 4.      4. K\u0131s\u0131m: Ekonomik B\u00fcy\u00fcme, G\u0131da Ekonomisi ve G\u00f6\u00e7 Olgusu 4.1.   GEL\u0130\u015eMEKTE OLAN \u00dcLKELERDE ARA\u015eTIRMA &amp; GEL\u0130\u015eT\u0130RME HARCAMALARI EKONOM\u0130K B\u00dcY\u00dcME \u0130L\u0130\u015eK\u0130S\u0130 4.2.   K\u00dcRESEL GIDA S\u0130STEM\u0130 VE T\u00dcRK\u0130YE GIDA S\u0130STEM\u0130N\u0130N EKONOM\u0130 POL\u0130T\u0130\u011e\u0130 ULUSLARARASI G\u00d6\u00c7 VE \u00dcLKE EKONOM\u0130LER\u0130NE ETK\u0130LER\u0130<\/p>\n","protected":false},"excerpt":{"rendered":"<p>1. 1. K\u0131s\u0131m: D\u0131\u015f Bor\u00e7lar, Finansal \u0130stikrar ve Finansal D\u00fczenlemeler 1.1. Y\u00dcKSELEN P\u0130YASA EKONOM\u0130LER\u0130NDE \u00d6ZEL SEKT\u00d6R DI\u015e BOR\u00c7LARININ F\u0130NANSAL \u0130ST\u0130KRARA ETK\u0130S\u0130 1.2. T\u00dcRK\u0130YE\u2019N\u0130N DI\u015e BOR\u00c7 ORANININ<span class=\"excerpt-hellip\"> [\u2026]<\/span><\/p>\n","protected":false},"featured_media":0,"template":"","meta":{"_monsterinsights_skip_tracking":false,"_monsterinsights_sitenote_active":false,"_monsterinsights_sitenote_note":"","_monsterinsights_sitenote_category":0},"product_brand":[],"product_cat":[13043,14381],"product_tag":[],"class_list":{"0":"post-734754","1":"product","2":"type-product","3":"status-publish","5":"product_cat-ekonomi","6":"product_cat-isletme-muhasebe-maliye","7":"pa_cilt-ciltsiz","8":"pa_tur-kitap","9":"pa_yayinevi-gazi-kitabevi","10":"pa_yazar-zehra-dogan-caliskan-sinem-gozde-besballi","12":"first","13":"instock","14":"sale","15":"shipping-taxable","16":"purchasable","17":"product-type-simple"},"_links":{"self":[{"href":"https:\/\/roveyayinevi.com.tr\/index.php\/wp-json\/wp\/v2\/product\/734754","targetHints":{"allow":["GET"]}}],"collection":[{"href":"https:\/\/roveyayinevi.com.tr\/index.php\/wp-json\/wp\/v2\/product"}],"about":[{"href":"https:\/\/roveyayinevi.com.tr\/index.php\/wp-json\/wp\/v2\/types\/product"}],"wp:attachment":[{"href":"https:\/\/roveyayinevi.com.tr\/index.php\/wp-json\/wp\/v2\/media?parent=734754"}],"wp:term":[{"taxonomy":"product_brand","embeddable":true,"href":"https:\/\/roveyayinevi.com.tr\/index.php\/wp-json\/wp\/v2\/product_brand?post=734754"},{"taxonomy":"product_cat","embeddable":true,"href":"https:\/\/roveyayinevi.com.tr\/index.php\/wp-json\/wp\/v2\/product_cat?post=734754"},{"taxonomy":"product_tag","embeddable":true,"href":"https:\/\/roveyayinevi.com.tr\/index.php\/wp-json\/wp\/v2\/product_tag?post=734754"}],"curies":[{"name":"wp","href":"https:\/\/api.w.org\/{rel}","templated":true}]}}