{"id":734753,"date":"2025-08-27T22:34:08","date_gmt":"2025-08-27T19:34:08","guid":{"rendered":"https:\/\/roveyayinevi.com.tr\/index.php\/urun\/organizasyonel-etik\/"},"modified":"2026-04-16T02:42:48","modified_gmt":"2026-04-15T23:42:48","slug":"organizasyonel-etik","status":"publish","type":"product","link":"https:\/\/roveyayinevi.com.tr\/index.php\/urun\/organizasyonel-etik\/","title":{"rendered":"Organizasyonel Etik"},"content":{"rendered":"<p>1.      T\u00dcM Y\u00d6NLER\u0130YLE ET\u0130K &#8211; Dr. \u0130nan KAYNAK 2.      Y\u00d6NETIMDE ETIK &#8211; \u00d6\u011f. G\u00f6r. Mehmet \u015eirin \u00c7ET\u0130N &#8211; Halil \u0130brahim YANAR 3.      ARA\u015eTIRMA VE GELI\u015eTIRME Y\u00d6NETIMINDE ETIK &#8211; Do\u00e7. Dr. Erdem BA\u011eCI &#8211; Dr. Serkan KARADA\u011e 4.      PAZARLAMA Y\u00d6NETIMINDE ETIK &#8211; Dr. Erman AKILLIBA\u015e 5.      FINANSAL Y\u00d6NETIMDE ETIK &#8211; Do\u00e7. Dr. Erdem BA\u011eCI &#8211; Dr. Adnan DEDE 6.      \u0130NSAN KAYNAKLARI Y\u00d6NETIMI VE ETIK &#8211; Dr. Vedat ALMALI 7.      HALKLA \u0130LI\u015eKILERY\u00d6NETIMINDE ETIK &#8211; Prof. Dr. Ebru G\u00fclbu\u011f EROL &#8211; \u00d6\u011fr. G\u00f6r. Mustafa G\u00dcLS\u00dcN 8.      MUHASEBE Y\u00d6NET\u0130M\u0130NDE ET\u0130K &#8211; Dr. Serkan KARADA\u011e <\/p>\n","protected":false},"excerpt":{"rendered":"<p>1. T\u00dcM Y\u00d6NLER\u0130YLE ET\u0130K &#8211; Dr. \u0130nan KAYNAK 2. Y\u00d6NETIMDE ETIK &#8211; \u00d6\u011f. G\u00f6r. Mehmet \u015eirin \u00c7ET\u0130N &#8211; Halil \u0130brahim YANAR 3. ARA\u015eTIRMA VE GELI\u015eTIRME Y\u00d6NETIMINDE<span class=\"excerpt-hellip\"> [\u2026]<\/span><\/p>\n","protected":false},"featured_media":0,"template":"","meta":{"_monsterinsights_skip_tracking":false,"_monsterinsights_sitenote_active":false,"_monsterinsights_sitenote_note":"","_monsterinsights_sitenote_category":0},"product_brand":[],"product_cat":[13043,19008],"product_tag":[],"class_list":{"0":"post-734753","1":"product","2":"type-product","3":"status-publish","5":"product_cat-ekonomi","6":"product_cat-yonetim","7":"pa_cilt-ciltsiz","8":"pa_tur-kitap","9":"pa_yayinevi-gazi-kitabevi","10":"pa_yazar-inan-kaynak","12":"first","13":"instock","14":"sale","15":"shipping-taxable","16":"purchasable","17":"product-type-simple"},"_links":{"self":[{"href":"https:\/\/roveyayinevi.com.tr\/index.php\/wp-json\/wp\/v2\/product\/734753","targetHints":{"allow":["GET"]}}],"collection":[{"href":"https:\/\/roveyayinevi.com.tr\/index.php\/wp-json\/wp\/v2\/product"}],"about":[{"href":"https:\/\/roveyayinevi.com.tr\/index.php\/wp-json\/wp\/v2\/types\/product"}],"wp:attachment":[{"href":"https:\/\/roveyayinevi.com.tr\/index.php\/wp-json\/wp\/v2\/media?parent=734753"}],"wp:term":[{"taxonomy":"product_brand","embeddable":true,"href":"https:\/\/roveyayinevi.com.tr\/index.php\/wp-json\/wp\/v2\/product_brand?post=734753"},{"taxonomy":"product_cat","embeddable":true,"href":"https:\/\/roveyayinevi.com.tr\/index.php\/wp-json\/wp\/v2\/product_cat?post=734753"},{"taxonomy":"product_tag","embeddable":true,"href":"https:\/\/roveyayinevi.com.tr\/index.php\/wp-json\/wp\/v2\/product_tag?post=734753"}],"curies":[{"name":"wp","href":"https:\/\/api.w.org\/{rel}","templated":true}]}}