{"id":734752,"date":"2025-08-27T22:34:07","date_gmt":"2025-08-27T19:34:07","guid":{"rendered":"https:\/\/roveyayinevi.com.tr\/index.php\/urun\/ogrenilmis-caresizlik-psikolojik-guvenlik-iliskisi\/"},"modified":"2026-04-16T02:42:48","modified_gmt":"2026-04-15T23:42:48","slug":"ogrenilmis-caresizlik-psikolojik-guvenlik-iliskisi","status":"publish","type":"product","link":"https:\/\/roveyayinevi.com.tr\/index.php\/urun\/ogrenilmis-caresizlik-psikolojik-guvenlik-iliskisi\/","title":{"rendered":"\u00d6\u011frenilmi\u015f \u00c7aresizlik, Psikolojik G\u00fcvenlik \u0130li\u015fkisi"},"content":{"rendered":"<p>1.      \u00d6\u011frenilmi\u015f \u00c7aresizlik 1.1.   \u00d6\u011frenilmi\u015f \u00c7aresizli\u011fe Yol A\u00e7an Fakt\u00f6rler 2.      Psikolojik G\u00fcvenlik 2.1.   Psikolojik G\u00fcvenli\u011fin Tan\u0131m\u0131 3.      Sa\u011fl\u0131k \u00c7al\u0131\u015fanlar\u0131 \u00dczerinde Bir \u0130nceleme <\/p>\n","protected":false},"excerpt":{"rendered":"<p>1. \u00d6\u011frenilmi\u015f \u00c7aresizlik 1.1. \u00d6\u011frenilmi\u015f \u00c7aresizli\u011fe Yol A\u00e7an Fakt\u00f6rler 2. Psikolojik G\u00fcvenlik 2.1. Psikolojik G\u00fcvenli\u011fin Tan\u0131m\u0131 3. Sa\u011fl\u0131k \u00c7al\u0131\u015fanlar\u0131 \u00dczerinde Bir \u0130nceleme<\/p>\n","protected":false},"featured_media":0,"template":"","meta":{"_monsterinsights_skip_tracking":false,"_monsterinsights_sitenote_active":false,"_monsterinsights_sitenote_note":"","_monsterinsights_sitenote_category":0},"product_brand":[],"product_cat":[13043,19008],"product_tag":[],"class_list":{"0":"post-734752","1":"product","2":"type-product","3":"status-publish","5":"product_cat-ekonomi","6":"product_cat-yonetim","7":"pa_cilt-ciltsiz","8":"pa_tur-kitap","9":"pa_yayinevi-gazi-kitabevi","10":"pa_yazar-ayse-nihan-aribas","12":"first","13":"instock","14":"sale","15":"shipping-taxable","16":"purchasable","17":"product-type-simple"},"_links":{"self":[{"href":"https:\/\/roveyayinevi.com.tr\/index.php\/wp-json\/wp\/v2\/product\/734752","targetHints":{"allow":["GET"]}}],"collection":[{"href":"https:\/\/roveyayinevi.com.tr\/index.php\/wp-json\/wp\/v2\/product"}],"about":[{"href":"https:\/\/roveyayinevi.com.tr\/index.php\/wp-json\/wp\/v2\/types\/product"}],"wp:attachment":[{"href":"https:\/\/roveyayinevi.com.tr\/index.php\/wp-json\/wp\/v2\/media?parent=734752"}],"wp:term":[{"taxonomy":"product_brand","embeddable":true,"href":"https:\/\/roveyayinevi.com.tr\/index.php\/wp-json\/wp\/v2\/product_brand?post=734752"},{"taxonomy":"product_cat","embeddable":true,"href":"https:\/\/roveyayinevi.com.tr\/index.php\/wp-json\/wp\/v2\/product_cat?post=734752"},{"taxonomy":"product_tag","embeddable":true,"href":"https:\/\/roveyayinevi.com.tr\/index.php\/wp-json\/wp\/v2\/product_tag?post=734752"}],"curies":[{"name":"wp","href":"https:\/\/api.w.org\/{rel}","templated":true}]}}