{"id":734750,"date":"2025-08-27T22:34:06","date_gmt":"2025-08-27T19:34:06","guid":{"rendered":"https:\/\/roveyayinevi.com.tr\/index.php\/urun\/fairer-world-is-possible\/"},"modified":"2026-04-16T02:42:48","modified_gmt":"2026-04-15T23:42:48","slug":"fairer-world-is-possible","status":"publish","type":"product","link":"https:\/\/roveyayinevi.com.tr\/index.php\/urun\/fairer-world-is-possible\/","title":{"rendered":"Fairer World is Possible"},"content":{"rendered":"<p>\u201cIt \u0131s ne\u0131ther moral nor fa\u0131r for just f\u0131ve nat\u0131ons to make dec\u0131s\u0131ons on \u0131ssues that could \u0131nfluence the fate of the world. The world \u0131s b\u0131gger than f\u0131ve countr\u0131es.\u201d       \u201cTo make global peace fairer and more sustainable, we need the UN to reflect multiculturalism and multipolarism. The world is neither unipolar nor bipolar. Nor is it under the cultural hegemony of a dominant culture or a small number of privileged stakeholders. It is possible to make the world multipolar, multicentric, multicultural, more inclusive and fairer. The UN is the primary place to accomplish that goal. The UN reform is the path to peace, stability, justice and effective global governance. Reforming the United Nations and, especially, restructuring the Security Council obviously require a global consensus.   Turkey has advocated a proposal to that effect for a long time and opened it up for discussion. Our proposed solution manifests itself in our motto: \u2018The world is bigger than five.\u2019 It calls for the implementation of a plan to restructure the Security Council. Updating the Council to represent all continents, faiths, backgrounds and cultures as fairly as possible would be a revolutionary step toward finding solutions and upholding global peace.\u201d   Recep Tayyip Erdo\u011fan <\/p>\n","protected":false},"excerpt":{"rendered":"<p>\u201cIt \u0131s ne\u0131ther moral nor fa\u0131r for just f\u0131ve nat\u0131ons to make dec\u0131s\u0131ons on \u0131ssues that could \u0131nfluence the fate of the world. The world \u0131s<span class=\"excerpt-hellip\"> [\u2026]<\/span><\/p>\n","protected":false},"featured_media":0,"template":"","meta":{"_monsterinsights_skip_tracking":false,"_monsterinsights_sitenote_active":false,"_monsterinsights_sitenote_note":"","_monsterinsights_sitenote_category":0},"product_brand":[],"product_cat":[12472],"product_tag":[],"class_list":{"0":"post-734750","1":"product","2":"type-product","3":"status-publish","5":"product_cat-yabanci-dilde-kitaplar","6":"pa_cilt-ciltsiz","7":"pa_tur-kitap","8":"pa_yayinevi-turkuvaz-kitap","9":"pa_yazar-recep-tayyip-erdogan","11":"first","12":"instock","13":"sale","14":"shipping-taxable","15":"purchasable","16":"product-type-simple"},"_links":{"self":[{"href":"https:\/\/roveyayinevi.com.tr\/index.php\/wp-json\/wp\/v2\/product\/734750","targetHints":{"allow":["GET"]}}],"collection":[{"href":"https:\/\/roveyayinevi.com.tr\/index.php\/wp-json\/wp\/v2\/product"}],"about":[{"href":"https:\/\/roveyayinevi.com.tr\/index.php\/wp-json\/wp\/v2\/types\/product"}],"wp:attachment":[{"href":"https:\/\/roveyayinevi.com.tr\/index.php\/wp-json\/wp\/v2\/media?parent=734750"}],"wp:term":[{"taxonomy":"product_brand","embeddable":true,"href":"https:\/\/roveyayinevi.com.tr\/index.php\/wp-json\/wp\/v2\/product_brand?post=734750"},{"taxonomy":"product_cat","embeddable":true,"href":"https:\/\/roveyayinevi.com.tr\/index.php\/wp-json\/wp\/v2\/product_cat?post=734750"},{"taxonomy":"product_tag","embeddable":true,"href":"https:\/\/roveyayinevi.com.tr\/index.php\/wp-json\/wp\/v2\/product_tag?post=734750"}],"curies":[{"name":"wp","href":"https:\/\/api.w.org\/{rel}","templated":true}]}}