{"id":734746,"date":"2025-08-27T22:34:02","date_gmt":"2025-08-27T19:34:02","guid":{"rendered":"https:\/\/roveyayinevi.com.tr\/index.php\/urun\/dort-bir-yanim-gokkusagi\/"},"modified":"2026-04-16T02:42:48","modified_gmt":"2026-04-15T23:42:48","slug":"dort-bir-yanim-gokkusagi","status":"publish","type":"product","link":"https:\/\/roveyayinevi.com.tr\/index.php\/urun\/dort-bir-yanim-gokkusagi\/","title":{"rendered":"D\u00f6rt Bir Yan\u0131m G\u00f6kku\u015fa\u011f\u0131"},"content":{"rendered":"<p>&#8220;Neden b\u00f6yle yap\u0131yor insanlar?Neden paray\u0131 en b\u00fcy\u00fck de\u011fer g\u00f6r\u00fcyor?Neden sa\u011fl\u0131\u011f\u0131 \u00f6nemsemiyor?Neden \u00e7ocuklar\u0131, a\u011fa\u00e7lar\u0131, ku\u015flar\u0131, Kedileri, atlar\u0131 d\u00fc\u015f\u00fcnm\u00fcyor?&#8221;Eren Aysan, \u00e7ocuklarla payla\u015ft\u0131\u011f\u0131 uzun, \u015fiirsel masal\u0131yla do\u011fan\u0131n de\u011ferini bir kere daha an\u0131msat\u0131yor.<\/p>\n","protected":false},"excerpt":{"rendered":"<p>&#8220;Neden b\u00f6yle yap\u0131yor insanlar?Neden paray\u0131 en b\u00fcy\u00fck de\u011fer g\u00f6r\u00fcyor?Neden sa\u011fl\u0131\u011f\u0131 \u00f6nemsemiyor?Neden \u00e7ocuklar\u0131, a\u011fa\u00e7lar\u0131, ku\u015flar\u0131, Kedileri, atlar\u0131 d\u00fc\u015f\u00fcnm\u00fcyor?&#8221;Eren Aysan, \u00e7ocuklarla payla\u015ft\u0131\u011f\u0131 uzun, \u015fiirsel masal\u0131yla do\u011fan\u0131n de\u011ferini bir<span class=\"excerpt-hellip\"> [\u2026]<\/span><\/p>\n","protected":false},"featured_media":0,"template":"","meta":{"_monsterinsights_skip_tracking":false,"_monsterinsights_sitenote_active":false,"_monsterinsights_sitenote_note":"","_monsterinsights_sitenote_category":0},"product_brand":[],"product_cat":[12275,12274],"product_tag":[],"class_list":{"0":"post-734746","1":"product","2":"type-product","3":"status-publish","5":"product_cat-6-12-yas-kitaplari","6":"product_cat-cocuk-ve-genclik-kitaplari","7":"pa_cilt-ciltsiz","8":"pa_tur-kitap","9":"pa_yayinevi-cumhuriyet-kitaplari","10":"pa_yazar-eren-aysan","12":"first","13":"instock","14":"sale","15":"shipping-taxable","16":"purchasable","17":"product-type-simple"},"_links":{"self":[{"href":"https:\/\/roveyayinevi.com.tr\/index.php\/wp-json\/wp\/v2\/product\/734746","targetHints":{"allow":["GET"]}}],"collection":[{"href":"https:\/\/roveyayinevi.com.tr\/index.php\/wp-json\/wp\/v2\/product"}],"about":[{"href":"https:\/\/roveyayinevi.com.tr\/index.php\/wp-json\/wp\/v2\/types\/product"}],"wp:attachment":[{"href":"https:\/\/roveyayinevi.com.tr\/index.php\/wp-json\/wp\/v2\/media?parent=734746"}],"wp:term":[{"taxonomy":"product_brand","embeddable":true,"href":"https:\/\/roveyayinevi.com.tr\/index.php\/wp-json\/wp\/v2\/product_brand?post=734746"},{"taxonomy":"product_cat","embeddable":true,"href":"https:\/\/roveyayinevi.com.tr\/index.php\/wp-json\/wp\/v2\/product_cat?post=734746"},{"taxonomy":"product_tag","embeddable":true,"href":"https:\/\/roveyayinevi.com.tr\/index.php\/wp-json\/wp\/v2\/product_tag?post=734746"}],"curies":[{"name":"wp","href":"https:\/\/api.w.org\/{rel}","templated":true}]}}