{"id":734744,"date":"2025-08-27T22:34:00","date_gmt":"2025-08-27T19:34:00","guid":{"rendered":"https:\/\/roveyayinevi.com.tr\/index.php\/urun\/haklarini-yitirenler-cinde-endustriyel-yurttasligin-yukselisi-ve-cokusu\/"},"modified":"2026-04-16T02:42:48","modified_gmt":"2026-04-15T23:42:48","slug":"haklarini-yitirenler-cinde-endustriyel-yurttasligin-yukselisi-ve-cokusu","status":"publish","type":"product","link":"https:\/\/roveyayinevi.com.tr\/index.php\/urun\/haklarini-yitirenler-cinde-endustriyel-yurttasligin-yukselisi-ve-cokusu\/","title":{"rendered":"Haklar\u0131n\u0131 Yitirenler \u00c7in&#8217;de End\u00fcstriyel Yurtta\u015fl\u0131\u011f\u0131n Y\u00fckseli\u015fi ve \u00c7\u00f6k\u00fc\u015f\u00fc"},"content":{"rendered":"<p>1949\u2019da iktidar\u0131 ele ge\u00e7iren \u00c7in Komu\u0308nist Partisi s\u0131n\u0131fsal e\u015fitlik sa\u011flamak amac\u0131yla iktisadi, ku\u0308ltu\u0308rel ve siyasal sermayeyi hedef alan bir dizi kampanya ba\u015flatt\u0131 ve 1949 devrimini takip eden ony\u0131llarda, \u00c7inli i\u015f\u00e7iler i\u015f gu\u0308venceli kadrolu \u00e7al\u0131\u015fma ve fabrikalarda me\u015fru payda\u015fl\u0131k anlam\u0131na gelen bir \u201cendu\u0308striyel yurtta\u015fl\u0131k\u201d elde ettiler.1990\u2019lar\u0131n ortalar\u0131ndan itibaren su\u0308rekli kadrolu \u00e7al\u0131\u015fma sisteminden bu\u0308yu\u0308k \u00f6l\u00e7u\u0308de esnek, gu\u0308vencesiz \u00e7al\u0131\u015fmaya dayal\u0131 bir sisteme ge\u00e7ilmesiyle birlikte, \u00c7in\u2019de endu\u0308striyel yurtta\u015fl\u0131k radikal bir de\u011fi\u015fime u\u011frad\u0131.Bu komu\u0308nist projenin ba\u015far\u0131s\u0131zl\u0131\u011f\u0131n\u0131n sebeplerini anlamak i\u00e7in nu\u0308fusun y\u00f6netildi\u011fi temel mek\u00e2n olan i\u015fyerindeki hiyerar\u015fik yap\u0131lara odaklanan ve ara\u015ft\u0131rmas\u0131n\u0131 o d\u00f6nemde fabrikalarda \u00e7al\u0131\u015fm\u0131\u015f kisilerle yapt\u0131\u011f\u0131 g\u00f6ru\u0308\u015fmelere dayand\u0131ran Joel Andreas, du\u0308nya \u00e7ap\u0131ndaki en uzun su\u0308reli endu\u0308striyel yurtta\u015fl\u0131k deneyiminin yu\u0308kseli\u015f ve du\u0308\u015fu\u0308\u015fu\u0308nu\u0308 kay\u0131t alt\u0131na al\u0131yor. Bunun \u00c7in Komu\u0308nist Partisi a\u00e7\u0131s\u0131ndan ne anlama geldi\u011fini, i\u015f\u00e7iler aras\u0131nda nas\u0131l yank\u0131 buldu\u011funu, Maocu d\u00f6nem boyunca ne y\u00f6nde geli\u015fim g\u00f6sterdi\u011fini ve 1990\u2019lardaki yap\u0131sal reformun i\u015f\u00e7ilerin yo\u011fun muhalefetine ra\u011fmen hangi yollardan uyguland\u0131\u011f\u0131n\u0131 belgeleriyle ve tan\u0131kl\u0131klarla ortaya koyuyor.Haklar\u0131n\u0131 Yitirenler, \u00c7in\u2019in yirminci yu\u0308zy\u0131lda giri\u015fti\u011fi sosyalist deneylerin tarihine, miras\u0131na ve gelece\u011fine ilgi duyanlar\u0131n okumas\u0131 gereken bir \u00e7al\u0131\u015fma. Ayr\u0131ca, 2017\u2019den bu yana faaliyette olan Ko\u00e7 \u00dcniversitesi Asya \u00c7al\u0131\u015fmalar\u0131 Uygulama ve Ara\u015ft\u0131rma Merkezi KUASIA (Ko\u00e7 University Center for Asian Studies) i\u015fbirli\u011fiyle yay\u0131mlamaya ba\u015flad\u0131\u011f\u0131m\u0131z \u201cAsya \u00c7al\u0131\u015fmalar\u0131\u201d serisinin de ilk kitab\u0131&#8230; \u201cAsya \u00c7al\u0131\u015fmalar\u0131\u201d serisi, alan\u0131n klasikle\u015fmi\u015f eserleri ile \u00f6nemli g\u00fcncel \u00e7al\u0131\u015fmalar\u0131 nitelikli \u00e7eviriler ile T\u00fcrk\u00e7eye kazand\u0131rman\u0131n yan\u0131 s\u0131ra, T\u00fcrk\u00e7e ve \u0130ngilizce dillerindeki telif eserleri de okurlarla bulu\u015fturacak.<\/p>\n","protected":false},"excerpt":{"rendered":"<p>1949\u2019da iktidar\u0131 ele ge\u00e7iren \u00c7in Komu\u0308nist Partisi s\u0131n\u0131fsal e\u015fitlik sa\u011flamak amac\u0131yla iktisadi, ku\u0308ltu\u0308rel ve siyasal sermayeyi hedef alan bir dizi kampanya ba\u015flatt\u0131 ve 1949 devrimini takip<span class=\"excerpt-hellip\"> [\u2026]<\/span><\/p>\n","protected":false},"featured_media":0,"template":"","meta":{"_monsterinsights_skip_tracking":false,"_monsterinsights_sitenote_active":false,"_monsterinsights_sitenote_note":"","_monsterinsights_sitenote_category":0},"product_brand":[],"product_cat":[13043,65318],"product_tag":[],"class_list":{"0":"post-734744","1":"product","2":"type-product","3":"status-publish","5":"product_cat-ekonomi","6":"product_cat-kuresellesme","7":"pa_cilt-ciltsiz","8":"pa_tur-kitap","9":"pa_yayinevi-koc-universitesi-yayinlari","10":"pa_yazar-joel-andreas","12":"first","13":"instock","14":"sale","15":"shipping-taxable","16":"purchasable","17":"product-type-simple"},"_links":{"self":[{"href":"https:\/\/roveyayinevi.com.tr\/index.php\/wp-json\/wp\/v2\/product\/734744","targetHints":{"allow":["GET"]}}],"collection":[{"href":"https:\/\/roveyayinevi.com.tr\/index.php\/wp-json\/wp\/v2\/product"}],"about":[{"href":"https:\/\/roveyayinevi.com.tr\/index.php\/wp-json\/wp\/v2\/types\/product"}],"wp:attachment":[{"href":"https:\/\/roveyayinevi.com.tr\/index.php\/wp-json\/wp\/v2\/media?parent=734744"}],"wp:term":[{"taxonomy":"product_brand","embeddable":true,"href":"https:\/\/roveyayinevi.com.tr\/index.php\/wp-json\/wp\/v2\/product_brand?post=734744"},{"taxonomy":"product_cat","embeddable":true,"href":"https:\/\/roveyayinevi.com.tr\/index.php\/wp-json\/wp\/v2\/product_cat?post=734744"},{"taxonomy":"product_tag","embeddable":true,"href":"https:\/\/roveyayinevi.com.tr\/index.php\/wp-json\/wp\/v2\/product_tag?post=734744"}],"curies":[{"name":"wp","href":"https:\/\/api.w.org\/{rel}","templated":true}]}}