{"id":734735,"date":"2025-08-27T22:33:52","date_gmt":"2025-08-27T19:33:52","guid":{"rendered":"https:\/\/roveyayinevi.com.tr\/index.php\/urun\/platform\/"},"modified":"2026-04-16T02:42:48","modified_gmt":"2026-04-15T23:42:48","slug":"platform","status":"publish","type":"product","link":"https:\/\/roveyayinevi.com.tr\/index.php\/urun\/platform\/","title":{"rendered":"Platform"},"content":{"rendered":"<p>Pazarlama art\u0131k kalabal\u0131k bir pazarda ba\u011f\u0131rmaktan ibaret de\u011fil; di\u011fer yol arkada\u015flar\u0131yla diyalo\u011fa girmekle ilgili. Pazarlama art\u0131k i\u015flem yapmakla ilgili de\u011fil; ili\u015fki kurmakla ilgili. Pazarlama art\u0131k bir pazar\u0131n kendi menfaatiniz i\u00e7in kullan\u0131lmas\u0131 ile ilgili de\u011fil; tutkular\u0131n\u0131z\u0131 payla\u015fanlara hizmet etmekle ilgili. New York Times \u00e7oksatan yazar\u0131 Michael Hyatt, h\u0131zla de\u011fi\u015fen dijital \u00e7a\u011f\u0131m\u0131zda bir \u00fcr\u00fcn\u00fc veya fikri b\u00fcy\u00fctmenin yollar\u0131n\u0131 sade ve pratik \u015fekilde ortaya koyuyor. Platform, s\u00f6z konusu, bir i\u015f kurmak ve onu \u00f6ne \u00e7\u0131karmak oldu\u011funda yapman\u0131z gerekenleri listeleyen teknik bir kitap de\u011fil, i\u015f d\u00fcnyas\u0131n\u0131n dinamiklerini ve ger\u00e7ek hayat tecr\u00fcbesini t\u00fcm samimiyetiyle sunan bir rehber. CEO, giri\u015fimci, yazar ve podcast yay\u0131nc\u0131s\u0131 olarak \u00e7ok y\u00f6nl\u00fc kimli\u011fiyle tan\u0131nan Michael Hyatt, i\u015f d\u00fcnyas\u0131nda sesinizi duyurman\u0131z i\u00e7in ger\u00e7ekten ihtiyac\u0131n\u0131z olan t\u00fcm ipu\u00e7lar\u0131n\u0131 Platform\u2019da bir araya getiriyor.  \u201cPlatform&#8217;u okuman\u0131z kesinlikle \u015fart. Michael Hyatt&#8217;\u0131n b\u00fcy\u00fck bir hayran\u0131 olarak bunu sizinle payla\u015ft\u0131\u011f\u0131 i\u00e7in \u00e7ok heyecanl\u0131y\u0131m. Sizin i\u015finiz? Bunu \u00f6\u011frenin ve uygulay\u0131n. Ba\u015far\u0131n\u0131z buna ba\u011fl\u0131.\u201d &#8211;          CHRIS BROGAN, New York Times \u00c7oksatan Yazar<\/p>\n","protected":false},"excerpt":{"rendered":"<p>Pazarlama art\u0131k kalabal\u0131k bir pazarda ba\u011f\u0131rmaktan ibaret de\u011fil; di\u011fer yol arkada\u015flar\u0131yla diyalo\u011fa girmekle ilgili. Pazarlama art\u0131k i\u015flem yapmakla ilgili de\u011fil; ili\u015fki kurmakla ilgili. Pazarlama art\u0131k bir<span class=\"excerpt-hellip\"> [\u2026]<\/span><\/p>\n","protected":false},"featured_media":0,"template":"","meta":{"_monsterinsights_skip_tracking":false,"_monsterinsights_sitenote_active":false,"_monsterinsights_sitenote_note":"","_monsterinsights_sitenote_category":0},"product_brand":[],"product_cat":[13043,17647],"product_tag":[],"class_list":{"0":"post-734735","1":"product","2":"type-product","3":"status-publish","5":"product_cat-ekonomi","6":"product_cat-is-dunyasi","7":"pa_cilt-ciltsiz","8":"pa_tur-kitap","9":"pa_yayinevi-epsilon-yayinlari","10":"pa_yazar-michael-hyatt","12":"first","13":"instock","14":"sale","15":"shipping-taxable","16":"purchasable","17":"product-type-simple"},"_links":{"self":[{"href":"https:\/\/roveyayinevi.com.tr\/index.php\/wp-json\/wp\/v2\/product\/734735","targetHints":{"allow":["GET"]}}],"collection":[{"href":"https:\/\/roveyayinevi.com.tr\/index.php\/wp-json\/wp\/v2\/product"}],"about":[{"href":"https:\/\/roveyayinevi.com.tr\/index.php\/wp-json\/wp\/v2\/types\/product"}],"wp:attachment":[{"href":"https:\/\/roveyayinevi.com.tr\/index.php\/wp-json\/wp\/v2\/media?parent=734735"}],"wp:term":[{"taxonomy":"product_brand","embeddable":true,"href":"https:\/\/roveyayinevi.com.tr\/index.php\/wp-json\/wp\/v2\/product_brand?post=734735"},{"taxonomy":"product_cat","embeddable":true,"href":"https:\/\/roveyayinevi.com.tr\/index.php\/wp-json\/wp\/v2\/product_cat?post=734735"},{"taxonomy":"product_tag","embeddable":true,"href":"https:\/\/roveyayinevi.com.tr\/index.php\/wp-json\/wp\/v2\/product_tag?post=734735"}],"curies":[{"name":"wp","href":"https:\/\/api.w.org\/{rel}","templated":true}]}}