{"id":734730,"date":"2025-08-27T22:33:47","date_gmt":"2025-08-27T19:33:47","guid":{"rendered":"https:\/\/roveyayinevi.com.tr\/index.php\/urun\/melodi-merdiven\/"},"modified":"2026-04-16T02:42:48","modified_gmt":"2026-04-15T23:42:48","slug":"melodi-merdiven","status":"publish","type":"product","link":"https:\/\/roveyayinevi.com.tr\/index.php\/urun\/melodi-merdiven\/","title":{"rendered":"Melodi Merdiven"},"content":{"rendered":"<p>M\u00fczi\u011fin dilinden anlayan, notalar\u0131 bilen a\u011fustosb\u00f6ce\u011fi, bildiklerini acemi \u00e7obana \u00f6\u011fretmeye haz\u0131r. B\u00f6ylece acemi \u00e7oban, koyunlar\u0131yla ileti\u015fim kurarken m\u00fczikten faydalanabilecek. Onlar melodi merdivende ad\u0131m ad\u0131m notalar\u0131 tan\u0131y\u0131p \u015fark\u0131lar\u0131n\u0131 olu\u015ftururken, bizler de sayfalardaki karekodlar\u0131 okutarak bu yolculu\u011fa e\u015flik edebiliriz.   Ya\u015fam boyu en yak\u0131n dostlar\u0131m\u0131zdan biri olan m\u00fczi\u011fin dilini \u00f6\u011frenmeyi kim istemez\u2026 M\u00fczik \u00f6\u011fretmeni \u00d6zlem Yurteri G\u00fcrevin ve yazar-\u00e7izer Ece Zeber\u2019in birlikte yazd\u0131klar\u0131, her sayfas\u0131 m\u00fczikle dolu Melodi Merdiven, \u00e7ocuklar\u0131 notalar\u0131n b\u00fcy\u00fcl\u00fc d\u00fcnyas\u0131na davet ediyor.  <\/p>\n","protected":false},"excerpt":{"rendered":"<p>M\u00fczi\u011fin dilinden anlayan, notalar\u0131 bilen a\u011fustosb\u00f6ce\u011fi, bildiklerini acemi \u00e7obana \u00f6\u011fretmeye haz\u0131r. B\u00f6ylece acemi \u00e7oban, koyunlar\u0131yla ileti\u015fim kurarken m\u00fczikten faydalanabilecek. Onlar melodi merdivende ad\u0131m ad\u0131m notalar\u0131 tan\u0131y\u0131p<span class=\"excerpt-hellip\"> [\u2026]<\/span><\/p>\n","protected":false},"featured_media":0,"template":"","meta":{"_monsterinsights_skip_tracking":false,"_monsterinsights_sitenote_active":false,"_monsterinsights_sitenote_note":"","_monsterinsights_sitenote_category":0},"product_brand":[],"product_cat":[12913,12274],"product_tag":[],"class_list":{"0":"post-734730","1":"product","2":"type-product","3":"status-publish","5":"product_cat-3-6-yas-kitaplari","6":"product_cat-cocuk-ve-genclik-kitaplari","7":"pa_cilt-ciltsiz","8":"pa_tur-kitap","9":"pa_yayinevi-redhouse-kidz-yayinlari","10":"pa_yazar-ece-zeber-ozlem-yurteri-gurevin","12":"first","13":"instock","14":"sale","15":"shipping-taxable","16":"purchasable","17":"product-type-simple"},"_links":{"self":[{"href":"https:\/\/roveyayinevi.com.tr\/index.php\/wp-json\/wp\/v2\/product\/734730","targetHints":{"allow":["GET"]}}],"collection":[{"href":"https:\/\/roveyayinevi.com.tr\/index.php\/wp-json\/wp\/v2\/product"}],"about":[{"href":"https:\/\/roveyayinevi.com.tr\/index.php\/wp-json\/wp\/v2\/types\/product"}],"wp:attachment":[{"href":"https:\/\/roveyayinevi.com.tr\/index.php\/wp-json\/wp\/v2\/media?parent=734730"}],"wp:term":[{"taxonomy":"product_brand","embeddable":true,"href":"https:\/\/roveyayinevi.com.tr\/index.php\/wp-json\/wp\/v2\/product_brand?post=734730"},{"taxonomy":"product_cat","embeddable":true,"href":"https:\/\/roveyayinevi.com.tr\/index.php\/wp-json\/wp\/v2\/product_cat?post=734730"},{"taxonomy":"product_tag","embeddable":true,"href":"https:\/\/roveyayinevi.com.tr\/index.php\/wp-json\/wp\/v2\/product_tag?post=734730"}],"curies":[{"name":"wp","href":"https:\/\/api.w.org\/{rel}","templated":true}]}}