{"id":734724,"date":"2025-08-27T22:33:42","date_gmt":"2025-08-27T19:33:42","guid":{"rendered":"https:\/\/roveyayinevi.com.tr\/index.php\/urun\/tarihsel-dunyanin-tin-bilimlerinde-kurulumu\/"},"modified":"2026-04-16T02:42:47","modified_gmt":"2026-04-15T23:42:47","slug":"tarihsel-dunyanin-tin-bilimlerinde-kurulumu","status":"publish","type":"product","link":"https:\/\/roveyayinevi.com.tr\/index.php\/urun\/tarihsel-dunyanin-tin-bilimlerinde-kurulumu\/","title":{"rendered":"Tarihsel D\u00fcnyan\u0131n Tin Bilimlerinde Kurulumu"},"content":{"rendered":"<p>\u0130nsan, d\u00fcnyay\u0131 hayat\u0131n d\u0131\u015f\u0131nda kavramay\u0131 denedi. Oysa d\u00fcnyay\u0131 anlaman\u0131n tek yolu hayat\u0131 anlamland\u0131rmaktan ge\u00e7iyordu. \u0130nsan, sadece kendi eylemleri, ya\u015fam ifadeleri ve bunlar\u0131n di\u011fer insanlar \u00fczerindeki etkileri yoluyla kendisini tan\u0131yabilir. Anlam ve mana ilk olarak insanda ve onun tarihinde meydana gelir. Ya\u015fant\u0131, ifade ve anlam aras\u0131ndaki ili\u015fki her yerdedir ve Tin Bilimleri temelini bu ili\u015fkide bulur. Bu kitap Alman filozof Wilhelm Dilthey\u2019\u0131n ba\u015fyap\u0131t\u0131d\u0131r. Tarihsel insan\u0131n \u00fcr\u00fcn\u00fc olarak tarihsel d\u00fcnyan\u0131n Tin Bilimlerinde kurulumunun imk\u00e2n\u0131n\u0131 aramaktad\u0131r. Tin Bilimlerinin ger\u00e7ekli\u011fini meydana koymakta ve onu bilgi kuramsal a\u00e7\u0131dan temellendirmektedir. Tarihsel akl\u0131n ele\u015ftirisini kendisine g\u00f6rev bilen bu kitap, ayn\u0131 zamanda Leibniz\u2019den Kant\u2019a, Hegel\u2019den Schleichermacher, Schelling ve Fichte\u2019ye dek \u00f6zg\u00fcn bir felsefe tarihi okumas\u0131 sunmaktad\u0131r. <\/p>\n","protected":false},"excerpt":{"rendered":"<p>\u0130nsan, d\u00fcnyay\u0131 hayat\u0131n d\u0131\u015f\u0131nda kavramay\u0131 denedi. Oysa d\u00fcnyay\u0131 anlaman\u0131n tek yolu hayat\u0131 anlamland\u0131rmaktan ge\u00e7iyordu. \u0130nsan, sadece kendi eylemleri, ya\u015fam ifadeleri ve bunlar\u0131n di\u011fer insanlar \u00fczerindeki etkileri<span class=\"excerpt-hellip\"> [\u2026]<\/span><\/p>\n","protected":false},"featured_media":0,"template":"","meta":{"_monsterinsights_skip_tracking":false,"_monsterinsights_sitenote_active":false,"_monsterinsights_sitenote_note":"","_monsterinsights_sitenote_category":0},"product_brand":[],"product_cat":[12388,14717],"product_tag":[],"class_list":{"0":"post-734724","1":"product","2":"type-product","3":"status-publish","5":"product_cat-felsefe","6":"product_cat-felsefe-tarihi","7":"pa_cilt-ciltsiz","8":"pa_tur-kitap","9":"pa_yayinevi-fol-kitap","10":"pa_yazar-wilhelm-dilthey","12":"first","13":"instock","14":"sale","15":"shipping-taxable","16":"purchasable","17":"product-type-simple"},"_links":{"self":[{"href":"https:\/\/roveyayinevi.com.tr\/index.php\/wp-json\/wp\/v2\/product\/734724","targetHints":{"allow":["GET"]}}],"collection":[{"href":"https:\/\/roveyayinevi.com.tr\/index.php\/wp-json\/wp\/v2\/product"}],"about":[{"href":"https:\/\/roveyayinevi.com.tr\/index.php\/wp-json\/wp\/v2\/types\/product"}],"wp:attachment":[{"href":"https:\/\/roveyayinevi.com.tr\/index.php\/wp-json\/wp\/v2\/media?parent=734724"}],"wp:term":[{"taxonomy":"product_brand","embeddable":true,"href":"https:\/\/roveyayinevi.com.tr\/index.php\/wp-json\/wp\/v2\/product_brand?post=734724"},{"taxonomy":"product_cat","embeddable":true,"href":"https:\/\/roveyayinevi.com.tr\/index.php\/wp-json\/wp\/v2\/product_cat?post=734724"},{"taxonomy":"product_tag","embeddable":true,"href":"https:\/\/roveyayinevi.com.tr\/index.php\/wp-json\/wp\/v2\/product_tag?post=734724"}],"curies":[{"name":"wp","href":"https:\/\/api.w.org\/{rel}","templated":true}]}}