{"id":734723,"date":"2025-08-27T22:33:41","date_gmt":"2025-08-27T19:33:41","guid":{"rendered":"https:\/\/roveyayinevi.com.tr\/index.php\/urun\/uluslararasi-guvenlik-yeni-dunya-duzeni-ve-turkiye\/"},"modified":"2026-04-16T02:42:47","modified_gmt":"2026-04-15T23:42:47","slug":"uluslararasi-guvenlik-yeni-dunya-duzeni-ve-turkiye","status":"publish","type":"product","link":"https:\/\/roveyayinevi.com.tr\/index.php\/urun\/uluslararasi-guvenlik-yeni-dunya-duzeni-ve-turkiye\/","title":{"rendered":"Uluslararas\u0131 G\u00fcvenlik, Yeni D\u00fcnya D\u00fczeni ve T\u00fcrkiye"},"content":{"rendered":"<p>Sava\u015flar\u0131n artt\u0131\u011f\u0131, rekabetin iyice k\u0131z\u0131\u015ft\u0131\u011f\u0131, ittifak ve ihtilaflar\u0131n her g\u00fcn yeniden \u015fekillendi\u011fi, on y\u0131lda ger\u00e7ekle\u015febilecek olaylar\u0131n bir y\u0131lda konsantre olarak ya\u015fand\u0131\u011f\u0131 olduk\u00e7a karma\u015f\u0131k, izlenmesi ve anla\u015f\u0131lmas\u0131 zor bir uluslararas\u0131 panoramayla kar\u015f\u0131 kar\u015f\u0131ya bulunmaktay\u0131z. ABD\u2019nin \u00f6nemli \u00f6l\u00e7\u00fcde g\u00fc\u00e7 kaybetti\u011fi, uluslararas\u0131 kurum ve kurulu\u015flar\u0131n i\u015flevsizle\u015fti\u011fi ve \u00c7in gibi bir s\u00fcper g\u00fcc\u00fcn d\u00fcnya \u00fczerinde h\u00fck\u00fcmranl\u0131k iddias\u0131nda bulundu\u011fu bir zaman diliminden ge\u00e7mekteyiz. \u00d6zellikle son on y\u0131lda g\u00f6r\u00fcn\u00fcrl\u00fck kazanmaya ba\u015flayan g\u00fc\u00e7 dengesindeki bu kayma, eski defterlerin yeniden a\u00e7\u0131lmas\u0131na, y\u00fcz y\u0131ll\u0131k donmu\u015f ihtilaflar\u0131n derin dondurucudan \u00e7\u0131kart\u0131lmas\u0131na ve \u00f6n\u00fcm\u00fczdeki y\u00fczy\u0131l\u0131 belirleyecek stratejik hamlelerin birbiri ard\u0131nca at\u0131lmas\u0131na yol a\u00e7maktad\u0131r. T\u00fcm bu analizler ba\u011flam\u0131nda kitab\u0131m\u0131z, uluslararas\u0131 g\u00fcvenlikle d\u00fcnya d\u00fczeni tart\u0131\u015fmalar\u0131 aras\u0131nda g\u00fc\u00e7l\u00fc bir korelasyonun mevcudiyeti varsay\u0131m\u0131ndan hareketle, g\u00fcn\u00fcm\u00fczde ABD-\u00c7\u0130N-RUSYA aras\u0131nda, merkezinde Do\u011fu Akdeniz\u2019in yer ald\u0131\u011f\u0131 h\u00e2kimiyet m\u00fccadelesi neticesinde yeni bir d\u00fcnya d\u00fczeninin in\u015fa edilece\u011fini, olu\u015facak yeni d\u00fczenin tek bir hegemon g\u00fc\u00e7 taraf\u0131ndan y\u00f6netilemeyece\u011fini, yeni d\u00fcnya d\u00fczeninin tek bir k\u00fcresel\/s\u00fcper\/hiper g\u00fc\u00e7 yerine teknoloji ve dijitalle\u015fme a\u00e7\u0131s\u0131ndan iki kutba ayr\u0131lm\u0131\u015f bir \u00e7oklu liderlik mekanizmas\u0131 yarataca\u011f\u0131n\u0131 ve bu yeni kurulacak d\u00fcnyada T\u00fcrkiye\u2019nin etki ve n\u00fcfuzunu art\u0131rarak b\u00f6lgesel g\u00fc\u00e7 olmaktan k\u00fcresel bir akt\u00f6r olma istikametine do\u011fru ilerleyece\u011fini iddia etmektedir.  Suriye\u2019den Libya\u2019ya, Karaba\u011f\u2019dan Afganistan\u2019a T\u00fcrk n\u00fcfuz alan\u0131nda olup biteni farkl\u0131 co\u011frafyalara dair derin bir sosyolojik, jeopolitik ve siyasi analiz e\u015fli\u011finde anlatan Uluslararas\u0131 G\u00fcvenlik, Yeni D\u00fcnya D\u00fczeni ve T\u00fcrkiye, yeni bir d\u00fcnya d\u00fczeninin in\u015fas\u0131nda yer alan akt\u00f6r ve s\u00fcre\u00e7ler aras\u0131nda korelasyon kurarak uluslararas\u0131 g\u00fcvenlik kavram\u0131na olduk\u00e7a farkl\u0131 ve \u00f6zg\u00fcn bir perspektif kazand\u0131r\u0131yor.<\/p>\n","protected":false},"excerpt":{"rendered":"<p>Sava\u015flar\u0131n artt\u0131\u011f\u0131, rekabetin iyice k\u0131z\u0131\u015ft\u0131\u011f\u0131, ittifak ve ihtilaflar\u0131n her g\u00fcn yeniden \u015fekillendi\u011fi, on y\u0131lda ger\u00e7ekle\u015febilecek olaylar\u0131n bir y\u0131lda konsantre olarak ya\u015fand\u0131\u011f\u0131 olduk\u00e7a karma\u015f\u0131k, izlenmesi ve anla\u015f\u0131lmas\u0131<span class=\"excerpt-hellip\"> [\u2026]<\/span><\/p>\n","protected":false},"featured_media":0,"template":"","meta":{"_monsterinsights_skip_tracking":false,"_monsterinsights_sitenote_active":false,"_monsterinsights_sitenote_note":"","_monsterinsights_sitenote_category":0},"product_brand":[],"product_cat":[13590,12337],"product_tag":[],"class_list":{"0":"post-734723","1":"product","2":"type-product","3":"status-publish","5":"product_cat-arastirma-inceleme-politika-siyaset","6":"product_cat-politika-siyaset","7":"pa_cilt-ciltsiz","8":"pa_tur-kitap","9":"pa_yayinevi-bilge-kultur-sanat","10":"pa_yazar-husamettin-inac","12":"first","13":"instock","14":"sale","15":"shipping-taxable","16":"purchasable","17":"product-type-simple"},"_links":{"self":[{"href":"https:\/\/roveyayinevi.com.tr\/index.php\/wp-json\/wp\/v2\/product\/734723","targetHints":{"allow":["GET"]}}],"collection":[{"href":"https:\/\/roveyayinevi.com.tr\/index.php\/wp-json\/wp\/v2\/product"}],"about":[{"href":"https:\/\/roveyayinevi.com.tr\/index.php\/wp-json\/wp\/v2\/types\/product"}],"wp:attachment":[{"href":"https:\/\/roveyayinevi.com.tr\/index.php\/wp-json\/wp\/v2\/media?parent=734723"}],"wp:term":[{"taxonomy":"product_brand","embeddable":true,"href":"https:\/\/roveyayinevi.com.tr\/index.php\/wp-json\/wp\/v2\/product_brand?post=734723"},{"taxonomy":"product_cat","embeddable":true,"href":"https:\/\/roveyayinevi.com.tr\/index.php\/wp-json\/wp\/v2\/product_cat?post=734723"},{"taxonomy":"product_tag","embeddable":true,"href":"https:\/\/roveyayinevi.com.tr\/index.php\/wp-json\/wp\/v2\/product_tag?post=734723"}],"curies":[{"name":"wp","href":"https:\/\/api.w.org\/{rel}","templated":true}]}}