{"id":734722,"date":"2025-08-27T22:33:40","date_gmt":"2025-08-27T19:33:40","guid":{"rendered":"https:\/\/roveyayinevi.com.tr\/index.php\/urun\/edebiyattaki-tren-su-bildigimiz-tren-mi\/"},"modified":"2026-04-16T02:42:47","modified_gmt":"2026-04-15T23:42:47","slug":"edebiyattaki-tren-su-bildigimiz-tren-mi","status":"publish","type":"product","link":"https:\/\/roveyayinevi.com.tr\/index.php\/urun\/edebiyattaki-tren-su-bildigimiz-tren-mi\/","title":{"rendered":"Edebiyattaki Tren, \u015eu Bildi\u011fimiz Tren mi?"},"content":{"rendered":"<p>Tren, yery\u00fcz\u00fcn\u00fcn g\u00f6r\u00fcn\u00fcm\u00fcn\u00fc h\u0131zla de\u011fi\u015ftirdi. Yery\u00fcz\u00fcn\u00fcn somut g\u00f6r\u00fcn\u00fcm\u00fcn\u00fc de\u011fi\u015ftirmekle kalmad\u0131, insanlar\u0131n ruhsal yap\u0131s\u0131n\u0131 da de\u011fi\u015ftirdi. Tren, ya da buhar makinesi de diyebiliriz, k\u00fcreselle\u015fmeyi de b\u00f6ylece ba\u015flatm\u0131\u015f oldu. Zaman, uzakl\u0131k, yolculuk, disiplin, dakiklik ve belki de en \u00f6nemlisi uygarl\u0131k anlay\u0131\u015f\u0131m\u0131z evrildi. Bu \u00e7al\u0131\u015fmada, \u00f6nce tren olgusunun getirdi\u011fi somut de\u011fi\u015fikliklere k\u0131saca bakmak, sonra da bunlar\u0131n k\u00fclt\u00fcre nas\u0131l yans\u0131d\u0131\u011f\u0131n\u0131, yani edebiyattaki trenin neyi simgeledi\u011fini ara\u015ft\u0131rmak istedim. \u0130ncelenen metinler, T\u00fcrk edebiyat\u0131ndan se\u00e7ildi: Cumhuriyet\u2019ten bug\u00fcne ge\u00e7en s\u00fcre i\u00e7inde yaz\u0131lm\u0131\u015f 12 roman ve 43 k\u0131sa \u00f6yk\u00fc. Y\u00f6ntem olarak Bahtin\u2019in kronotop y\u00f6ntemine ve k\u0131smen Foucault\u2019nun heterotopya konusundaki g\u00f6r\u00fc\u015flerine ba\u015fvuruldu. Treni bir k\u00fclt\u00fcr g\u00f6stergesi olarak nitelemek m\u00fcmk\u00fcn, ancak \u00e7\u00f6z\u00fcmlemelerin sonunda bu g\u00f6stergenin (hem g\u00f6steren hem g\u00f6sterilen temelinde) olduk\u00e7a de\u011fi\u015fken oldu\u011fu g\u00f6r\u00fcld\u00fc. \u0130lk ba\u015flarda Cumhuriyet\u2019in demiryolu projesiyle birlikte yol alan edebiyat trenleri, son d\u00f6nemlerde paralel d\u00fcnyalar\u0131n ta\u015f\u0131y\u0131c\u0131lar\u0131 olmaya ba\u015flad\u0131lar. \u0130\u015fte as\u0131l can al\u0131c\u0131 soru da burada kar\u015f\u0131m\u0131za \u00e7\u0131k\u0131yor: Neden, \u00e7ok daha geli\u015fmi\u015f ula\u015f\u0131m ara\u00e7lar\u0131 ortaya \u00e7\u0131km\u0131\u015fken, h\u00e2l\u00e2 tren simgesine ba\u015fvurulmakta?<\/p>\n","protected":false},"excerpt":{"rendered":"<p>Tren, yery\u00fcz\u00fcn\u00fcn g\u00f6r\u00fcn\u00fcm\u00fcn\u00fc h\u0131zla de\u011fi\u015ftirdi. Yery\u00fcz\u00fcn\u00fcn somut g\u00f6r\u00fcn\u00fcm\u00fcn\u00fc de\u011fi\u015ftirmekle kalmad\u0131, insanlar\u0131n ruhsal yap\u0131s\u0131n\u0131 da de\u011fi\u015ftirdi. Tren, ya da buhar makinesi de diyebiliriz, k\u00fcreselle\u015fmeyi de b\u00f6ylece ba\u015flatm\u0131\u015f<span class=\"excerpt-hellip\"> [\u2026]<\/span><\/p>\n","protected":false},"featured_media":0,"template":"","meta":{"_monsterinsights_skip_tracking":false,"_monsterinsights_sitenote_active":false,"_monsterinsights_sitenote_note":"","_monsterinsights_sitenote_category":0},"product_brand":[],"product_cat":[13072,12291],"product_tag":[],"class_list":{"0":"post-734722","1":"product","2":"type-product","3":"status-publish","5":"product_cat-arastirma-inceleme-referans","6":"product_cat-edebiyat","7":"pa_cilt-ciltsiz","8":"pa_tur-kitap","9":"pa_yayinevi-bilge-kultur-sanat","10":"pa_yazar-fatma-erkman-akerson","12":"first","13":"instock","14":"sale","15":"shipping-taxable","16":"purchasable","17":"product-type-simple"},"_links":{"self":[{"href":"https:\/\/roveyayinevi.com.tr\/index.php\/wp-json\/wp\/v2\/product\/734722","targetHints":{"allow":["GET"]}}],"collection":[{"href":"https:\/\/roveyayinevi.com.tr\/index.php\/wp-json\/wp\/v2\/product"}],"about":[{"href":"https:\/\/roveyayinevi.com.tr\/index.php\/wp-json\/wp\/v2\/types\/product"}],"wp:attachment":[{"href":"https:\/\/roveyayinevi.com.tr\/index.php\/wp-json\/wp\/v2\/media?parent=734722"}],"wp:term":[{"taxonomy":"product_brand","embeddable":true,"href":"https:\/\/roveyayinevi.com.tr\/index.php\/wp-json\/wp\/v2\/product_brand?post=734722"},{"taxonomy":"product_cat","embeddable":true,"href":"https:\/\/roveyayinevi.com.tr\/index.php\/wp-json\/wp\/v2\/product_cat?post=734722"},{"taxonomy":"product_tag","embeddable":true,"href":"https:\/\/roveyayinevi.com.tr\/index.php\/wp-json\/wp\/v2\/product_tag?post=734722"}],"curies":[{"name":"wp","href":"https:\/\/api.w.org\/{rel}","templated":true}]}}