{"id":734721,"date":"2025-08-27T22:33:39","date_gmt":"2025-08-27T19:33:39","guid":{"rendered":"https:\/\/roveyayinevi.com.tr\/index.php\/urun\/yazarak-yasadim\/"},"modified":"2026-04-16T02:42:47","modified_gmt":"2026-04-15T23:42:47","slug":"yazarak-yasadim","status":"publish","type":"product","link":"https:\/\/roveyayinevi.com.tr\/index.php\/urun\/yazarak-yasadim\/","title":{"rendered":"Yazarak Ya\u015fad\u0131m"},"content":{"rendered":"<p>Kemalettin Tu\u011fcu, yazmaya ba\u015flad\u0131\u011f\u0131 1930\u2019lardan vefat etti\u011fi 1996 y\u0131l\u0131na kadar kendi ku\u015fa\u011f\u0131n\u0131n en \u00e7ok okunmu\u015f yazarlar\u0131ndan biridir. Edebiyat kamusunun g\u00f6rmezlikten geldi\u011fi Tu\u011fcu, birka\u00e7 vicdanl\u0131 kalem d\u0131\u015f\u0131nda savunulmam\u0131\u015f ve d\u00fcnyaya h\u00fcz\u00fcnle veda etmi\u015f bir yazard\u0131r.   T\u00fcrkiye\u2019de Kemalettin Tu\u011fcu\u2019nun \u00e7ok ele\u015ftirilmesinin arkas\u0131nda iki \u00f6nemli neden yatmaktad\u0131r: Yazarl\u0131\u011f\u0131nda ideoloji s\u00f6zc\u00fcl\u00fc\u011f\u00fcnden uzak bir tutum izlemi\u015f, kendini edebiyat\u00e7\u0131 kabul etmedi\u011fini itiraf etmekten de \u00e7ekinmemi\u015ftir. Yo\u011fun ele\u015ftirilere ra\u011fmen Tu\u011fcu, birka\u00e7 ku\u015fak taraf\u0131ndan okunmu\u015f ve \u00e7ocuklara okumay\u0131 sevdiren bir yazar olarak tan\u0131nm\u0131\u015ft\u0131r.   Kemalettin Tu\u011fcu kimdir ve nas\u0131l bir yazard\u0131r? Ni\u00e7in aile, \u00e7ocuk ve gen\u00e7li\u011fe y\u00f6nelik kitaplar\u0131 ilgi g\u00f6rm\u00fc\u015f ve \u00e7ok okunmu\u015ftur? \u00c7ocuk edebiyat\u0131 tarihimizde yeri nedir ve nas\u0131l bir \u00e7ocuk yazar\u0131d\u0131r? Bir d\u00f6nem yazar\u0131 olan Tu\u011fcu\u2019nun bug\u00fcn h\u00e2l\u00e2 okunuyor olmas\u0131 nas\u0131l a\u00e7\u0131klanabilir? Kitaplar\u0131ndan birka\u00e7\u0131n\u0131 \u00e7ocuklu\u011funda okuyan ve sonraki y\u0131llarda yazarla dost olan Mustafa Ruhi \u015eirin, yazar\u0131n kronolojisinden yola \u00e7\u0131karak bir vefa kitab\u0131 haz\u0131rlad\u0131. Kitab\u0131n ad\u0131, Tu\u011fcu\u2019nun kendini savundu\u011fu iki kelimeden olu\u015fuyor: \u201cYazarak Ya\u015fad\u0131m.\u201d Yazarl\u0131\u011f\u0131n\u0131n ve \u00e7ok okunmas\u0131n\u0131n \u015fifreleri bu iki kelimede sakl\u0131d\u0131r. <\/p>\n","protected":false},"excerpt":{"rendered":"<p>Kemalettin Tu\u011fcu, yazmaya ba\u015flad\u0131\u011f\u0131 1930\u2019lardan vefat etti\u011fi 1996 y\u0131l\u0131na kadar kendi ku\u015fa\u011f\u0131n\u0131n en \u00e7ok okunmu\u015f yazarlar\u0131ndan biridir. Edebiyat kamusunun g\u00f6rmezlikten geldi\u011fi Tu\u011fcu, birka\u00e7 vicdanl\u0131 kalem d\u0131\u015f\u0131nda<span class=\"excerpt-hellip\"> [\u2026]<\/span><\/p>\n","protected":false},"featured_media":0,"template":"","meta":{"_monsterinsights_skip_tracking":false,"_monsterinsights_sitenote_active":false,"_monsterinsights_sitenote_note":"","_monsterinsights_sitenote_category":0},"product_brand":[],"product_cat":[13072,12291],"product_tag":[],"class_list":{"0":"post-734721","1":"product","2":"type-product","3":"status-publish","5":"product_cat-arastirma-inceleme-referans","6":"product_cat-edebiyat","7":"pa_cilt-ciltsiz","8":"pa_tur-kitap","9":"pa_yayinevi-muhit-kitap","10":"pa_yazar-mustafa-ruhi-sirin","12":"first","13":"instock","14":"sale","15":"shipping-taxable","16":"purchasable","17":"product-type-simple"},"_links":{"self":[{"href":"https:\/\/roveyayinevi.com.tr\/index.php\/wp-json\/wp\/v2\/product\/734721","targetHints":{"allow":["GET"]}}],"collection":[{"href":"https:\/\/roveyayinevi.com.tr\/index.php\/wp-json\/wp\/v2\/product"}],"about":[{"href":"https:\/\/roveyayinevi.com.tr\/index.php\/wp-json\/wp\/v2\/types\/product"}],"wp:attachment":[{"href":"https:\/\/roveyayinevi.com.tr\/index.php\/wp-json\/wp\/v2\/media?parent=734721"}],"wp:term":[{"taxonomy":"product_brand","embeddable":true,"href":"https:\/\/roveyayinevi.com.tr\/index.php\/wp-json\/wp\/v2\/product_brand?post=734721"},{"taxonomy":"product_cat","embeddable":true,"href":"https:\/\/roveyayinevi.com.tr\/index.php\/wp-json\/wp\/v2\/product_cat?post=734721"},{"taxonomy":"product_tag","embeddable":true,"href":"https:\/\/roveyayinevi.com.tr\/index.php\/wp-json\/wp\/v2\/product_tag?post=734721"}],"curies":[{"name":"wp","href":"https:\/\/api.w.org\/{rel}","templated":true}]}}