{"id":734719,"date":"2025-08-27T22:33:37","date_gmt":"2025-08-27T19:33:37","guid":{"rendered":"https:\/\/roveyayinevi.com.tr\/index.php\/urun\/tek-yol-permakultur\/"},"modified":"2026-04-16T02:42:47","modified_gmt":"2026-04-15T23:42:47","slug":"tek-yol-permakultur","status":"publish","type":"product","link":"https:\/\/roveyayinevi.com.tr\/index.php\/urun\/tek-yol-permakultur\/","title":{"rendered":"Tek Yol  Permak\u00fclt\u00fcr"},"content":{"rendered":"<p>S\u00fcrd\u00fcr\u00fclebilir Bir D\u00fcnya \u0130n\u015fa Etmek \u0130\u00e7in Pratik Ad\u0131mlar   Permak\u00fclt\u00fcr nedir? Neye hizmet eder? Permak\u00fclt\u00fcr\u2019e nas\u0131l ba\u015flan\u0131r? Ne gibi kazan\u0131mlar elde edilir? T\u00fcm bu sorulara ve daha pek \u00e7ok konuya dair yan\u0131tlar bulaca\u011f\u0131n\u0131z, pratik \u00e7\u00f6z\u00fcmler \u00fcreten kapsaml\u0131 bir eser Tek Yol Permak\u00fclt\u00fcr.   Elinizdeki eser, bir ya\u015fam bi\u00e7imi olarak Permak\u00fclt\u00fcr\u2019\u00fc ve sonu\u00e7lar\u0131n\u0131 anlat\u0131yor. \u0130sraf\u0131 en aza indiren, \u00e7evreye zarar vermeden zenginlik yaratan, kaynaklar\u0131 maksimum d\u00fczeyde kullan\u0131rken do\u011fay\u0131 da bozmayan, gezegeni onararak gelece\u011fe umutla bakmam\u0131z\u0131 sa\u011flayan y\u00f6ntemler sunuyor. Tek Yol Permak\u00fclt\u00fcr\u2019\u00fcn en \u00f6nemli vurgusu ise her birimize d\u00fcnyay\u0131 kendi evimizden bah\u00e7emizden de\u011fi\u015ftirme g\u00fcc\u00fcn\u00fcn oldu\u011funu g\u00f6stermesi. Permak\u00fclt\u00fcr\u2019\u00fcn, her \u015feyden uzakla\u015fmak de\u011fil, aksine bulundu\u011fumuz noktada hayat\u0131m\u0131z\u0131n kontrol\u00fcn\u00fc elimizde tutmak anlam\u0131na geldi\u011fini; her k\u00fclt\u00fcrde, her iklimde herhangi bir beceriye sahip bir bireyin kolayca yapabilece\u011fi bir sistem oldu\u011funu ve dolay\u0131s\u0131yla k\u00fcresel etkilere sahip bir uygulama oldu\u011fu ger\u00e7e\u011fini hat\u0131rlat\u0131yor.   Permak\u00fclt\u00fcr\u2019\u00fcn \u00f6nc\u00fclerinden olan Graham Bell Tek Yol Permak\u00fclt\u00fcr\u2019de kendimiz, do\u011fam\u0131z ve gelece\u011fimiz i\u00e7in neler yapmam\u0131z gerekti\u011fini ad\u0131m ad\u0131m g\u00f6steriyor bizlere. \u00d6rnekler veriyor, modeller sunuyor ve Permak\u00fclt\u00fcr\u2019le in\u015fa edilecek bir hayat\u0131n her a\u015famas\u0131n\u0131 en ince ayr\u0131nt\u0131s\u0131na dek planlayarak anlat\u0131yor.   T\u00fcketimci ya\u015fam tarz\u0131ndan uzakla\u015fmak istiyorsan\u0131z; hayat\u0131n\u0131z\u0131 daha kal\u0131c\u0131 de\u011ferlerle in\u015fa etmek istiyorsan\u0131z, \u201cD\u00fcnyam\u0131z\u0131 iyile\u015ftirmek i\u00e7in ne yapabilirim?\u201d sorusuna yan\u0131t ar\u0131yorsan\u0131z, do\u011fayla daha uyumlu ya\u015faman\u0131n yollar\u0131n\u0131 sorguluyorsan\u0131z, &#8220;k\u00f6t\u00fcl\u00fc\u011f\u00fcn zaferi i\u00e7in gerekli olan tek \u015fey iyilerin hi\u00e7bir \u015fey yapmamas\u0131d\u0131r&#8221; \u015fiar\u0131na kat\u0131l\u0131yorsan\u0131z; o zaman arad\u0131\u011f\u0131n\u0131z kitap Tek Yol Permak\u00fclt\u00fcr\u2019d\u00fcr. Bu eser, daha iyi bir d\u00fcnya in\u015fa etmek isteyen herkesin k\u00fct\u00fcphanesinde \u00e7oktan yerini alm\u0131\u015f vaziyette. \u015eimdi s\u0131ra sizde!   \u201cS\u00fcrd\u00fcr\u00fclebilir bir gelecek yaratma konusunda bize d\u00fc\u015fen g\u00f6rev asl\u0131nda hayli k\u00fc\u00e7\u00fck. Az bir \u00e7abayla ve benimseyece\u011fimiz etik de\u011ferler b\u00fct\u00fcn\u00fcyle toplum ve topra\u011f\u0131 iyile\u015ftirmemiz m\u00fcmk\u00fcn. Graham bizi ileri g\u00f6t\u00fcrecek yolu g\u00f6steriyor\u2026\u201d Bill Mollison   \u201cL\u00fctfen bu kitab\u0131 al\u0131n, kitapl\u0131\u011f\u0131n\u0131za ya da sehpan\u0131za koymay\u0131p ilkelerini g\u00fcndelik ya\u015fam\u0131n\u0131zda kullan\u0131n. Bar\u0131nd\u0131rd\u0131\u011f\u0131 bilgelikle \u00e7ocuklar\u0131n\u0131z\u0131 e\u011fitin ve yerel, ulusal, uluslararas\u0131 y\u00f6netimlerin kararlar\u0131n\u0131 etkilemeye \u00e7al\u0131\u015f\u0131n.\u201d David Bellamy <\/p>\n","protected":false},"excerpt":{"rendered":"<p>S\u00fcrd\u00fcr\u00fclebilir Bir D\u00fcnya \u0130n\u015fa Etmek \u0130\u00e7in Pratik Ad\u0131mlar Permak\u00fclt\u00fcr nedir? Neye hizmet eder? Permak\u00fclt\u00fcr\u2019e nas\u0131l ba\u015flan\u0131r? Ne gibi kazan\u0131mlar elde edilir? T\u00fcm bu sorulara ve daha<span class=\"excerpt-hellip\"> [\u2026]<\/span><\/p>\n","protected":false},"featured_media":0,"template":"","meta":{"_monsterinsights_skip_tracking":false,"_monsterinsights_sitenote_active":false,"_monsterinsights_sitenote_note":"","_monsterinsights_sitenote_category":0},"product_brand":[],"product_cat":[23323,12364],"product_tag":[],"class_list":{"0":"post-734719","1":"product","2":"type-product","3":"status-publish","5":"product_cat-ekoloji","6":"product_cat-genel-konular","7":"pa_cilt-ciltsiz","8":"pa_tur-kitap","9":"pa_yayinevi-yelkovan-kitap","10":"pa_yazar-graham-bell","12":"first","13":"instock","14":"sale","15":"shipping-taxable","16":"purchasable","17":"product-type-simple"},"_links":{"self":[{"href":"https:\/\/roveyayinevi.com.tr\/index.php\/wp-json\/wp\/v2\/product\/734719","targetHints":{"allow":["GET"]}}],"collection":[{"href":"https:\/\/roveyayinevi.com.tr\/index.php\/wp-json\/wp\/v2\/product"}],"about":[{"href":"https:\/\/roveyayinevi.com.tr\/index.php\/wp-json\/wp\/v2\/types\/product"}],"wp:attachment":[{"href":"https:\/\/roveyayinevi.com.tr\/index.php\/wp-json\/wp\/v2\/media?parent=734719"}],"wp:term":[{"taxonomy":"product_brand","embeddable":true,"href":"https:\/\/roveyayinevi.com.tr\/index.php\/wp-json\/wp\/v2\/product_brand?post=734719"},{"taxonomy":"product_cat","embeddable":true,"href":"https:\/\/roveyayinevi.com.tr\/index.php\/wp-json\/wp\/v2\/product_cat?post=734719"},{"taxonomy":"product_tag","embeddable":true,"href":"https:\/\/roveyayinevi.com.tr\/index.php\/wp-json\/wp\/v2\/product_tag?post=734719"}],"curies":[{"name":"wp","href":"https:\/\/api.w.org\/{rel}","templated":true}]}}