{"id":734716,"date":"2025-08-27T22:33:35","date_gmt":"2025-08-27T19:33:35","guid":{"rendered":"https:\/\/roveyayinevi.com.tr\/index.php\/urun\/halife-abdulmecid-efendi\/"},"modified":"2026-04-16T02:42:47","modified_gmt":"2026-04-15T23:42:47","slug":"halife-abdulmecid-efendi","status":"publish","type":"product","link":"https:\/\/roveyayinevi.com.tr\/index.php\/urun\/halife-abdulmecid-efendi\/","title":{"rendered":"Halife Abd\u00fclmecid Efendi"},"content":{"rendered":"<p>Osmanl\u0131\u2019n\u0131n son halifesi Abd\u00fclmecid Efendi, \u00f6l\u00fcm\u00fcn\u00fcn \u00fczerinden ge\u00e7en 70 k\u00fcsur y\u0131la ra\u011fmen h\u00e2l\u00e2 ya\u015fam\u0131n\u0131n bir\u00e7ok y\u00f6n\u00fcyle konu\u015fulmaya devam ediyor. Lale U\u00e7an bu \u00e7al\u0131\u015fmas\u0131yla bizlere yaln\u0131zca bir \u015fahsiyet olarak Abd\u00fclmecid Efendi\u2019yi de\u011fil, ayn\u0131 zamanda Topkap\u0131\u2019dan Be\u015fikta\u015f\u2019a ta\u015f\u0131nan Osmanl\u0131 Saray\u0131\u2019n\u0131, oradaki hayat\u0131 ve ili\u015fkileri, Harem maiyetindeki \u00e7al\u0131\u015fanlar\u0131, onlar aras\u0131ndaki alt-\u00fcst dengelerini, de\u011fi\u015fen alg\u0131lar\u0131 da anlat\u0131yor. Saray hayat\u0131n\u0131n yan\u0131nda, \u00e7alkalanan siyasi hayatla hem i\u00e7li d\u0131\u015fl\u0131 hem de ondan ba\u011f\u0131ms\u0131z olarak geli\u015fip b\u00fcy\u00fcyen sanat \u00e7evrelerine, entelekt\u00fcel topluluklara ve onlar\u0131 olu\u015fturan dinamiklere de \u00f6nemli bir yer verilen bu kitapta g\u00f6r\u00fcyoruz ki Abd\u00fclmecid Efendi, bu sanat muhiti ile olduk\u00e7a samimi bir ili\u015fki i\u00e7erisinde olup hatta bu muhit taraf\u0131ndan d\u00f6n\u00fc\u015fmektedir. Halifenin e\u011fitimi, arkada\u015flar\u0131, dostlar\u0131, okudu\u011fu eserler ortaya \u00e7\u0131kar\u0131l\u0131rken kurmu\u015f oldu\u011fu ili\u015fki a\u011f\u0131 k\u00fclt\u00fcrel ve \u00e7evresel dinamikler \u00e7\u00f6z\u00fcmlenerek ele al\u0131nm\u0131\u015ft\u0131r. T\u00fcm bunlar\u0131n yan\u0131nda \u00e7al\u0131\u015fmada, Abd\u00fclmecid Efendi ve ailesinin di\u011fer t\u00fcm Hanedan \u00fcyeleri gibi vatanlar\u0131ndan hazin ayr\u0131l\u0131\u015flar\u0131; veliahd\u0131n ard\u0131nda b\u0131rakt\u0131\u011f\u0131 e\u015fyalar\u0131na, resim ve m\u00fczik icra etti\u011fi malzemelerine, bir anda sessizle\u015fen Harem odalar\u0131na kadar t\u00fcm detay\u0131yla anlat\u0131l\u0131yor.<\/p>\n","protected":false},"excerpt":{"rendered":"<p>Osmanl\u0131\u2019n\u0131n son halifesi Abd\u00fclmecid Efendi, \u00f6l\u00fcm\u00fcn\u00fcn \u00fczerinden ge\u00e7en 70 k\u00fcsur y\u0131la ra\u011fmen h\u00e2l\u00e2 ya\u015fam\u0131n\u0131n bir\u00e7ok y\u00f6n\u00fcyle konu\u015fulmaya devam ediyor. Lale U\u00e7an bu \u00e7al\u0131\u015fmas\u0131yla bizlere yaln\u0131zca bir<span class=\"excerpt-hellip\"> [\u2026]<\/span><\/p>\n","protected":false},"featured_media":0,"template":"","meta":{"_monsterinsights_skip_tracking":false,"_monsterinsights_sitenote_active":false,"_monsterinsights_sitenote_note":"","_monsterinsights_sitenote_category":0},"product_brand":[],"product_cat":[13946,12304],"product_tag":[],"class_list":{"0":"post-734716","1":"product","2":"type-product","3":"status-publish","5":"product_cat-biyografi-otobiyografi","6":"product_cat-tarih","7":"pa_cilt-ciltsiz","8":"pa_tur-kitap","9":"pa_yayinevi-timas-akademi-yayinlari","10":"pa_yazar-lale-ucan","12":"first","13":"instock","14":"sale","15":"shipping-taxable","16":"purchasable","17":"product-type-simple"},"_links":{"self":[{"href":"https:\/\/roveyayinevi.com.tr\/index.php\/wp-json\/wp\/v2\/product\/734716","targetHints":{"allow":["GET"]}}],"collection":[{"href":"https:\/\/roveyayinevi.com.tr\/index.php\/wp-json\/wp\/v2\/product"}],"about":[{"href":"https:\/\/roveyayinevi.com.tr\/index.php\/wp-json\/wp\/v2\/types\/product"}],"wp:attachment":[{"href":"https:\/\/roveyayinevi.com.tr\/index.php\/wp-json\/wp\/v2\/media?parent=734716"}],"wp:term":[{"taxonomy":"product_brand","embeddable":true,"href":"https:\/\/roveyayinevi.com.tr\/index.php\/wp-json\/wp\/v2\/product_brand?post=734716"},{"taxonomy":"product_cat","embeddable":true,"href":"https:\/\/roveyayinevi.com.tr\/index.php\/wp-json\/wp\/v2\/product_cat?post=734716"},{"taxonomy":"product_tag","embeddable":true,"href":"https:\/\/roveyayinevi.com.tr\/index.php\/wp-json\/wp\/v2\/product_tag?post=734716"}],"curies":[{"name":"wp","href":"https:\/\/api.w.org\/{rel}","templated":true}]}}