{"id":734715,"date":"2025-08-27T22:33:34","date_gmt":"2025-08-27T19:33:34","guid":{"rendered":"https:\/\/roveyayinevi.com.tr\/index.php\/urun\/buyukannenin-gizemli-odasi\/"},"modified":"2026-04-11T14:02:54","modified_gmt":"2026-04-11T11:02:54","slug":"buyukannenin-gizemli-odasi","status":"publish","type":"product","link":"https:\/\/roveyayinevi.com.tr\/index.php\/urun\/buyukannenin-gizemli-odasi\/","title":{"rendered":"B\u00fcy\u00fckannenin Gizemli Odas\u0131"},"content":{"rendered":"<p>Tatil g\u00fcnlerini yaln\u0131z ve can s\u0131k\u0131nt\u0131s\u0131yla ge\u00e7iren Efe, kendini hi\u00e7 beklemedi\u011fi bir anda b\u00fcy\u00fck bir maceran\u0131n i\u00e7inde bulur. \u00dcstelik bu ser\u00fcven ona \u00fcz\u00fcld\u00fc\u011f\u00fc her \u015feyi de\u011fi\u015ftirme f\u0131rsat\u0131 sunacakt\u0131r. B\u00fcy\u00fckannenin herkesten saklad\u0131\u011f\u0131 o gizemli odada, Efe\u2019yi hem e\u011flendiren hem de hayat\u0131na sihirli bir dokunu\u015f yapan \u015fey ne acaba? Efe\u2019ye bu ser\u00fcvende e\u015flik edecek ki\u015fi kim peki? Sen olabilir misin? <\/p>\n","protected":false},"excerpt":{"rendered":"<p>Tatil g\u00fcnlerini yaln\u0131z ve can s\u0131k\u0131nt\u0131s\u0131yla ge\u00e7iren Efe, kendini hi\u00e7 beklemedi\u011fi bir anda b\u00fcy\u00fck bir maceran\u0131n i\u00e7inde bulur. \u00dcstelik bu ser\u00fcven ona \u00fcz\u00fcld\u00fc\u011f\u00fc her \u015feyi de\u011fi\u015ftirme<span class=\"excerpt-hellip\"> [\u2026]<\/span><\/p>\n","protected":false},"featured_media":0,"template":"","meta":{"_monsterinsights_skip_tracking":false,"_monsterinsights_sitenote_active":false,"_monsterinsights_sitenote_note":"","_monsterinsights_sitenote_category":0},"product_brand":[],"product_cat":[12275,12274],"product_tag":[],"class_list":{"0":"post-734715","1":"product","2":"type-product","3":"status-publish","5":"product_cat-6-12-yas-kitaplari","6":"product_cat-cocuk-ve-genclik-kitaplari","7":"pa_cilt-ciltsiz","8":"pa_tur-kitap","9":"pa_yayinevi-luna-cocuk-yayinlari","10":"pa_yazar-fatma-nisanci","12":"first","13":"instock","14":"sale","15":"shipping-taxable","16":"purchasable","17":"product-type-simple"},"_links":{"self":[{"href":"https:\/\/roveyayinevi.com.tr\/index.php\/wp-json\/wp\/v2\/product\/734715","targetHints":{"allow":["GET"]}}],"collection":[{"href":"https:\/\/roveyayinevi.com.tr\/index.php\/wp-json\/wp\/v2\/product"}],"about":[{"href":"https:\/\/roveyayinevi.com.tr\/index.php\/wp-json\/wp\/v2\/types\/product"}],"wp:attachment":[{"href":"https:\/\/roveyayinevi.com.tr\/index.php\/wp-json\/wp\/v2\/media?parent=734715"}],"wp:term":[{"taxonomy":"product_brand","embeddable":true,"href":"https:\/\/roveyayinevi.com.tr\/index.php\/wp-json\/wp\/v2\/product_brand?post=734715"},{"taxonomy":"product_cat","embeddable":true,"href":"https:\/\/roveyayinevi.com.tr\/index.php\/wp-json\/wp\/v2\/product_cat?post=734715"},{"taxonomy":"product_tag","embeddable":true,"href":"https:\/\/roveyayinevi.com.tr\/index.php\/wp-json\/wp\/v2\/product_tag?post=734715"}],"curies":[{"name":"wp","href":"https:\/\/api.w.org\/{rel}","templated":true}]}}