{"id":734714,"date":"2025-08-27T22:33:34","date_gmt":"2025-08-27T19:33:34","guid":{"rendered":"https:\/\/roveyayinevi.com.tr\/index.php\/urun\/insanligin-100u\/"},"modified":"2026-04-16T02:42:47","modified_gmt":"2026-04-15T23:42:47","slug":"insanligin-100u","status":"publish","type":"product","link":"https:\/\/roveyayinevi.com.tr\/index.php\/urun\/insanligin-100u\/","title":{"rendered":"\u0130nsanl\u0131\u011f\u0131n 100&#8217;\u00fc"},"content":{"rendered":"<p>De\u011ferli yazar, hik\u00e2ye ve \u015fiir dostu Say\u0131n Ali K. \u015eahin Bey\u2019in nazik jestiyle ve kendine yak\u0131\u015f\u0131r temennileriyle yollam\u0131\u015f oldu\u011fu Hayat, \u015eehir, \u0130nsan ve Uzaktaki T\u00fcrkler kitaplar\u0131 i\u00e7in kendisine bir kez daha g\u00f6n\u00fcl selam\u0131yla te\u015fekk\u00fcr ediyorum. Herkesin bir hik\u00e2yesi vard\u0131r. Kimseye anlatamad\u0131\u011f\u0131 sevdalar\u0131, hayat k\u0131r\u0131kl\u0131klar\u0131 ve yan\u0131lg\u0131lar\u0131\u2026 Unutulmaya maruz kalan saf ve temiz duygular\u0131\u2026 \u0130nsani duygular\u0131n kaybolu\u015fuyla yaln\u0131zl\u0131\u011fa sar\u0131l\u0131\u015flar\u0131\u2026 Bunlar sadece birer hik\u00e2ye de\u011fil; bu, ya\u015fanm\u0131\u015fl\u0131klar\u0131n yolculu\u011funda kendinizi g\u00f6rd\u00fc\u011f\u00fcn\u00fcz, soluk solu\u011fa okuyaca\u011f\u0131n\u0131z; bir\u00e7o\u011fumuzun unuttu\u011fu masum, saf, k\u0131y\u0131ms\u0131z; yazar\u0131m\u0131z\u0131n kendinden bile sak\u0131nd\u0131\u011f\u0131, sar\u0131p sarmalad\u0131\u011f\u0131 ger\u00e7ek hik\u00e2yelerdir. Bazen bizlerin de dualar\u0131m\u0131za katt\u0131\u011f\u0131m\u0131z, bazen de yaln\u0131zca Yaradan\u2019dan iste\u011fimiz, sessiz c\u00fcmlelerimizle \u201cAmin\u2026\u201d diyebilece\u011fimiz hik\u00e2yelerimiz yok mu? \u0130\u015fte b\u00fct\u00fcn bu hik\u00e2yelerin topland\u0131\u011f\u0131 bu kitap i\u00e7in Say\u0131n Ali K. \u015eahin Bey\u2019e al\u0131n teri, g\u00f6z nuru g\u00fczel eserleri i\u00e7in sevgi ve \u015f\u00fckranlar\u0131m\u0131 sunuyorum. Otomotiv M\u00fchendisi -Sevda Catalano   Bir kitap bitmesin diye bu kadar m\u0131 istenir\u2026 Her insanda ya\u015fam\u0131 bir defa daha sorgulad\u0131m\u2026 Ellerinize sa\u011fl\u0131k. -Ahmet Cengiz   Yine umuda dokunmu\u015fsun, okuduk\u00e7a \u201cNe hayatlar ya\u015fanm\u0131\u015f d\u00fcnyada ve ya\u015fan\u0131yor\u2026\u201d dedim kendi kendime. Sab\u0131rs\u0131zl\u0131kla bekliyorum yeni kitab\u0131n\u0131. -\u0130smail Demirse\u00e7en <\/p>\n","protected":false},"excerpt":{"rendered":"<p>De\u011ferli yazar, hik\u00e2ye ve \u015fiir dostu Say\u0131n Ali K. \u015eahin Bey\u2019in nazik jestiyle ve kendine yak\u0131\u015f\u0131r temennileriyle yollam\u0131\u015f oldu\u011fu Hayat, \u015eehir, \u0130nsan ve Uzaktaki T\u00fcrkler kitaplar\u0131<span class=\"excerpt-hellip\"> [\u2026]<\/span><\/p>\n","protected":false},"featured_media":0,"template":"","meta":{"_monsterinsights_skip_tracking":false,"_monsterinsights_sitenote_active":false,"_monsterinsights_sitenote_note":"","_monsterinsights_sitenote_category":0},"product_brand":[],"product_cat":[15499,13488],"product_tag":[],"class_list":{"0":"post-734714","1":"product","2":"type-product","3":"status-publish","5":"product_cat-antropoloji","6":"product_cat-toplum-ve-insan","7":"pa_cilt-ciltsiz","8":"pa_tur-kitap","9":"pa_yayinevi-luna-yayinlari","10":"pa_yazar-ali-sahin","12":"first","13":"instock","14":"sale","15":"shipping-taxable","16":"purchasable","17":"product-type-simple"},"_links":{"self":[{"href":"https:\/\/roveyayinevi.com.tr\/index.php\/wp-json\/wp\/v2\/product\/734714","targetHints":{"allow":["GET"]}}],"collection":[{"href":"https:\/\/roveyayinevi.com.tr\/index.php\/wp-json\/wp\/v2\/product"}],"about":[{"href":"https:\/\/roveyayinevi.com.tr\/index.php\/wp-json\/wp\/v2\/types\/product"}],"wp:attachment":[{"href":"https:\/\/roveyayinevi.com.tr\/index.php\/wp-json\/wp\/v2\/media?parent=734714"}],"wp:term":[{"taxonomy":"product_brand","embeddable":true,"href":"https:\/\/roveyayinevi.com.tr\/index.php\/wp-json\/wp\/v2\/product_brand?post=734714"},{"taxonomy":"product_cat","embeddable":true,"href":"https:\/\/roveyayinevi.com.tr\/index.php\/wp-json\/wp\/v2\/product_cat?post=734714"},{"taxonomy":"product_tag","embeddable":true,"href":"https:\/\/roveyayinevi.com.tr\/index.php\/wp-json\/wp\/v2\/product_tag?post=734714"}],"curies":[{"name":"wp","href":"https:\/\/api.w.org\/{rel}","templated":true}]}}