{"id":734713,"date":"2025-08-27T22:33:33","date_gmt":"2025-08-27T19:33:33","guid":{"rendered":"https:\/\/roveyayinevi.com.tr\/index.php\/urun\/panik-virusu\/"},"modified":"2026-04-16T02:42:47","modified_gmt":"2026-04-15T23:42:47","slug":"panik-virusu","status":"publish","type":"product","link":"https:\/\/roveyayinevi.com.tr\/index.php\/urun\/panik-virusu\/","title":{"rendered":"Panik Vir\u00fcs\u00fc"},"content":{"rendered":"<p>A\u015f\u0131ya diren\u00e7 olgusu, on sekizinci y\u00fczy\u0131l Osmanl\u0131 \u0130stanbul\u2019unda \u00e7i\u00e7ek hastal\u0131\u011f\u0131yla m\u00fccadelede uygulanan ve daha sonra Avrupa\u2019ya, hatta Amerika\u2019ya ta\u015f\u0131nan a\u015f\u0131lama y\u00f6ntemleri kadar eskidir. Ama yak\u0131n ge\u00e7mi\u015fte ABD\u2019de bo\u011fmaca, \u0130ngiltere\u2019de ise k\u0131zam\u0131k bile\u015fenleri hakk\u0131nda ortaya at\u0131lan iddialar, a\u015f\u0131 kar\u015f\u0131tl\u0131\u011f\u0131n\u0131n s\u00fcre\u011fen, kapsaml\u0131 ve durmadan g\u00fc\u00e7lenen bir dalgaya evrilmesinde rol oynad\u0131lar. Asl\u0131nda iddialar\u0131n sahipleri ortaya somut ve ger\u00e7ek deliller koyamad\u0131lar\u2014\u00fcst\u00fcne \u00fcstl\u00fck bilimsel ara\u015ft\u0131rmalar, \u00e7ocuk a\u015f\u0131lar\u0131n\u0131n iddia edilen geli\u015fimsel sorun ve engellere yol a\u00e7t\u0131\u011f\u0131na dair tutarl\u0131 bulgulara hi\u00e7 ula\u015famad\u0131. Fakat \u00e7ocuk a\u015f\u0131lar\u0131n\u0131n pek \u00e7ok geli\u015fimsel ve bili\u015fsel bozuklu\u011fa (hatta felce, kalp krizine, k\u0131s\u0131rl\u0131\u011fa) yol a\u00e7t\u0131\u011f\u0131 fikri yaln\u0131zca yayg\u0131nla\u015farak de\u011fil, gittik\u00e7e kapsaml\u0131 hale de gelerek ya\u015famay\u0131 s\u00fcrd\u00fcr\u00fcyor\u2014televizyon \u015fahsiyetleri onu pop\u00fcler hale getiriyor; ger\u00e7ekte tart\u0131\u015fmal\u0131 bile olmayan konularda \u201ciki tarafa\u201d da s\u00f6z hakk\u0131 tan\u0131d\u0131\u011f\u0131n\u0131 iddia eden k\u00f6\u015fe yazarlar\u0131 onu me\u015fru bir tart\u0131\u015fma konusu gibi ele al\u0131yor. Dahas\u0131, bu a\u015f\u0131 hasar\u0131 \u201cger\u00e7e\u011finin\u201d kamu sa\u011fl\u0131\u011f\u0131 yetkilileri taraf\u0131ndan da bilindi\u011fi ama gizlendi\u011fi veya ba\u015fka hesaplar nedeniyle el alt\u0131ndan bilfiil desteklendi\u011fi s\u00f6yleniyor. Mnookin Panik Vir\u00fcs\u00fc\u2019nde ebeveynlerle, kamu sa\u011fl\u0131\u011f\u0131 yetkilileriyle, bilim insanlar\u0131yla ve a\u015f\u0131 kar\u015f\u0131tlar\u0131yla yapt\u0131\u011f\u0131 g\u00f6r\u00fc\u015fmeleri bilimsel kuram ve m\u00fcspet bulgularla irdeleyip \u00e7ocuk a\u015f\u0131s\u0131n\u0131n ne yapt\u0131\u011f\u0131n\u0131, ne yapmad\u0131\u011f\u0131n\u0131 ve ne yapamayaca\u011f\u0131n\u0131 \u00e7\u00f6z\u00fcmlerken, k\u00f6t\u00fc bilim ve mant\u0131ksal yan\u0131lg\u0131lar gibi \u201cd\u00fcr\u00fcst hatalar\u0131n\u201d yan\u0131nda pek de d\u00fcr\u00fcst veya iyi niyetli olmayan kimi ama\u00e7 ve olu\u015fumlara da \u0131\u015f\u0131k tutuyor. Ama hepsinin \u00f6tesinde, \u00e7ok daha temel bir soruya yan\u0131t ar\u0131yor: Ger\u00e7e\u011fin ne oldu\u011funu nas\u0131l bilebiliriz? Ona nas\u0131l ula\u015fabiliriz? Panik Vir\u00fcs\u00fc, ak\u0131lc\u0131 d\u00fc\u015f\u00fcncenin h\u00fck\u00fcm alan\u0131nda irdelemede bulunan, s\u00fcr\u00fckleyici ve bazen y\u00fcrek burkan bir t\u0131bbi detektiflik hikayesi\u2014ayn\u0131 zamanda da korkunun akla, duygunun mant\u0131\u011fa \u00fcst\u00fcn geldi\u011fi halde neler oldu\u011funu anlatan \u00e7a\u011fda\u015f bir ibret \u00f6yk\u00fcs\u00fc. Seth Mnookin bize Michael Crichtonvari bir kurgu d\u0131\u015f\u0131 anlat\u0131 sunuyor\u2014ba\u015f\u0131n\u0131 al\u0131p gitmi\u015f bir \u201cak\u0131l d\u0131\u015f\u0131l\u0131k\u201d salg\u0131n\u0131na dair ince ince ara\u015ft\u0131r\u0131lm\u0131\u015f, s\u00fcr\u00fckleyici ve rahats\u0131z edici bir anlat\u0131. Bu seferki isteri otizmden \u00e7\u0131kt\u0131; bir sonraki panik vir\u00fcs\u00fc \u00e7ok daha tehlikeli olabilir. \u2014Jonathan Mahler, The Challenge ve Gentlemen, the Bronx Is Burning yazar\u0131 Bu \u00f6nemli kitap \u00e7ocu\u011fu olan, kamu sa\u011fl\u0131\u011f\u0131n\u0131 umursayan ve yirmi birinci y\u00fczy\u0131ldaki\u2026 tart\u0131\u015fmalarla ilgilenen herkes\u00e7e okunmal\u0131. Hem m\u00fcthi\u015f hem korkutucu bir eylem \u00e7a\u011fr\u0131s\u0131. \u2014Jonah Lehrer, Karar An\u0131 yazar\u0131   Panik Vir\u00fcs\u00fc, ailelerin bilime g\u00fcvenemez hale gelmesine yol a\u00e7m\u0131\u015f tuhaf olaylar\u0131 ince bir zek\u00e2 ve espri anlay\u0131\u015f\u0131yla irdeliyor\u2026 Bilimin son derece net oldu\u011fu bir konuda her \u015feyin nas\u0131l bu kadar kontrolden \u00e7\u0131kt\u0131\u011f\u0131n\u0131 okurken \u015fa\u015fk\u0131nl\u0131kla kafan\u0131z\u0131 ka\u015f\u0131y\u0131p duracaks\u0131n\u0131z. \u2014Alison Singer, Otizm Bilim Vakf\u0131 Ba\u015fkan\u0131 Tebrikler Seth Mnookin, hakikati ortaya \u00e7\u0131kard\u0131\u011f\u0131n i\u00e7in; yalan\u0131n, yar\u0131 ger\u00e7e\u011fin ve ki\u015fisel \u00e7\u0131kar\u0131n korkuyla birle\u015fti\u011fi hallerde neler ya\u015fand\u0131\u011f\u0131na dair bu incelikli ve ikna edici kitab\u0131 yazd\u0131\u011f\u0131n i\u00e7in. \u2014Laurie Garrett, Pulitzer \u00d6d\u00fcl\u00fc sahibi, Betrayal of Trust yazar\u0131 Seth Mnookin, olabildi\u011fince yal\u0131n bir dille a\u015f\u0131 tart\u0131\u015fmalar\u0131n\u0131n neden ve nas\u0131l ortaya \u00e7\u0131kt\u0131\u011f\u0131n\u0131 a\u00e7\u0131kl\u0131\u011fa kavu\u015fturuyor. Ayn\u0131 zamanda makul okurlara bilimin a\u015f\u0131y\u0131 destekledi\u011fini anlat\u0131yor. A\u015f\u0131lar ger\u00e7ekten de temiz i\u00e7me suyundan bu yana uygulamaya ge\u00e7irilmi\u015f en etkili halk sa\u011fl\u0131\u011f\u0131 \u00f6nlemidir. \u2014Prof. Dr. Judith Palfrey, Harvard T\u0131p Fak\u00fcltesi Pediatri Profes\u00f6r\u00fc, Child Health in America yazar\u0131 <\/p>\n","protected":false},"excerpt":{"rendered":"<p>A\u015f\u0131ya diren\u00e7 olgusu, on sekizinci y\u00fczy\u0131l Osmanl\u0131 \u0130stanbul\u2019unda \u00e7i\u00e7ek hastal\u0131\u011f\u0131yla m\u00fccadelede uygulanan ve daha sonra Avrupa\u2019ya, hatta Amerika\u2019ya ta\u015f\u0131nan a\u015f\u0131lama y\u00f6ntemleri kadar eskidir. Ama yak\u0131n ge\u00e7mi\u015fte<span class=\"excerpt-hellip\"> [\u2026]<\/span><\/p>\n","protected":false},"featured_media":0,"template":"","meta":{"_monsterinsights_skip_tracking":false,"_monsterinsights_sitenote_active":false,"_monsterinsights_sitenote_note":"","_monsterinsights_sitenote_category":0},"product_brand":[],"product_cat":[13005,38128],"product_tag":[],"class_list":{"0":"post-734713","1":"product","2":"type-product","3":"status-publish","5":"product_cat-bilim-muhendislik","6":"product_cat-tip-bilimleri","7":"pa_cilt-ciltsiz","8":"pa_tur-kitap","9":"pa_yayinevi-gorunmez-adam-yayincilik","10":"pa_yazar-seth-mnookin","12":"first","13":"instock","14":"sale","15":"shipping-taxable","16":"purchasable","17":"product-type-simple"},"_links":{"self":[{"href":"https:\/\/roveyayinevi.com.tr\/index.php\/wp-json\/wp\/v2\/product\/734713","targetHints":{"allow":["GET"]}}],"collection":[{"href":"https:\/\/roveyayinevi.com.tr\/index.php\/wp-json\/wp\/v2\/product"}],"about":[{"href":"https:\/\/roveyayinevi.com.tr\/index.php\/wp-json\/wp\/v2\/types\/product"}],"wp:attachment":[{"href":"https:\/\/roveyayinevi.com.tr\/index.php\/wp-json\/wp\/v2\/media?parent=734713"}],"wp:term":[{"taxonomy":"product_brand","embeddable":true,"href":"https:\/\/roveyayinevi.com.tr\/index.php\/wp-json\/wp\/v2\/product_brand?post=734713"},{"taxonomy":"product_cat","embeddable":true,"href":"https:\/\/roveyayinevi.com.tr\/index.php\/wp-json\/wp\/v2\/product_cat?post=734713"},{"taxonomy":"product_tag","embeddable":true,"href":"https:\/\/roveyayinevi.com.tr\/index.php\/wp-json\/wp\/v2\/product_tag?post=734713"}],"curies":[{"name":"wp","href":"https:\/\/api.w.org\/{rel}","templated":true}]}}