{"id":734710,"date":"2025-08-27T22:33:31","date_gmt":"2025-08-27T19:33:31","guid":{"rendered":"https:\/\/roveyayinevi.com.tr\/index.php\/urun\/zihinden-hesap-yapalim-5-6-yas\/"},"modified":"2026-02-28T03:02:31","modified_gmt":"2026-02-28T00:02:31","slug":"zihinden-hesap-yapalim-5-6-yas","status":"publish","type":"product","link":"https:\/\/roveyayinevi.com.tr\/index.php\/urun\/zihinden-hesap-yapalim-5-6-yas\/","title":{"rendered":"Zihinden Hesap Yapal\u0131m 5-6 Ya\u015f"},"content":{"rendered":"<p>\u00c7ocuklar\u0131m\u0131z\u0131n aritmetik i\u015flemleri yaparken parmaklar\u0131 yerine zihinden hesap yapabilmeleri onlar\u0131n matematiksel muhakeme yetene\u011finin geli\u015fmesinde temel basamakt\u0131r. \u00d6rg\u00fcn e\u011fitimde kar\u015f\u0131la\u015facaklar\u0131 aritmetik dersini \u00fcrk\u00fcp ka\u00e7\u0131n\u0131lan bir ders olmaktan \u00e7\u0131kar\u0131p, zihinden hesap yapabildik\u00e7e keyif al\u0131nan bir oyun haline getirmek i\u00e7in \u00e7ocuklar\u0131n zihinsel geli\u015fim evresine (3-4 ya\u015f; 4-5 ya\u015f ve 5-6 ya\u015f) g\u00f6re \u00fc\u00e7 ayr\u0131 kitap haz\u0131rlanm\u0131\u015ft\u0131r. Bu kitap serisi bir b\u00fct\u00fcn olarak tasarlanm\u0131\u015ft\u0131r. \u0130lkinden ba\u015flanarak serinin takip edilmesi, i\u015flenmesi \u00f6nerilir. Kitap serisini s\u0131rayla uygulay\u0131nca \u00e7ocuklar\u0131m\u0131z\u0131n muhakemeleri geli\u015fecek, zihinden 20 say\u0131s\u0131 i\u00e7inde toplama, \u00e7\u0131karma yapmay\u0131 \u00f6\u011frenmi\u015f olacaklard\u0131r. <\/p>\n","protected":false},"excerpt":{"rendered":"<p>\u00c7ocuklar\u0131m\u0131z\u0131n aritmetik i\u015flemleri yaparken parmaklar\u0131 yerine zihinden hesap yapabilmeleri onlar\u0131n matematiksel muhakeme yetene\u011finin geli\u015fmesinde temel basamakt\u0131r. \u00d6rg\u00fcn e\u011fitimde kar\u015f\u0131la\u015facaklar\u0131 aritmetik dersini \u00fcrk\u00fcp ka\u00e7\u0131n\u0131lan bir ders olmaktan<span class=\"excerpt-hellip\"> [\u2026]<\/span><\/p>\n","protected":false},"featured_media":0,"template":"","meta":{"_monsterinsights_skip_tracking":false,"_monsterinsights_sitenote_active":false,"_monsterinsights_sitenote_note":"","_monsterinsights_sitenote_category":0},"product_brand":[],"product_cat":[12913,12274],"product_tag":[],"class_list":{"0":"post-734710","1":"product","2":"type-product","3":"status-publish","5":"product_cat-3-6-yas-kitaplari","6":"product_cat-cocuk-ve-genclik-kitaplari","7":"pa_cilt-ciltsiz","8":"pa_tur-kitap","9":"pa_yayinevi-tiyam-yayinevi","10":"pa_yazar-m-nurhayat-altuntek","12":"first","13":"instock","14":"sale","15":"shipping-taxable","16":"purchasable","17":"product-type-simple"},"_links":{"self":[{"href":"https:\/\/roveyayinevi.com.tr\/index.php\/wp-json\/wp\/v2\/product\/734710","targetHints":{"allow":["GET"]}}],"collection":[{"href":"https:\/\/roveyayinevi.com.tr\/index.php\/wp-json\/wp\/v2\/product"}],"about":[{"href":"https:\/\/roveyayinevi.com.tr\/index.php\/wp-json\/wp\/v2\/types\/product"}],"wp:attachment":[{"href":"https:\/\/roveyayinevi.com.tr\/index.php\/wp-json\/wp\/v2\/media?parent=734710"}],"wp:term":[{"taxonomy":"product_brand","embeddable":true,"href":"https:\/\/roveyayinevi.com.tr\/index.php\/wp-json\/wp\/v2\/product_brand?post=734710"},{"taxonomy":"product_cat","embeddable":true,"href":"https:\/\/roveyayinevi.com.tr\/index.php\/wp-json\/wp\/v2\/product_cat?post=734710"},{"taxonomy":"product_tag","embeddable":true,"href":"https:\/\/roveyayinevi.com.tr\/index.php\/wp-json\/wp\/v2\/product_tag?post=734710"}],"curies":[{"name":"wp","href":"https:\/\/api.w.org\/{rel}","templated":true}]}}