{"id":734705,"date":"2025-08-27T22:33:26","date_gmt":"2025-08-27T19:33:26","guid":{"rendered":"https:\/\/roveyayinevi.com.tr\/index.php\/urun\/dereceler\/"},"modified":"2026-04-08T02:52:13","modified_gmt":"2026-04-07T23:52:13","slug":"dereceler","status":"publish","type":"product","link":"https:\/\/roveyayinevi.com.tr\/index.php\/urun\/dereceler\/","title":{"rendered":"Dereceler"},"content":{"rendered":"<p>Bir lise, bir \u00f6\u011frenci, ayn\u0131 zamanda ye\u011fen, bir eni\u015fte ve bir day\u0131, onlar da ayn\u0131 zamanda \u00f6\u011fretmen; i\u00e7inden Kristof Kolomb, Gargantua, Latin edebiyat\u0131, Titus Livius, Julius Caesar, Hannibal, Macbeth, Marco Polo, Odysseus ge\u00e7en a\u011f\u0131r bir m\u00fcfredat ve okulda olup biten her \u015feyi hik\u00e2ye etme \u00e7abas\u0131. Sahnenin bir di\u011fer taraf\u0131ndaysa akrabal\u0131k ili\u015fkileri, ergen liseliler, Paris sokaklar\u0131. Yeni Roman ak\u0131m\u0131n\u0131n en dikkate de\u011fer metinlerinden biri olan Dereceler, \u00fc\u00e7 \u00f6zneli, i\u00e7 i\u00e7e ge\u00e7mi\u015f, \u00e7ok katmanl\u0131 bir anlat\u0131. Metin boyunca okuru pe\u015finden ko\u015fturan soru ise \u201cKonu\u015fan kim?\u201d <\/p>\n","protected":false},"excerpt":{"rendered":"<p>Bir lise, bir \u00f6\u011frenci, ayn\u0131 zamanda ye\u011fen, bir eni\u015fte ve bir day\u0131, onlar da ayn\u0131 zamanda \u00f6\u011fretmen; i\u00e7inden Kristof Kolomb, Gargantua, Latin edebiyat\u0131, Titus Livius, Julius<span class=\"excerpt-hellip\"> [\u2026]<\/span><\/p>\n","protected":false},"featured_media":0,"template":"","meta":{"_monsterinsights_skip_tracking":false,"_monsterinsights_sitenote_active":false,"_monsterinsights_sitenote_note":"","_monsterinsights_sitenote_category":0},"product_brand":[],"product_cat":[12291,12711],"product_tag":[],"class_list":{"0":"post-734705","1":"product","2":"type-product","3":"status-publish","5":"product_cat-edebiyat","6":"product_cat-roman-oyku","7":"pa_cilt-ciltsiz","8":"pa_tur-kitap","9":"pa_yayinevi-kirmizi-kedi-yayinevi","10":"pa_yazar-michel-butor","12":"first","13":"instock","14":"sale","15":"shipping-taxable","16":"purchasable","17":"product-type-simple"},"_links":{"self":[{"href":"https:\/\/roveyayinevi.com.tr\/index.php\/wp-json\/wp\/v2\/product\/734705","targetHints":{"allow":["GET"]}}],"collection":[{"href":"https:\/\/roveyayinevi.com.tr\/index.php\/wp-json\/wp\/v2\/product"}],"about":[{"href":"https:\/\/roveyayinevi.com.tr\/index.php\/wp-json\/wp\/v2\/types\/product"}],"wp:attachment":[{"href":"https:\/\/roveyayinevi.com.tr\/index.php\/wp-json\/wp\/v2\/media?parent=734705"}],"wp:term":[{"taxonomy":"product_brand","embeddable":true,"href":"https:\/\/roveyayinevi.com.tr\/index.php\/wp-json\/wp\/v2\/product_brand?post=734705"},{"taxonomy":"product_cat","embeddable":true,"href":"https:\/\/roveyayinevi.com.tr\/index.php\/wp-json\/wp\/v2\/product_cat?post=734705"},{"taxonomy":"product_tag","embeddable":true,"href":"https:\/\/roveyayinevi.com.tr\/index.php\/wp-json\/wp\/v2\/product_tag?post=734705"}],"curies":[{"name":"wp","href":"https:\/\/api.w.org\/{rel}","templated":true}]}}