{"id":734703,"date":"2025-08-27T22:33:24","date_gmt":"2025-08-27T19:33:24","guid":{"rendered":"https:\/\/roveyayinevi.com.tr\/index.php\/urun\/obur-murekkepcik\/"},"modified":"2026-04-16T02:42:46","modified_gmt":"2026-04-15T23:42:46","slug":"obur-murekkepcik","status":"publish","type":"product","link":"https:\/\/roveyayinevi.com.tr\/index.php\/urun\/obur-murekkepcik\/","title":{"rendered":"Obur M\u00fcrekkep\u00e7ik"},"content":{"rendered":"<p>Heyecan ve duygu dolu bir hik\u00e2yenin i\u00e7ine girmeye haz\u0131r m\u0131s\u0131n\u0131z? Unutmay\u0131n; okuduklar\u0131m\u0131z karakterimizi \u015fekillendirir. Yarat\u0131c\u0131l\u0131k, depresyon dostluk gibi  temalarla zenginle\u015fen bu roman ve Sydney Smith\u2019in \u00e7izimleri kitapkurtlar\u0131n\u0131 besleyecek nitelikte! O gece olanlar\u0131 evin kedisi d\u0131\u015f\u0131nda kimse g\u00f6rmedi&#8230; Bir m\u00fcrekkep lekesi, kendini eskiz defterinin sayfalar\u0131ndan kopar\u0131p \u00e7\u0131kard\u0131. Ac\u0131kt\u0131k\u00e7a kitaplarla beslendi. Yalay\u0131p yuttu\u011fu roman karakterlerine benzedi. Obur M\u00fcrekkep\u00e7ik\u2019in \u00f6nemli g\u00f6revleri de vard\u0131. Ethan\u2019a nas\u0131l \u00e7izim yap\u0131laca\u011f\u0131n\u0131 \u00f6\u011fretmeli, Ethan\u2019\u0131n \u00fcnl\u00fc bir \u00e7izer olan ama ilham\u0131n\u0131 kaybeden babas\u0131na yard\u0131mc\u0131 olmal\u0131 ve her birinin kalp k\u0131r\u0131kl\u0131klar\u0131n\u0131 onarmal\u0131yd\u0131. <\/p>\n","protected":false},"excerpt":{"rendered":"<p>Heyecan ve duygu dolu bir hik\u00e2yenin i\u00e7ine girmeye haz\u0131r m\u0131s\u0131n\u0131z? Unutmay\u0131n; okuduklar\u0131m\u0131z karakterimizi \u015fekillendirir. Yarat\u0131c\u0131l\u0131k, depresyon dostluk gibi temalarla zenginle\u015fen bu roman ve Sydney Smith\u2019in \u00e7izimleri<span class=\"excerpt-hellip\"> [\u2026]<\/span><\/p>\n","protected":false},"featured_media":0,"template":"","meta":{"_monsterinsights_skip_tracking":false,"_monsterinsights_sitenote_active":false,"_monsterinsights_sitenote_note":"","_monsterinsights_sitenote_category":0},"product_brand":[],"product_cat":[12275,12274],"product_tag":[],"class_list":{"0":"post-734703","1":"product","2":"type-product","3":"status-publish","5":"product_cat-6-12-yas-kitaplari","6":"product_cat-cocuk-ve-genclik-kitaplari","7":"pa_cilt-ciltsiz","8":"pa_tur-kitap","9":"pa_yayinevi-kirmizi-kedi-yayinevi","10":"pa_yazar-kenneth-oppel","12":"first","13":"instock","14":"sale","15":"shipping-taxable","16":"purchasable","17":"product-type-simple"},"_links":{"self":[{"href":"https:\/\/roveyayinevi.com.tr\/index.php\/wp-json\/wp\/v2\/product\/734703","targetHints":{"allow":["GET"]}}],"collection":[{"href":"https:\/\/roveyayinevi.com.tr\/index.php\/wp-json\/wp\/v2\/product"}],"about":[{"href":"https:\/\/roveyayinevi.com.tr\/index.php\/wp-json\/wp\/v2\/types\/product"}],"wp:attachment":[{"href":"https:\/\/roveyayinevi.com.tr\/index.php\/wp-json\/wp\/v2\/media?parent=734703"}],"wp:term":[{"taxonomy":"product_brand","embeddable":true,"href":"https:\/\/roveyayinevi.com.tr\/index.php\/wp-json\/wp\/v2\/product_brand?post=734703"},{"taxonomy":"product_cat","embeddable":true,"href":"https:\/\/roveyayinevi.com.tr\/index.php\/wp-json\/wp\/v2\/product_cat?post=734703"},{"taxonomy":"product_tag","embeddable":true,"href":"https:\/\/roveyayinevi.com.tr\/index.php\/wp-json\/wp\/v2\/product_tag?post=734703"}],"curies":[{"name":"wp","href":"https:\/\/api.w.org\/{rel}","templated":true}]}}