{"id":734701,"date":"2025-08-27T22:33:22","date_gmt":"2025-08-27T19:33:22","guid":{"rendered":"https:\/\/roveyayinevi.com.tr\/index.php\/urun\/guzel-ve-cirkin-4\/"},"modified":"2026-04-16T02:42:46","modified_gmt":"2026-04-15T23:42:46","slug":"guzel-ve-cirkin-4","status":"publish","type":"product","link":"https:\/\/roveyayinevi.com.tr\/index.php\/urun\/guzel-ve-cirkin-4\/","title":{"rendered":"G\u00fczel ve \u00c7irkin"},"content":{"rendered":"<p>D\u00fcnyan\u0131n belki de en \u00e7ok okunan, uyarlanan ve anlat\u0131lan masallar\u0131ndan biri G\u00fczel ve \u00c7irkin.   Bir zamanlar \u00e7ok zengin bir t\u00fcccar vard\u0131. \u0130yi kalpli adam eve d\u00f6n\u00fc\u015f yolunda orman\u0131n derinliklerinde kayboldu ve kendisini muhte\u015fem bir \u015fatoda buldu. \u015eatodan ayr\u0131l\u0131rken yapt\u0131\u011f\u0131 hata belki de onun sonu olacakt\u0131.   Madame Leprince de Beaumont&#8217;un imzas\u0131yla \u00fcnl\u00fc olan, ailesi i\u00e7in her fedak\u00e2rl\u0131\u011f\u0131 yapmaya haz\u0131r \u201cG\u00fczel\u201d ile i\u00e7indeki iyili\u011fi g\u00f6steremeyen \u201c\u00c7irkin\u201din hik\u00e2yesi, 18. y\u00fczy\u0131ldan beri ku\u015faklar boyu okunan klasik d\u00fcnya masallar\u0131ndan biri olmu\u015ftur. <\/p>\n","protected":false},"excerpt":{"rendered":"<p>D\u00fcnyan\u0131n belki de en \u00e7ok okunan, uyarlanan ve anlat\u0131lan masallar\u0131ndan biri G\u00fczel ve \u00c7irkin. Bir zamanlar \u00e7ok zengin bir t\u00fcccar vard\u0131. \u0130yi kalpli adam eve d\u00f6n\u00fc\u015f<span class=\"excerpt-hellip\"> [\u2026]<\/span><\/p>\n","protected":false},"featured_media":0,"template":"","meta":{"_monsterinsights_skip_tracking":false,"_monsterinsights_sitenote_active":false,"_monsterinsights_sitenote_note":"","_monsterinsights_sitenote_category":0},"product_brand":[],"product_cat":[12274,12523],"product_tag":[],"class_list":{"0":"post-734701","1":"product","2":"type-product","3":"status-publish","5":"product_cat-cocuk-ve-genclik-kitaplari","6":"product_cat-masallar","7":"pa_cilt-ciltsiz","8":"pa_tur-kitap","9":"pa_yayinevi-yapi-kredi-yayinlari","10":"pa_yazar-jeanne-marie-leprince-de-beaumont","12":"first","13":"instock","14":"sale","15":"shipping-taxable","16":"purchasable","17":"product-type-simple"},"_links":{"self":[{"href":"https:\/\/roveyayinevi.com.tr\/index.php\/wp-json\/wp\/v2\/product\/734701","targetHints":{"allow":["GET"]}}],"collection":[{"href":"https:\/\/roveyayinevi.com.tr\/index.php\/wp-json\/wp\/v2\/product"}],"about":[{"href":"https:\/\/roveyayinevi.com.tr\/index.php\/wp-json\/wp\/v2\/types\/product"}],"wp:attachment":[{"href":"https:\/\/roveyayinevi.com.tr\/index.php\/wp-json\/wp\/v2\/media?parent=734701"}],"wp:term":[{"taxonomy":"product_brand","embeddable":true,"href":"https:\/\/roveyayinevi.com.tr\/index.php\/wp-json\/wp\/v2\/product_brand?post=734701"},{"taxonomy":"product_cat","embeddable":true,"href":"https:\/\/roveyayinevi.com.tr\/index.php\/wp-json\/wp\/v2\/product_cat?post=734701"},{"taxonomy":"product_tag","embeddable":true,"href":"https:\/\/roveyayinevi.com.tr\/index.php\/wp-json\/wp\/v2\/product_tag?post=734701"}],"curies":[{"name":"wp","href":"https:\/\/api.w.org\/{rel}","templated":true}]}}