{"id":734700,"date":"2025-08-27T22:33:21","date_gmt":"2025-08-27T19:33:21","guid":{"rendered":"https:\/\/roveyayinevi.com.tr\/index.php\/urun\/karalamalar-2\/"},"modified":"2026-03-24T02:46:59","modified_gmt":"2026-03-23T23:46:59","slug":"karalamalar-2","status":"publish","type":"product","link":"https:\/\/roveyayinevi.com.tr\/index.php\/urun\/karalamalar-2\/","title":{"rendered":"Karalamalar"},"content":{"rendered":"<p>\u201cruhum s\u00f6zc\u00fcklerimden \u00e7\u0131kar tatmak i\u00e7in yana\u015f usulcaruhumun s\u0131cakl\u0131\u011f\u0131kulaklar\u0131ndan akarken i\u00e7inetenimi hissetar\u0131n t\u00fcm duygulardanyaln\u0131z beni hissetunut t\u00fcm g\u00fcnahlar\u0131n\u0131b\u0131rak ba\u015ftan yaratay\u0131m seni\u201d<\/p>\n","protected":false},"excerpt":{"rendered":"<p>\u201cruhum s\u00f6zc\u00fcklerimden \u00e7\u0131kar tatmak i\u00e7in yana\u015f usulcaruhumun s\u0131cakl\u0131\u011f\u0131kulaklar\u0131ndan akarken i\u00e7inetenimi hissetar\u0131n t\u00fcm duygulardanyaln\u0131z beni hissetunut t\u00fcm g\u00fcnahlar\u0131n\u0131b\u0131rak ba\u015ftan yaratay\u0131m seni\u201d<\/p>\n","protected":false},"featured_media":0,"template":"","meta":{"_monsterinsights_skip_tracking":false,"_monsterinsights_sitenote_active":false,"_monsterinsights_sitenote_note":"","_monsterinsights_sitenote_category":0},"product_brand":[],"product_cat":[12291,12509],"product_tag":[],"class_list":{"0":"post-734700","1":"product","2":"type-product","3":"status-publish","5":"product_cat-edebiyat","6":"product_cat-siir","7":"pa_cilt-ciltsiz","8":"pa_tur-kitap","9":"pa_yayinevi-imgenin-cocuklari","10":"pa_yazar-burak-sahin","12":"first","13":"instock","14":"sale","15":"shipping-taxable","16":"purchasable","17":"product-type-simple"},"_links":{"self":[{"href":"https:\/\/roveyayinevi.com.tr\/index.php\/wp-json\/wp\/v2\/product\/734700","targetHints":{"allow":["GET"]}}],"collection":[{"href":"https:\/\/roveyayinevi.com.tr\/index.php\/wp-json\/wp\/v2\/product"}],"about":[{"href":"https:\/\/roveyayinevi.com.tr\/index.php\/wp-json\/wp\/v2\/types\/product"}],"wp:attachment":[{"href":"https:\/\/roveyayinevi.com.tr\/index.php\/wp-json\/wp\/v2\/media?parent=734700"}],"wp:term":[{"taxonomy":"product_brand","embeddable":true,"href":"https:\/\/roveyayinevi.com.tr\/index.php\/wp-json\/wp\/v2\/product_brand?post=734700"},{"taxonomy":"product_cat","embeddable":true,"href":"https:\/\/roveyayinevi.com.tr\/index.php\/wp-json\/wp\/v2\/product_cat?post=734700"},{"taxonomy":"product_tag","embeddable":true,"href":"https:\/\/roveyayinevi.com.tr\/index.php\/wp-json\/wp\/v2\/product_tag?post=734700"}],"curies":[{"name":"wp","href":"https:\/\/api.w.org\/{rel}","templated":true}]}}