{"id":734698,"date":"2025-08-27T22:33:19","date_gmt":"2025-08-27T19:33:19","guid":{"rendered":"https:\/\/roveyayinevi.com.tr\/index.php\/urun\/para-ve-devlet\/"},"modified":"2026-04-16T02:42:46","modified_gmt":"2026-04-15T23:42:46","slug":"para-ve-devlet","status":"publish","type":"product","link":"https:\/\/roveyayinevi.com.tr\/index.php\/urun\/para-ve-devlet\/","title":{"rendered":"Para ve Devlet"},"content":{"rendered":"<p>Ekonomideki bask\u0131n g\u00f6r\u00fc\u015fe g\u00f6re para bir de\u011fi\u015fim arac\u0131ndan ba\u015fka bir \u015fey de\u011fildir ve ekonomi piyasan\u0131n \u201cg\u00f6r\u00fcnmez el\u201dine teslim edildi\u011finde en iyi sonu\u00e7lar elde edilir. Paran\u0131n \u201cd\u00fczensizle\u015fmedik\u00e7e\u201d \u00f6nem ta\u015f\u0131mad\u0131\u011f\u0131 ve piyasaya devlet m\u00fcdahalesinin genellikle i\u015fleri daha da k\u00f6t\u00fcle\u015ftirdi\u011fi varsay\u0131m\u0131 makroiktisat politikalar\u0131nda egemen g\u00f6r\u00fc\u015f olagelmi\u015ftir.   Oysa 1929-1932 B\u00fcy\u00fck Buhran\u0131 ortodoks ekonominin varsay\u0131mlar\u0131n\u0131 bo\u015fa \u00e7\u0131karm\u0131\u015ft\u0131. Ard\u0131ndan devlet, i\u015fverenler ve sendikalar aras\u0131nda olu\u015fan istikrars\u0131z g\u00fc\u00e7 dengesi, Keynesyen politikalar\u0131n Bat\u0131 d\u00fcnyas\u0131n\u0131n yeni iktisadi paradigmas\u0131 olarak ortaya \u00e7\u0131kmas\u0131n\u0131 sa\u011flad\u0131. Ne var ki 1970\u2019lerin stagflasyonu Keynesyen politikan\u0131n t\u00fcmden reddine yol a\u00e7t\u0131. Yakla\u015f\u0131k 30 y\u0131l sonra ger\u00e7ekle\u015fen 2008 mali \u00e7\u00f6k\u00fc\u015f\u00fcn\u00fcn yol a\u00e7t\u0131\u011f\u0131 k\u00fcresel dram\u0131n ba\u015frol\u00fcnde bu kez para ve devlet varken, iktisat onlara hak ettikleri ba\u015frolleri vermekten \u00e7ok uzak kald\u0131. 2008\u2019den beri yeni bir \u201cb\u00fcy\u00fck fikir\u201d ortaya \u00e7\u0131kmad\u0131\u011f\u0131 gibi, ortodoks ekonomi bizleri anemik bir k\u00fcresel ekonomiyle ba\u015f ba\u015fa b\u0131rakan cezaland\u0131r\u0131c\u0131 kemer s\u0131kma politikalar\u0131n\u0131 yasala\u015ft\u0131rarak egemenli\u011fini h\u00e2l\u00e2 s\u00fcrd\u00fcr\u00fcyor.   G\u00fcn\u00fcm\u00fcz\u00fcn en se\u00e7kin politik iktisat\u00e7\u0131lar\u0131ndan Robert Skidelsky, okurlar\u0131 Keynes\u2019in \u201cb\u00fcy\u00fck fikir\u201dinin temel unsurlar\u0131yla tan\u0131\u015ft\u0131rmay\u0131 ve iktisad\u0131n kat\u0131 bir bilim olmad\u0131\u011f\u0131n\u0131 g\u00f6stermeyi; ayr\u0131ca gelecek nesil iktisat\u00e7\u0131lar\u0131 kavramsal hapishanelerinden kurtulmalar\u0131 ve para ve devlete hak ettikleri rolleri vermeleri i\u00e7in cesaretlendirmeyi ama\u00e7l\u0131yor. Makroekonomiyi yeniden bir analiz birimi haline getirerek okurlara 2008-2009 ekonomik \u00e7\u00f6k\u00fc\u015f\u00fcn\u00fcn Keynesyen \u00e7\u00f6z\u00fcmlemesini sunan Para ve Devlet, iktisat biliminin ge\u00e7mi\u015fine, gelece\u011fine ve nas\u0131l de\u011fi\u015fmesi gerekti\u011fine dair ele\u015ftirel bir inceleme.<\/p>\n","protected":false},"excerpt":{"rendered":"<p>Ekonomideki bask\u0131n g\u00f6r\u00fc\u015fe g\u00f6re para bir de\u011fi\u015fim arac\u0131ndan ba\u015fka bir \u015fey de\u011fildir ve ekonomi piyasan\u0131n \u201cg\u00f6r\u00fcnmez el\u201dine teslim edildi\u011finde en iyi sonu\u00e7lar elde edilir. Paran\u0131n \u201cd\u00fczensizle\u015fmedik\u00e7e\u201d<span class=\"excerpt-hellip\"> [\u2026]<\/span><\/p>\n","protected":false},"featured_media":0,"template":"","meta":{"_monsterinsights_skip_tracking":false,"_monsterinsights_sitenote_active":false,"_monsterinsights_sitenote_note":"","_monsterinsights_sitenote_category":0},"product_brand":[],"product_cat":[13044,13043],"product_tag":[],"class_list":{"0":"post-734698","1":"product","2":"type-product","3":"status-publish","5":"product_cat-dunya-ekonomisi","6":"product_cat-ekonomi","7":"pa_cilt-ciltsiz","8":"pa_tur-kitap","9":"pa_yayinevi-tellekt","10":"pa_yazar-robert-skidelsky","12":"first","13":"instock","14":"sale","15":"shipping-taxable","16":"purchasable","17":"product-type-simple"},"_links":{"self":[{"href":"https:\/\/roveyayinevi.com.tr\/index.php\/wp-json\/wp\/v2\/product\/734698","targetHints":{"allow":["GET"]}}],"collection":[{"href":"https:\/\/roveyayinevi.com.tr\/index.php\/wp-json\/wp\/v2\/product"}],"about":[{"href":"https:\/\/roveyayinevi.com.tr\/index.php\/wp-json\/wp\/v2\/types\/product"}],"wp:attachment":[{"href":"https:\/\/roveyayinevi.com.tr\/index.php\/wp-json\/wp\/v2\/media?parent=734698"}],"wp:term":[{"taxonomy":"product_brand","embeddable":true,"href":"https:\/\/roveyayinevi.com.tr\/index.php\/wp-json\/wp\/v2\/product_brand?post=734698"},{"taxonomy":"product_cat","embeddable":true,"href":"https:\/\/roveyayinevi.com.tr\/index.php\/wp-json\/wp\/v2\/product_cat?post=734698"},{"taxonomy":"product_tag","embeddable":true,"href":"https:\/\/roveyayinevi.com.tr\/index.php\/wp-json\/wp\/v2\/product_tag?post=734698"}],"curies":[{"name":"wp","href":"https:\/\/api.w.org\/{rel}","templated":true}]}}