{"id":734695,"date":"2025-08-27T22:33:16","date_gmt":"2025-08-27T19:33:16","guid":{"rendered":"https:\/\/roveyayinevi.com.tr\/index.php\/urun\/neli-buzgibi-ve-buyuk-bela-2-kitap\/"},"modified":"2026-04-16T02:42:46","modified_gmt":"2026-04-15T23:42:46","slug":"neli-buzgibi-ve-buyuk-bela-2-kitap","status":"publish","type":"product","link":"https:\/\/roveyayinevi.com.tr\/index.php\/urun\/neli-buzgibi-ve-buyuk-bela-2-kitap\/","title":{"rendered":"Neli Buzgibi ve B\u00fcy\u00fck Bela &#8211; 2. Kitap"},"content":{"rendered":"<p>Kutuplar aras\u0131, buz gibi bir macera!T\u00fcm penguenler so\u011fuk hava ko\u015fullar\u0131nda ya\u015far, bir ku\u015f t\u00fcr\u00fc olduklar\u0131 i\u00e7in u\u00e7abilir ve pek tabii ki y\u00fczemezler diye d\u00fc\u015f\u00fcn\u00fcyorsan\u0131z; penguenler hakk\u0131ndaki bilgilerinizi yeniden g\u00f6zden ge\u00e7irmenizde yarar var. Do\u011fru bildi\u011finiz yanl\u0131\u015flar, belki de d\u00fcnyan\u0131n en \u00fcnl\u00fc k\u00e2\u015fif pengueni Neli Buzgibi ile hen\u00fcz kar\u015f\u0131la\u015fmad\u0131\u011f\u0131n\u0131z i\u00e7in olabilir&#8230;Neli, g\u00f6zlerinin \u00fczerinden sa\u00e7ak sa\u00e7ak f\u0131\u015fk\u0131ran sar\u0131 t\u00fcyleri ile hemen fark edilebilecek bir makaroni pengueni. O da nas\u0131lm\u0131\u015f diye sordu\u011funuza g\u00f6re; yery\u00fcz\u00fcnde ya\u015fayan tam on yedi de\u011fi\u015fik penguen t\u00fcr\u00fc oldu\u011funu da bilmiyorsunuz anla\u015f\u0131lan.O h\u00e2lde Neli Buzgibi ile tan\u0131\u015fman\u0131n vakti geldi de ge\u00e7iyor bile&#8230; Neli, hem \u00c7OK ilgin\u00e7 hem de BENZERS\u0130Z bir penguen! S\u00f6ylesenize, hangi penguen ya\u015fad\u0131\u011f\u0131 G\u00fcney Kutbu&#8217;ndan tam olarak, yirmi bin be\u015f y\u00fcz kilometre uza\u011fa, ta Kuzey Kutbu&#8217;na yolculuk yapabilir ki!?\u0130ngiltere&#8217;de eserleri 200 binden fazla satan ve pek \u00e7ok \u00f6d\u00fcle de\u011fer g\u00f6r\u00fclen Jeremy Strong&#8217;un, &#8221;Sen de Oku&#8221; koleksiyonuna eklenen \u00fc\u00e7 kitapl\u0131k &#8221;Neli Buzgibi&#8221; serisi, k\u00fc\u00e7\u00fck okurlar\u0131na kat\u0131ks\u0131z bir kahkaha tufan\u0131 vadediyor, \u00e7evreye kar\u015f\u0131 duyarl\u0131l\u0131klar\u0131n\u0131 art\u0131r\u0131yor. Ve belki en \u00f6nemlisi; k\u00fc\u00e7\u00fck bir penguenin korkular\u0131yla y\u00fczle\u015ftik\u00e7e ve kar\u015f\u0131s\u0131na \u00e7\u0131kan engelleri a\u015ft\u0131k\u00e7a (bazen tesad\u00fcfen bile olsa!) ge\u00e7irdi\u011fi h\u0131zl\u0131 de\u011fi\u015fimi ve nas\u0131l da g\u00f6z\u00fc pek bir cesaret timsaline d\u00f6n\u00fc\u015ft\u00fc\u011f\u00fcn\u00fc g\u00f6steriyor.<\/p>\n","protected":false},"excerpt":{"rendered":"<p>Kutuplar aras\u0131, buz gibi bir macera!T\u00fcm penguenler so\u011fuk hava ko\u015fullar\u0131nda ya\u015far, bir ku\u015f t\u00fcr\u00fc olduklar\u0131 i\u00e7in u\u00e7abilir ve pek tabii ki y\u00fczemezler diye d\u00fc\u015f\u00fcn\u00fcyorsan\u0131z; penguenler hakk\u0131ndaki<span class=\"excerpt-hellip\"> [\u2026]<\/span><\/p>\n","protected":false},"featured_media":0,"template":"","meta":{"_monsterinsights_skip_tracking":false,"_monsterinsights_sitenote_active":false,"_monsterinsights_sitenote_note":"","_monsterinsights_sitenote_category":0},"product_brand":[],"product_cat":[12275,12274],"product_tag":[],"class_list":{"0":"post-734695","1":"product","2":"type-product","3":"status-publish","5":"product_cat-6-12-yas-kitaplari","6":"product_cat-cocuk-ve-genclik-kitaplari","7":"pa_cilt-ciltsiz","8":"pa_tur-kitap","9":"pa_yayinevi-tudem-yayinlari","10":"pa_yazar-jeremy-strong","12":"first","13":"instock","14":"sale","15":"shipping-taxable","16":"purchasable","17":"product-type-simple"},"_links":{"self":[{"href":"https:\/\/roveyayinevi.com.tr\/index.php\/wp-json\/wp\/v2\/product\/734695","targetHints":{"allow":["GET"]}}],"collection":[{"href":"https:\/\/roveyayinevi.com.tr\/index.php\/wp-json\/wp\/v2\/product"}],"about":[{"href":"https:\/\/roveyayinevi.com.tr\/index.php\/wp-json\/wp\/v2\/types\/product"}],"wp:attachment":[{"href":"https:\/\/roveyayinevi.com.tr\/index.php\/wp-json\/wp\/v2\/media?parent=734695"}],"wp:term":[{"taxonomy":"product_brand","embeddable":true,"href":"https:\/\/roveyayinevi.com.tr\/index.php\/wp-json\/wp\/v2\/product_brand?post=734695"},{"taxonomy":"product_cat","embeddable":true,"href":"https:\/\/roveyayinevi.com.tr\/index.php\/wp-json\/wp\/v2\/product_cat?post=734695"},{"taxonomy":"product_tag","embeddable":true,"href":"https:\/\/roveyayinevi.com.tr\/index.php\/wp-json\/wp\/v2\/product_tag?post=734695"}],"curies":[{"name":"wp","href":"https:\/\/api.w.org\/{rel}","templated":true}]}}