{"id":734694,"date":"2025-08-27T22:33:15","date_gmt":"2025-08-27T19:33:15","guid":{"rendered":"https:\/\/roveyayinevi.com.tr\/index.php\/urun\/uyanis-masallari\/"},"modified":"2026-04-16T02:42:46","modified_gmt":"2026-04-15T23:42:46","slug":"uyanis-masallari","status":"publish","type":"product","link":"https:\/\/roveyayinevi.com.tr\/index.php\/urun\/uyanis-masallari\/","title":{"rendered":"Uyan\u0131\u015f Masallar\u0131"},"content":{"rendered":"<p>\u201cBen bir yol \u00e2\u015f\u0131\u011f\u0131y\u0131m\u201d diyen Arbil \u00c7elen Yuca, dokuz masaldan olu\u015fan bu kitapta, her biri biricik olan masallar\u0131n\u0131n e\u015fsiz kahramanlar\u0131n\u0131n yolculu\u011funa sizleri de ortak ediyor. Masallar\u0131n geni\u015fledik\u00e7e d\u00fc\u011f\u00fcmlenen, d\u00fc\u011f\u00fcmlendik\u00e7e efsunlanan evreninde kaybolmaya, kayboldu\u011funuz yerden yeniden do\u011fmaya, daimi aray\u0131\u015f\u0131n\u0131za \u015fifa bulmaya davetlisiniz. <\/p>\n","protected":false},"excerpt":{"rendered":"<p>\u201cBen bir yol \u00e2\u015f\u0131\u011f\u0131y\u0131m\u201d diyen Arbil \u00c7elen Yuca, dokuz masaldan olu\u015fan bu kitapta, her biri biricik olan masallar\u0131n\u0131n e\u015fsiz kahramanlar\u0131n\u0131n yolculu\u011funa sizleri de ortak ediyor. Masallar\u0131n<span class=\"excerpt-hellip\"> [\u2026]<\/span><\/p>\n","protected":false},"featured_media":0,"template":"","meta":{"_monsterinsights_skip_tracking":false,"_monsterinsights_sitenote_active":false,"_monsterinsights_sitenote_note":"","_monsterinsights_sitenote_category":0},"product_brand":[],"product_cat":[12291,13706],"product_tag":[],"class_list":{"0":"post-734694","1":"product","2":"type-product","3":"status-publish","5":"product_cat-edebiyat","6":"product_cat-efsane-destan-masal","7":"pa_cilt-ciltsiz","8":"pa_tur-kitap","9":"pa_yayinevi-kara-karga-yayinlari","10":"pa_yazar-arbil-celen-yuca","12":"first","13":"instock","14":"sale","15":"shipping-taxable","16":"purchasable","17":"product-type-simple"},"_links":{"self":[{"href":"https:\/\/roveyayinevi.com.tr\/index.php\/wp-json\/wp\/v2\/product\/734694","targetHints":{"allow":["GET"]}}],"collection":[{"href":"https:\/\/roveyayinevi.com.tr\/index.php\/wp-json\/wp\/v2\/product"}],"about":[{"href":"https:\/\/roveyayinevi.com.tr\/index.php\/wp-json\/wp\/v2\/types\/product"}],"wp:attachment":[{"href":"https:\/\/roveyayinevi.com.tr\/index.php\/wp-json\/wp\/v2\/media?parent=734694"}],"wp:term":[{"taxonomy":"product_brand","embeddable":true,"href":"https:\/\/roveyayinevi.com.tr\/index.php\/wp-json\/wp\/v2\/product_brand?post=734694"},{"taxonomy":"product_cat","embeddable":true,"href":"https:\/\/roveyayinevi.com.tr\/index.php\/wp-json\/wp\/v2\/product_cat?post=734694"},{"taxonomy":"product_tag","embeddable":true,"href":"https:\/\/roveyayinevi.com.tr\/index.php\/wp-json\/wp\/v2\/product_tag?post=734694"}],"curies":[{"name":"wp","href":"https:\/\/api.w.org\/{rel}","templated":true}]}}