{"id":734688,"date":"2025-08-27T22:33:09","date_gmt":"2025-08-27T19:33:09","guid":{"rendered":"https:\/\/roveyayinevi.com.tr\/index.php\/urun\/gulukan-siirler\/"},"modified":"2026-04-16T02:42:46","modified_gmt":"2026-04-15T23:42:46","slug":"gulukan-siirler","status":"publish","type":"product","link":"https:\/\/roveyayinevi.com.tr\/index.php\/urun\/gulukan-siirler\/","title":{"rendered":"G\u00fcl\u00fckan &#8211; \u015eiirler"},"content":{"rendered":"<p>do\u011frudur ne rak\u0131 sarho\u015f eder \u015fi\u015fesini ne de oca\u011f\u0131n\u0131 yakar ate\u015f ama yak\u0131nd\u0131r, g\u00f6sterece\u011fiz ate\u015fi de yakar ate\u015f   Halis Y\u0131ld\u0131r\u0131m   ***     Bir hukuk\u00e7unun, ya\u015fam savunucusu birinin yaralar\u0131ndan ne \u015fiirler akm\u0131\u015f me\u011fer. A\u015fk olsun sana Halis Y\u0131ld\u0131r\u0131m! A\u015fk olsun! Bir k\u0131y\u0131dan b\u00fct\u00fcn denizlere, bir tepeden b\u00fct\u00fcn insanlara karde\u015f y\u00fcre\u011fini g\u00f6rd\u00fcm \u015fiirlerini okuyunca. Ya\u015fam\u0131n\u0131 \u015fiire, \u015fiirine ya\u015fam\u0131n\u0131 tan\u0131k g\u00f6stermi\u015fsin. G\u00fcl\u00fckan ne g\u00fczel bir kitap ad\u0131 \u00f6yle. Bir \u00f6mr\u00fc s\u0131rtlanm\u0131\u015f \u015fiirlerden olu\u015fturmu\u015fsun G\u00fcl\u00fckan\u2019\u0131. \u015eiirler ya\u015famdan, ya\u015fam\u0131n t\u00fcm hallerinden sa\u011f\u0131lm\u0131\u015f sevin\u00e7 \u015fark\u0131lar\u0131. Ayazlara tutmu\u015fsun \u015fiirlerine ald\u0131\u011f\u0131n s\u00f6zc\u00fckleri\u2026 Da\u011f esintilerine, uzay\u0131p giden yollar\u0131n \u00f6zlemine, \u0131rmaklar\u0131n h\u0131z\u0131na, dalgalar\u0131na denizlerin\u2026 Bu y\u00fczden derelerin karde\u015fli\u011fi kokuyor \u015fiirlerin. Ve de a\u011fa\u00e7lar\u0131n, kurdun ku\u015fun, b\u00f6rt\u00fc b\u00f6ce\u011fin ve sincaplar\u0131n diliyle s\u00f6yle\u015fmi\u015fsin bir g\u00fczel. Kimi yerde \u00e7ocuklu\u011funa yakla\u015fm\u0131\u015f, \u015fehirle \u015fiir aras\u0131na a\u015fklar serpi\u015ftirmi\u015fsin. M\u00fcmk\u00fcn hayatlara, m\u00fcmk\u00fcn insan ili\u015fkilerine s\u00fcrt\u00fcnm\u00fc\u015fs\u00fcn s\u00f6zc\u00fcklerin i\u00e7inden ge\u00e7erken. Duyarl\u0131klar kazm\u0131\u015fs\u0131n; insanl\u0131k, insanl\u0131ktan d\u00fc\u015fmesin diye\u2026 Ya\u015fanmam\u0131\u015f a\u015fklara, kurulmam\u0131\u015f d\u00fcnyalara ili\u015fmi\u015f g\u00f6z\u00fcn. Akl\u0131n bilinenlerin, g\u00f6r\u00fclenlerin \u00f6telerine sarkm\u0131\u015f. Bir yolcusun belli ki\u2026 Arka \u00e7\u0131k\u0131lmam\u0131\u015f d\u00fc\u015f\u00fcncelere arka \u00e7\u0131kmak i\u00e7in bir yolculuk ba\u015flatm\u0131\u015fs\u0131n kendinde bu y\u00fczden. Ta kalbinden beri\u2026 Zaten insan\u0131n en uzun yolculu\u011fu kendine de\u011fil mi? Hi\u00e7 bitmeyen\u2026 \u0130ddia ediyorum ki \u00e7\u00f6l\u00fc ye\u015fertecek kuyunun yerini de biliyorsun sen! \u015eiirlerine ili\u015fkin bir \u015fey daha: \u00d6zg\u00fcrl\u00fc\u011f\u00fcn, kayna\u011f\u0131n\u0131 ba\u015fkalar\u0131n\u0131n ya\u015fam hakk\u0131n\u0131 ve do\u011fay\u0131 savunmaktan al\u0131yor. Ya\u015fam\u0131nla ve \u015fiirlerinle kan\u0131t\u0131n odur ki insan olmak do\u011fu\u015ftan kazan\u0131lan bir edim de\u011fil. G\u00fcl\u00fckan\u2019\u0131 \u015fiirseverler de \u00e7ok be\u011fenecek. Hatta hi\u00e7 \u015fiir karalamam\u0131\u015f olanlar bile bir \u015feyler yazmay\u0131 ge\u00e7irecek i\u00e7inden. S\u00f6zc\u00fcklere s\u0131\u011f\u0131nmaya kalkacak belki de. \u015eiirde, ya\u015famda, a\u015fkta ve kavgada ustala\u015fm\u0131\u015f olanlar da \u00e7ok \u015fey bulacak G\u00fcl\u00fckan\u2019\u0131n labirentlerinde gezinirken. Dedim ya! A\u015fk olsun sana Halis Y\u0131ld\u0131r\u0131m! A\u015fk olsun!   Hayrettin Ge\u00e7kin <\/p>\n","protected":false},"excerpt":{"rendered":"<p>do\u011frudur ne rak\u0131 sarho\u015f eder \u015fi\u015fesini ne de oca\u011f\u0131n\u0131 yakar ate\u015f ama yak\u0131nd\u0131r, g\u00f6sterece\u011fiz ate\u015fi de yakar ate\u015f Halis Y\u0131ld\u0131r\u0131m *** Bir hukuk\u00e7unun, ya\u015fam savunucusu birinin<span class=\"excerpt-hellip\"> [\u2026]<\/span><\/p>\n","protected":false},"featured_media":0,"template":"","meta":{"_monsterinsights_skip_tracking":false,"_monsterinsights_sitenote_active":false,"_monsterinsights_sitenote_note":"","_monsterinsights_sitenote_category":0},"product_brand":[],"product_cat":[12291,12509],"product_tag":[],"class_list":{"0":"post-734688","1":"product","2":"type-product","3":"status-publish","5":"product_cat-edebiyat","6":"product_cat-siir","7":"pa_cilt-ciltsiz","8":"pa_tur-kitap","9":"pa_yayinevi-kalkedon-yayincilik","10":"pa_yazar-halis-yildirim","12":"first","13":"instock","14":"sale","15":"shipping-taxable","16":"purchasable","17":"product-type-simple"},"_links":{"self":[{"href":"https:\/\/roveyayinevi.com.tr\/index.php\/wp-json\/wp\/v2\/product\/734688","targetHints":{"allow":["GET"]}}],"collection":[{"href":"https:\/\/roveyayinevi.com.tr\/index.php\/wp-json\/wp\/v2\/product"}],"about":[{"href":"https:\/\/roveyayinevi.com.tr\/index.php\/wp-json\/wp\/v2\/types\/product"}],"wp:attachment":[{"href":"https:\/\/roveyayinevi.com.tr\/index.php\/wp-json\/wp\/v2\/media?parent=734688"}],"wp:term":[{"taxonomy":"product_brand","embeddable":true,"href":"https:\/\/roveyayinevi.com.tr\/index.php\/wp-json\/wp\/v2\/product_brand?post=734688"},{"taxonomy":"product_cat","embeddable":true,"href":"https:\/\/roveyayinevi.com.tr\/index.php\/wp-json\/wp\/v2\/product_cat?post=734688"},{"taxonomy":"product_tag","embeddable":true,"href":"https:\/\/roveyayinevi.com.tr\/index.php\/wp-json\/wp\/v2\/product_tag?post=734688"}],"curies":[{"name":"wp","href":"https:\/\/api.w.org\/{rel}","templated":true}]}}