{"id":734687,"date":"2025-08-27T22:33:08","date_gmt":"2025-08-27T19:33:08","guid":{"rendered":"https:\/\/roveyayinevi.com.tr\/index.php\/urun\/nikomed-ciltli\/"},"modified":"2026-04-16T02:42:46","modified_gmt":"2026-04-15T23:42:46","slug":"nikomed-ciltli","status":"publish","type":"product","link":"https:\/\/roveyayinevi.com.tr\/index.php\/urun\/nikomed-ciltli\/","title":{"rendered":"Nikomed (Ciltli)"},"content":{"rendered":"<p>Corneille\u2019in kahramanlar\u0131 muhtelif milletlere mensuptur ve muhtelif devirlerde ya\u015fam\u0131\u015flard\u0131r. Onun i\u00e7in hemen her piyesinin mevzusu ba\u015fka bir memlekette ge\u00e7er. T\u0131pk\u0131 Abd\u00fclhak Hamit\u2019te oldu\u011fu gibi, Corneille k\u00fclliyat\u0131nda da hem \u015fark vard\u0131r hem garp&#8230; Bir\u00e7ok milletler Corneille\u2019in k\u00fclliyat\u0131nda kendi kahramanlar\u0131ndan birini yahut bir ikisini bulabilirler.  Mesela La Cid \u0130spanya\u2019da, Cinna Roma\u2019da, Polyeucte Malatya\u2019da ve bug\u00fcn ne\u015fretti\u011fimiz Nicom\u00e9de de \u0130zmit\u2019te ge\u00e7en bir vaka tasvir eder. Corneille, Nikomed\u2019in mevzusunu ikinci as\u0131r Latin m\u00fcverrihlerinden Justin\u2019in tarihinden alm\u0131\u015f. Bunu piyesin mukaddimesinde kendisi s\u00f6yl\u00fcyor ve hatta istinat etti\u011fi birka\u00e7 sat\u0131rl\u0131k f\u0131kray\u0131 aynen der\u00e7 ediyor. \u0130\u015fte o f\u0131kra: Bitinya Kral\u0131 Pr\u00fcsyas o\u011flu Nikomed\u2019i \u00f6ld\u00fcrt\u00fcp onun yerine ba\u015fka bir kad\u0131ndan olan ve Roma\u2019da yeti\u015fen \u00f6teki o\u011fullar\u0131n\u0131 ge\u00e7irmek istedi; fakat kral\u0131n bu tasavvuru, tatbikine memur etti\u011fi adamlar taraf\u0131ndan gen\u00e7 prense if\u015fa edildi; bu adamlar yaln\u0131z bununla kanaat etmeyip Prens Nikomed\u2019i o zalim babaya kar\u015f\u0131 mukabele-i bi\u2019l-misile ve kendi kurdu\u011fu tuza\u011fa kendisini d\u00fc\u015f\u00fcrmeye te\u015fvik edip prensi kolayca kand\u0131rd\u0131lar. Bunun \u00fczerine Prens Nikomed kendisini yan\u0131na \u00e7a\u011f\u0131ran babas\u0131n\u0131n davetine icabetle onun \u00fclkesine girer girmez kral ilan edildi; taht\u0131ndan indirilen Pr\u00fcsyas\u2019a hizmet\u00e7ileri bile y\u00fcz \u00e7evirdi; her ne kadar gizlenmeye \u00e7al\u0131\u015ft\u0131ysa da nihayet yakalan\u0131p o\u011flu taraf\u0131ndan \u00f6ld\u00fcr\u00fcld\u00fc ve kendisinin o\u011flunu \u00f6ld\u00fcrtmek i\u00e7in verdi\u011fi emir a\u011f\u0131rl\u0131\u011f\u0131nda bir cinayetle hayat\u0131na nihayet verilmi\u015f oldu&#8230; Corneille i\u0307\u015fte bu baba katili prensin manevi heykelini eline ald\u0131. Uzun uzad\u0131ya yontup i\u015fledi; b\u00fct\u00fcn p\u00fcr\u00fczleri ile kabal\u0131klar\u0131n\u0131, b\u00fct\u00fcn cinayetlerini yonttu, b\u00fct\u00fcn kan lekelerini kaz\u0131d\u0131, kalbindeki vah\u015feti \u00e7\u0131kar\u0131p yerine faziletle merhamet doldurdu ve nihayet bir barbardan ideal bir kahraman \u00e7\u0131karm\u0131\u015f oldu! Nikomed, Corneille\u2019in yirmi birinci piyesi ve on yedinci as\u0131r sahnesinde kendisine zafer alk\u0131\u015flar\u0131 temin eden \u015faheserlerinin sonuncusudur.  Bu eser ilk defa olarak 1651 senesi Kanunisani\u2019sinde o zamanki Hotel de Bourgogne Tiyatrosu\u2019nda temsil edilmi\u015ftir. Bu ilk temsilinden itibaren pek \u00e7ok be\u011fenilen bu nefis eseri Moli\u00e9re, de Louvre Saray\u0131\u2019nda kral\u0131n\u0131n huzurunda oynam\u0131\u015f ve \u00fc\u00e7\u00fcnc\u00fc perdesinin sonunda krall\u0131k \u015fekli hakk\u0131nda biraz dokunakl\u0131 imalar bulundu\u011fu halde, kral taraf\u0131ndan bile alk\u0131\u015flanm\u0131\u015ft\u0131r!Zaten Corneille\u2019in en sevdi\u011fi eserlerinden biri de budur. Kendisi bu fikrini \u015f\u00f6yle anlat\u0131r:\u201cBu oyunun en sevdi\u011fim oyunum oldu\u011fu ger\u00e7e\u011fini saklayamam.\u201d \u0130smail Hami Dani\u015fmend<\/p>\n","protected":false},"excerpt":{"rendered":"<p>Corneille\u2019in kahramanlar\u0131 muhtelif milletlere mensuptur ve muhtelif devirlerde ya\u015fam\u0131\u015flard\u0131r. Onun i\u00e7in hemen her piyesinin mevzusu ba\u015fka bir memlekette ge\u00e7er. T\u0131pk\u0131 Abd\u00fclhak Hamit\u2019te oldu\u011fu gibi, Corneille k\u00fclliyat\u0131nda<span class=\"excerpt-hellip\"> [\u2026]<\/span><\/p>\n","protected":false},"featured_media":0,"template":"","meta":{"_monsterinsights_skip_tracking":false,"_monsterinsights_sitenote_active":false,"_monsterinsights_sitenote_note":"","_monsterinsights_sitenote_category":0},"product_brand":[],"product_cat":[12291,14272],"product_tag":[],"class_list":{"0":"post-734687","1":"product","2":"type-product","3":"status-publish","5":"product_cat-edebiyat","6":"product_cat-tiyatro","7":"pa_cilt-ciltli","8":"pa_tur-kitap","9":"pa_yayinevi-otuken-nesriyat","10":"pa_yazar-pierre-corneille","12":"first","13":"instock","14":"sale","15":"shipping-taxable","16":"purchasable","17":"product-type-simple"},"_links":{"self":[{"href":"https:\/\/roveyayinevi.com.tr\/index.php\/wp-json\/wp\/v2\/product\/734687","targetHints":{"allow":["GET"]}}],"collection":[{"href":"https:\/\/roveyayinevi.com.tr\/index.php\/wp-json\/wp\/v2\/product"}],"about":[{"href":"https:\/\/roveyayinevi.com.tr\/index.php\/wp-json\/wp\/v2\/types\/product"}],"wp:attachment":[{"href":"https:\/\/roveyayinevi.com.tr\/index.php\/wp-json\/wp\/v2\/media?parent=734687"}],"wp:term":[{"taxonomy":"product_brand","embeddable":true,"href":"https:\/\/roveyayinevi.com.tr\/index.php\/wp-json\/wp\/v2\/product_brand?post=734687"},{"taxonomy":"product_cat","embeddable":true,"href":"https:\/\/roveyayinevi.com.tr\/index.php\/wp-json\/wp\/v2\/product_cat?post=734687"},{"taxonomy":"product_tag","embeddable":true,"href":"https:\/\/roveyayinevi.com.tr\/index.php\/wp-json\/wp\/v2\/product_tag?post=734687"}],"curies":[{"name":"wp","href":"https:\/\/api.w.org\/{rel}","templated":true}]}}