{"id":734685,"date":"2025-08-27T22:33:06","date_gmt":"2025-08-27T19:33:06","guid":{"rendered":"https:\/\/roveyayinevi.com.tr\/index.php\/urun\/dinleme-ve-egitimi\/"},"modified":"2026-04-16T02:42:46","modified_gmt":"2026-04-15T23:42:46","slug":"dinleme-ve-egitimi","status":"publish","type":"product","link":"https:\/\/roveyayinevi.com.tr\/index.php\/urun\/dinleme-ve-egitimi\/","title":{"rendered":"Dinleme ve E\u011fitimi"},"content":{"rendered":"<p>Bu kitap dinleme becerisini tan\u0131tmay\u0131 ve bu becerinin nas\u0131l geli\u015ftirilece\u011fi konusunda belli bir \u00e7er\u00e7eve sunmay\u0131 ama\u00e7lamaktad\u0131r. Kitab\u0131n ilk b\u00f6l\u00fcmlerinde dinlemenin hangi bile\u015fenlerden olu\u015ftu\u011fu, ne t\u00fcr bir i\u015fleyi\u015finin oldu\u011fu, nas\u0131l bir geli\u015fim g\u00f6sterdi\u011fi a\u00e7\u0131klanm\u0131\u015ft\u0131r. Sonraki b\u00f6l\u00fcmlerde dinleme modelleri tan\u0131t\u0131lm\u0131\u015f, dinleme metinlerinin ve ara\u00e7lar\u0131n\u0131n nitelikleri \u00fcst\u00fcnde durulmu\u015ftur. Dinleme \u00f6\u011fretiminin nas\u0131l y\u00fcr\u00fct\u00fclece\u011fi, dinleme izlemleri, dinleme yetisini de\u011ferlendirme bi\u00e7imleri bilimsel \u00e7al\u0131\u015fmalar\u0131n bulgular\u0131 e\u015fli\u011finde \u00f6rneklerle ve somutla\u015ft\u0131r\u0131larak ele al\u0131nm\u0131\u015ft\u0131r. Ak\u0131c\u0131 dinleme kavram\u0131na ili\u015fkin geni\u015f bilgi verilmi\u015f ve dinleme alan\u0131nda yap\u0131lan \u00e7al\u0131\u015fmalar de\u011ferlendirilmi\u015ftir. Kitapta dinleme ve e\u011fitimine ili\u015fkin geni\u015f ve tutarl\u0131 bir \u00e7er\u00e7eve olu\u015fturulmu\u015f, \u00f6\u011fretmen adaylar\u0131n\u0131n ve ara\u015ft\u0131rmac\u0131lar\u0131n dinlemeye y\u00f6nelik \u00e7al\u0131\u015fmalar\u0131na katk\u0131 sunmak ama\u00e7lanm\u0131\u015ft\u0131r.<\/p>\n","protected":false},"excerpt":{"rendered":"<p>Bu kitap dinleme becerisini tan\u0131tmay\u0131 ve bu becerinin nas\u0131l geli\u015ftirilece\u011fi konusunda belli bir \u00e7er\u00e7eve sunmay\u0131 ama\u00e7lamaktad\u0131r. Kitab\u0131n ilk b\u00f6l\u00fcmlerinde dinlemenin hangi bile\u015fenlerden olu\u015ftu\u011fu, ne t\u00fcr bir<span class=\"excerpt-hellip\"> [\u2026]<\/span><\/p>\n","protected":false},"featured_media":0,"template":"","meta":{"_monsterinsights_skip_tracking":false,"_monsterinsights_sitenote_active":false,"_monsterinsights_sitenote_note":"","_monsterinsights_sitenote_category":0},"product_brand":[],"product_cat":[12573,12566],"product_tag":[],"class_list":{"0":"post-734685","1":"product","2":"type-product","3":"status-publish","5":"product_cat-akademik-kitaplar","6":"product_cat-egitim","7":"pa_cilt-ciltsiz","8":"pa_tur-kitap","9":"pa_yayinevi-ani-yayincilik","10":"pa_yazar-nihat-bayat","12":"first","13":"instock","14":"sale","15":"shipping-taxable","16":"purchasable","17":"product-type-simple"},"_links":{"self":[{"href":"https:\/\/roveyayinevi.com.tr\/index.php\/wp-json\/wp\/v2\/product\/734685","targetHints":{"allow":["GET"]}}],"collection":[{"href":"https:\/\/roveyayinevi.com.tr\/index.php\/wp-json\/wp\/v2\/product"}],"about":[{"href":"https:\/\/roveyayinevi.com.tr\/index.php\/wp-json\/wp\/v2\/types\/product"}],"wp:attachment":[{"href":"https:\/\/roveyayinevi.com.tr\/index.php\/wp-json\/wp\/v2\/media?parent=734685"}],"wp:term":[{"taxonomy":"product_brand","embeddable":true,"href":"https:\/\/roveyayinevi.com.tr\/index.php\/wp-json\/wp\/v2\/product_brand?post=734685"},{"taxonomy":"product_cat","embeddable":true,"href":"https:\/\/roveyayinevi.com.tr\/index.php\/wp-json\/wp\/v2\/product_cat?post=734685"},{"taxonomy":"product_tag","embeddable":true,"href":"https:\/\/roveyayinevi.com.tr\/index.php\/wp-json\/wp\/v2\/product_tag?post=734685"}],"curies":[{"name":"wp","href":"https:\/\/api.w.org\/{rel}","templated":true}]}}