{"id":734684,"date":"2025-08-27T22:33:05","date_gmt":"2025-08-27T19:33:05","guid":{"rendered":"https:\/\/roveyayinevi.com.tr\/index.php\/urun\/dunyanin-en-guzel-muzigi\/"},"modified":"2026-04-16T02:42:46","modified_gmt":"2026-04-15T23:42:46","slug":"dunyanin-en-guzel-muzigi","status":"publish","type":"product","link":"https:\/\/roveyayinevi.com.tr\/index.php\/urun\/dunyanin-en-guzel-muzigi\/","title":{"rendered":"D\u00fcnyan\u0131n En G\u00fczel M\u00fczi\u011fi"},"content":{"rendered":"<p>&#8220;Hi\u00e7 d\u00fc\u015f\u00fcnd\u00fcn m\u00fc kalbini \u0131s\u0131tan o sesleri? Sence insan en g\u00fczel melodiyi nerede bulur?&#8221; Hi\u00e7bir \u015fey ayn\u0131 kalmaz, her \u015fey d\u00f6n\u00fc\u015f\u00fcr. E\u015fyalar, insanlar ve do\u011fa&#8230; Peki fark\u0131nda m\u0131s\u0131n bu d\u00f6n\u00fc\u015f\u00fcm\u00fcn? Dinle! \u0130\u00e7ini \u0131s\u0131tan o m\u00fczi\u011fi dinle ve ba\u015fka bir a\u00e7\u0131dan yeniden bak etraf\u0131na. \u0130\u015fte o zaman sonsuz g\u00f6ky\u00fcz\u00fcne kanat a\u00e7an bir ku\u015f gibi hissedeceksin. Sesleri dinlemek, kendini dinlemek, sevdiklerini dinlemek ve ya\u015fam d\u00f6ng\u00fcs\u00fc hakk\u0131nda bir fark\u0131ndal\u0131k \u00f6yk\u00fcs\u00fc&#8230; <\/p>\n","protected":false},"excerpt":{"rendered":"<p>&#8220;Hi\u00e7 d\u00fc\u015f\u00fcnd\u00fcn m\u00fc kalbini \u0131s\u0131tan o sesleri? Sence insan en g\u00fczel melodiyi nerede bulur?&#8221; Hi\u00e7bir \u015fey ayn\u0131 kalmaz, her \u015fey d\u00f6n\u00fc\u015f\u00fcr. E\u015fyalar, insanlar ve do\u011fa&#8230; Peki<span class=\"excerpt-hellip\"> [\u2026]<\/span><\/p>\n","protected":false},"featured_media":0,"template":"","meta":{"_monsterinsights_skip_tracking":false,"_monsterinsights_sitenote_active":false,"_monsterinsights_sitenote_note":"","_monsterinsights_sitenote_category":0},"product_brand":[],"product_cat":[12275,12274],"product_tag":[],"class_list":{"0":"post-734684","1":"product","2":"type-product","3":"status-publish","5":"product_cat-6-12-yas-kitaplari","6":"product_cat-cocuk-ve-genclik-kitaplari","7":"pa_cilt-ciltsiz","8":"pa_tur-kitap","9":"pa_yayinevi-dogan-egmont-yayincilik","10":"pa_yazar-goknur-birincioglu","12":"first","13":"instock","14":"sale","15":"shipping-taxable","16":"purchasable","17":"product-type-simple"},"_links":{"self":[{"href":"https:\/\/roveyayinevi.com.tr\/index.php\/wp-json\/wp\/v2\/product\/734684","targetHints":{"allow":["GET"]}}],"collection":[{"href":"https:\/\/roveyayinevi.com.tr\/index.php\/wp-json\/wp\/v2\/product"}],"about":[{"href":"https:\/\/roveyayinevi.com.tr\/index.php\/wp-json\/wp\/v2\/types\/product"}],"wp:attachment":[{"href":"https:\/\/roveyayinevi.com.tr\/index.php\/wp-json\/wp\/v2\/media?parent=734684"}],"wp:term":[{"taxonomy":"product_brand","embeddable":true,"href":"https:\/\/roveyayinevi.com.tr\/index.php\/wp-json\/wp\/v2\/product_brand?post=734684"},{"taxonomy":"product_cat","embeddable":true,"href":"https:\/\/roveyayinevi.com.tr\/index.php\/wp-json\/wp\/v2\/product_cat?post=734684"},{"taxonomy":"product_tag","embeddable":true,"href":"https:\/\/roveyayinevi.com.tr\/index.php\/wp-json\/wp\/v2\/product_tag?post=734684"}],"curies":[{"name":"wp","href":"https:\/\/api.w.org\/{rel}","templated":true}]}}