{"id":734683,"date":"2025-08-27T22:33:04","date_gmt":"2025-08-27T19:33:04","guid":{"rendered":"https:\/\/roveyayinevi.com.tr\/index.php\/urun\/ruya-mucidi-ara\/"},"modified":"2026-04-16T02:42:46","modified_gmt":"2026-04-15T23:42:46","slug":"ruya-mucidi-ara","status":"publish","type":"product","link":"https:\/\/roveyayinevi.com.tr\/index.php\/urun\/ruya-mucidi-ara\/","title":{"rendered":"R\u00fcya Mucidi Ara"},"content":{"rendered":"<p>Gelece\u011fin m\u00fchendislerine hayallerini ger\u00e7ekle\u015ftirmeleri i\u00e7in ilham veren bir bili\u015fim hikayesi!   Y\u0131ld\u0131z M\u00fchendisi Ara, hayallerini ger\u00e7e\u011fe d\u00f6n\u00fc\u015ft\u00fcrme yolculu\u011funa devam ediyor. Ara\u2019n\u0131n hayalleri var, B\u00dcY\u00dcK hayalleri! R\u00fcyas\u0131nda g\u00f6rd\u00fc\u011f\u00fc hayalleri \u00e7\u00f6zmek ve saklayabilmek i\u00e7in kendine bir r\u00fcya dekoderi tasarl\u0131yor. Peki ama ya onun gibi b\u00fcy\u00fck hayalleri olan di\u011fer \u00e7ocuklar? Ara, \u00e7ok daha b\u00fcy\u00fck bir r\u00fcya dekoderi yapmak i\u00e7in insans\u0131 robotu DiDi\u2019yle s\u00fcper problem \u00e7\u00f6z\u00fcc\u00fclerden yard\u0131m al\u0131yor.<\/p>\n","protected":false},"excerpt":{"rendered":"<p>Gelece\u011fin m\u00fchendislerine hayallerini ger\u00e7ekle\u015ftirmeleri i\u00e7in ilham veren bir bili\u015fim hikayesi! Y\u0131ld\u0131z M\u00fchendisi Ara, hayallerini ger\u00e7e\u011fe d\u00f6n\u00fc\u015ft\u00fcrme yolculu\u011funa devam ediyor. Ara\u2019n\u0131n hayalleri var, B\u00dcY\u00dcK hayalleri! R\u00fcyas\u0131nda g\u00f6rd\u00fc\u011f\u00fc<span class=\"excerpt-hellip\"> [\u2026]<\/span><\/p>\n","protected":false},"featured_media":0,"template":"","meta":{"_monsterinsights_skip_tracking":false,"_monsterinsights_sitenote_active":false,"_monsterinsights_sitenote_note":"","_monsterinsights_sitenote_category":0},"product_brand":[],"product_cat":[12913,12274],"product_tag":[],"class_list":{"0":"post-734683","1":"product","2":"type-product","3":"status-publish","5":"product_cat-3-6-yas-kitaplari","6":"product_cat-cocuk-ve-genclik-kitaplari","7":"pa_cilt-ciltsiz","8":"pa_tur-kitap","9":"pa_yayinevi-dogan-egmont-yayincilik","10":"pa_yazar-komal-singh","12":"first","13":"instock","14":"sale","15":"shipping-taxable","16":"purchasable","17":"product-type-simple"},"_links":{"self":[{"href":"https:\/\/roveyayinevi.com.tr\/index.php\/wp-json\/wp\/v2\/product\/734683","targetHints":{"allow":["GET"]}}],"collection":[{"href":"https:\/\/roveyayinevi.com.tr\/index.php\/wp-json\/wp\/v2\/product"}],"about":[{"href":"https:\/\/roveyayinevi.com.tr\/index.php\/wp-json\/wp\/v2\/types\/product"}],"wp:attachment":[{"href":"https:\/\/roveyayinevi.com.tr\/index.php\/wp-json\/wp\/v2\/media?parent=734683"}],"wp:term":[{"taxonomy":"product_brand","embeddable":true,"href":"https:\/\/roveyayinevi.com.tr\/index.php\/wp-json\/wp\/v2\/product_brand?post=734683"},{"taxonomy":"product_cat","embeddable":true,"href":"https:\/\/roveyayinevi.com.tr\/index.php\/wp-json\/wp\/v2\/product_cat?post=734683"},{"taxonomy":"product_tag","embeddable":true,"href":"https:\/\/roveyayinevi.com.tr\/index.php\/wp-json\/wp\/v2\/product_tag?post=734683"}],"curies":[{"name":"wp","href":"https:\/\/api.w.org\/{rel}","templated":true}]}}